{"id":2908,"date":"2017-06-07T01:24:04","date_gmt":"2017-06-07T01:24:04","guid":{"rendered":"https:\/\/delcetino.eu\/del-cetino-authenthieke-olijfolie\/"},"modified":"2023-12-20T08:37:05","modified_gmt":"2023-12-20T08:37:05","slug":"del-cetino-aceite-virgen-extra-hecho-con-arte-delcetino-eu","status":"publish","type":"page","link":"https:\/\/delcetino.eu\/es\/","title":{"rendered":"Del Cetino Aceite Virgen Extra  Hecho con  Arte  Delcetino.eu"},"content":{"rendered":"<div id=\"g1-html-rotator-counter-1\" class=\"g1-html-rotator  g1-autoplay\" data-g1-rotate-items=\"1\" data-g1-timeout=\"1000\"><div class=\"g1-carousel-content\"><ul class=\"g1-carousel-items\">\r\n\r\n<li id=\"g1-carousel-item-counter-1\" class=\"g1-carousel-item \">\r\n\r\n<img loading=\"lazy\" decoding=\"async\" class=\"aligncenter wp-image-3121 size-full\" src=\"https:\/\/delcetino.eu\/wp-content\/uploads\/2019\/08\/del-cetino-golden-award-new-york.png\" alt=\"Del Cetino Golden Award New-York\" width=\"300\" height=\"300\" srcset=\"https:\/\/delcetino.eu\/wp-content\/uploads\/2019\/08\/del-cetino-golden-award-new-york.png 300w, https:\/\/delcetino.eu\/wp-content\/uploads\/2019\/08\/del-cetino-golden-award-new-york-100x100.png 100w, https:\/\/delcetino.eu\/wp-content\/uploads\/2019\/08\/del-cetino-golden-award-new-york-150x150.png 150w, https:\/\/delcetino.eu\/wp-content\/uploads\/2019\/08\/del-cetino-golden-award-new-york-239x239.png 239w, https:\/\/delcetino.eu\/wp-content\/uploads\/2019\/08\/del-cetino-golden-award-new-york-55x55.png 55w\" sizes=\"auto, (max-width: 300px) 100vw, 300px\" \/>\r\n\r\n<\/li>\r\n\r\n<li id=\"g1-carousel-item-counter-2\" class=\"g1-carousel-item \">\r\n\r\n<img loading=\"lazy\" decoding=\"async\" class=\"aligncenter size-full\" src=\"https:\/\/delcetino.eu\/wp-content\/uploads\/2019\/08\/del-cetino-golden-award-japan.png\" alt=\"Del Cetino Golden Award Japan 2019\" width=\"300\" height=\"300\">\r\n\r\n<\/li>\r\n\r\n<li id=\"g1-carousel-item-counter-3\" class=\"g1-carousel-item \">\r\n\r\n<img loading=\"lazy\" decoding=\"async\" class=\"aligncenter wp-image-3121 size-full\" src=\"https:\/\/delcetino.eu\/wp-content\/uploads\/2019\/09\/del-cetino-golden-award-plata-2019.png\" alt=\"Del Cetino Golden Award Cordoba 2019\" width=\"300\" height=\"300\">\r\n\r\n<\/li>\r\n\r\n<li id=\"g1-carousel-item-counter-4\" class=\"g1-carousel-item \">\r\n\r\n<img loading=\"lazy\" decoding=\"async\" class=\"aligncenter wp-image-3122 size-full\" src=\"https:\/\/delcetino.eu\/wp-content\/uploads\/2019\/09\/del-cetino-silver-award-plata-2019.png\" alt=\"De Cetino Silver Award Cordoba 2019\" width=\"300\" height=\"300\">\r\n\r\n<\/li>\r\n\r\n<li id=\"g1-carousel-item-counter-5\" class=\"g1-carousel-item \">\r\n\r\n<img loading=\"lazy\" decoding=\"async\" class=\"aligncenter wp-image-3123 size-full\" src=\"\/wp-content\/uploads\/2019\/09\/del-cetino-silver-award-cinve-2019.png\" alt=\"del cetino silver award spain 2019\" width=\"300\" height=\"300\">\r\n\r\n<\/li>\r\n\r\n<li id=\"g1-carousel-item-counter-6\" class=\"g1-carousel-item \">\r\n\r\n<img loading=\"lazy\" decoding=\"async\" class=\"aligncenter wp-image-3123 size-full\" src=\"https:\/\/delcetino.eu\/wp-content\/uploads\/2019\/09\/del-cetino-siver-award-london-2019.png\" alt=\"del cetino silver award spain 2019\" width=\"300\" height=\"300\">\r\n\r\n<\/li>\r\n\r\n<li id=\"g1-carousel-item-counter-7\" class=\"g1-carousel-item \">\r\n\r\n<img loading=\"lazy\" decoding=\"async\" class=\"aligncenter wp-image-3124 size-full\" src=\"https:\/\/delcetino.eu\/wp-content\/uploads\/2019\/08\/del-cetino-golden-award-spain.png\" alt=\"Del Cetino Golden Award Spain\" width=\"300\" height=\"300\" srcset=\"https:\/\/delcetino.eu\/wp-content\/uploads\/2019\/08\/del-cetino-golden-award-spain.png 300w, https:\/\/delcetino.eu\/wp-content\/uploads\/2019\/08\/del-cetino-golden-award-spain-100x100.png 100w, https:\/\/delcetino.eu\/wp-content\/uploads\/2019\/08\/del-cetino-golden-award-spain-150x150.png 150w, https:\/\/delcetino.eu\/wp-content\/uploads\/2019\/08\/del-cetino-golden-award-spain-239x239.png 239w, https:\/\/delcetino.eu\/wp-content\/uploads\/2019\/08\/del-cetino-golden-award-spain-55x55.png 55w\" sizes=\"auto, (max-width: 300px) 100vw, 300px\" \/>\r\n\r\n<\/li>\r\n\r\n<li id=\"g1-carousel-item-counter-8\" class=\"g1-carousel-item \">\r\n\r\n<img loading=\"lazy\" decoding=\"async\" class=\"aligncenter wp-image-3122 size-full\" src=\"https:\/\/delcetino.eu\/wp-content\/uploads\/2019\/08\/del-cetino-silver-award-spain.png\" alt=\"Del Cetino Sliver Award Spain 2018\" width=\"300\" height=\"300\">\r\n\r\n<\/li>\r\n\r\n<li id=\"g1-carousel-item-counter-9\" class=\"g1-carousel-item \">\r\n\r\n<img loading=\"lazy\" decoding=\"async\" class=\"aligncenter size-full\" src=\"https:\/\/delcetino.eu\/wp-content\/uploads\/2019\/09\/del-cetino-golden-award-new-york-2017-v2.png\" alt=\"Del Cetino Gold Award 2017\" width=\"300\" height=\"300\">\r\n\r\n<\/li>\r\n\r\n<\/ul><\/div><\/div>\n<h2 style=\"text-align: center;\"><img loading=\"lazy\" decoding=\"async\" class=\"size-full wp-image-2548 alignnone\" src=\"https:\/\/delcetino.eu\/wp-content\/uploads\/2014\/08\/checkbox-voordelen.gif\" alt=\"del cetino olive oil\" width=\"22\" height=\"20\" \/>\u00a0Aceite de oliva Virgen Extra seg\u00fan las tradiciones locales<br \/>\n<img loading=\"lazy\" decoding=\"async\" class=\"size-full wp-image-2548 alignnone\" src=\"https:\/\/delcetino.eu\/wp-content\/uploads\/2014\/08\/checkbox-voordelen.gif\" alt=\"del cetino olive oil\" width=\"22\" height=\"20\" \/>\u00a0Las aceitunas nunca caen al suelo<br \/>\n<img loading=\"lazy\" decoding=\"async\" class=\"size-full wp-image-2548 alignnone\" src=\"https:\/\/delcetino.eu\/wp-content\/uploads\/2014\/08\/checkbox-voordelen.gif\" alt=\"del cetino olive oil\" width=\"22\" height=\"20\" \/>\u00a0Rapidez y molturaci\u00f3n en fr\u00edo<br \/>\n<img loading=\"lazy\" decoding=\"async\" class=\"size-full wp-image-2548 alignnone\" src=\"https:\/\/delcetino.eu\/wp-content\/uploads\/2014\/08\/checkbox-voordelen.gif\" alt=\"del cetino olive oil\" width=\"22\" height=\"20\" \/>\u00a0Producci\u00f3n limitada de 2000 litros\/a\u00f1o<\/h2>\n<p>&nbsp;<\/p>\n<span id=\"g1-space-1\" class=\"g1-space \" style=\"height:30px;\"><\/span>\n<div id=\"g1-box-counter-1\" class=\"g1-box g1-box--simple  g1-box--noicon\" ><div class=\"g1-box__inner\">\n<ul class=\"g1-grid\"><li class=\"g1-column g1-two-third g1-valign-middle\">\n<h2>Ganamos medalla de oro en Nueva York<\/h2>\n<\/li><!-- -->\n<li class=\"g1-column g1-one-third g1-valign-middle\">\n<a id=\"g1-button-1\" class=\"g1-button g1-button--big g1-button--solid g1-button--wide \" href=\"\/es\/del-cetino-gold-award-new-york\/\" >Leer m\u00e1s&#8230;<\/a>\n<\/li><!-- --><\/ul>\n<\/div><\/div>\n<span id=\"g1-space-2\" class=\"g1-space \" style=\"height:30px;\"><\/span>\n<h2 class=\"g1-h1\" style=\"text-align: center;\">DEL CETINO ACEITE DE OLIVA VIRGEN EXTRA<br \/>\nAUT\u00c9NTICO REINVENTA SUS PLATOS<br \/>\n3 VARIEDADES DE UN PRODUCTO PURO DE ESPA\u00d1A.<\/h2>\n<ul class=\"g1-grid\"><li class=\"g1-column g1-one-third g1-valign-top\">\r\n<h2>Arbequina<\/h2>\r\n<p><img loading=\"lazy\" decoding=\"async\" class=\"aligncenter size-full wp-image-2124\" src=\"https:\/\/delcetino.eu\/wp-content\/uploads\/2014\/08\/del-cetino-03.jpg\" alt=\"del-cetino-arbequina\" width=\"290\" height=\"197\" srcset=\"https:\/\/delcetino.eu\/wp-content\/uploads\/2014\/08\/del-cetino-03.jpg 290w, https:\/\/delcetino.eu\/wp-content\/uploads\/2014\/08\/del-cetino-03-239x162.jpg 239w\" sizes=\"auto, (max-width: 290px) 100vw, 290px\" \/><\/p>\r\n<p>Un aceite delicado, con un sabor suave y un aroma claramente distinto.<\/p>\r\n<p>Perfecto para pescados a la brasa, lechugas frescas o en un delicioso pur\u00e9 reemplazando a la mantequilla.<\/p>\r\n<h2>Caracter\u00edsticas<\/h2>\r\n<p>El fruto de la variedad \u2018Arbequina\u2018 es ovalado y peque\u00f1o. El periodo de cosecha empieza en nuestra regi\u00f3n desde finales de septiembre. Caracter\u00edstica es el alto nivel de \u00e1cido linoleico. Esto explica la densidad t\u00edpica y afrutado del aceite. Adem\u00e1s, le da su car\u00e1cter t\u00edpico \"mantecoso\".<\/p>\r\n<p>Al mismo tiempo, es el aceite m\u00e1s susceptibles a la oxidaci\u00f3n, lo que significa que su vida \u00fatil es menor que con otras variedades. As\u00ed que definitivamente no lo guarde, disfr\u00fatelo!<\/p>\r\n<p>El aceite se utiliza mejor en fr\u00edo debido a las sustancias arom\u00e1ticas que son muy vol\u00e1tiles.<\/p>\r\n<h2>Embalaje<\/h2>\r\n<p>25cl Vidrio obscuro<br \/> 50cl Vidrio obscuro<br \/> 3L Baginbox <br \/>Estuche de lujo (3 x 25cl o 1 x 50cl)<\/p>\r\n<p style=\"text-align:center\"><a href=\"https:\/\/delcetino.eu\/es\/product\/aceite-de-oliva-virgen-extra-variedad-arbequina\/\"><button type=\"button\" style=\"background-color: #4CAF50\">Comprar Arbequina<\/button><\/a><\/p>\r\n<\/li><!-- --> \r\n<li class=\"g1-column g1-one-third g1-valign-top\">\r\n<h2>Picual<\/h2>\r\n<p><img loading=\"lazy\" decoding=\"async\" class=\"aligncenter size-full wp-image-2126\" src=\"https:\/\/delcetino.eu\/wp-content\/uploads\/2014\/08\/del-cetino-01.jpg\" alt=\"del-cetino-picual\" width=\"290\" height=\"197\" srcset=\"https:\/\/delcetino.eu\/wp-content\/uploads\/2014\/08\/del-cetino-01.jpg 290w, https:\/\/delcetino.eu\/wp-content\/uploads\/2014\/08\/del-cetino-01-239x162.jpg 239w\" sizes=\"auto, (max-width: 290px) 100vw, 290px\" \/><\/p>\r\n<p>Un aceite feliz con un sabor afrutado y la celestial fragancia intensa de c\u00e9sped reci\u00e9n cortado. \u00a1Perfectamente \u00fatil para preparaciones fr\u00edas y calientes!<br \/><br \/><br \/><\/p>\r\n<h2>Caracter\u00edsticas<\/h2>\r\n<p>La aceituna de la variedad Picual tiene un tama\u00f1o medio y pesa unos 3,2 gr.<\/p>\r\n<p>Es t\u00edpico el punto m\u00e1s peque\u00f1o,'el pico', en la parte inferior de la aceituna. La cosecha empieza a mediados de octubre.<\/p>\r\n<p>El aceite contiene un alto contenido de \u00e1cidos grasos insaturados y s\u00f3lo un porcentaje muy limitado de \u00e1cido linoleico. Es el m\u00e1s resistente a la oxidaci\u00f3n.<\/p>\r\n<p>El aceite tiene mucho cuerpo, es muy afrutado y suave de sabor. Esto lo hace conveniente tanto para hornear y tambi\u00e9n ensaladas y gazpacho.<\/p>\r\n<h2>Embalaje<\/h2>\r\n<p>25cl Vidrio obscuro<br \/> 50cl Vidrio obscuro<br \/> 3L Baginbox <br \/>Estuche de lujo (3 x 25cl o 1 x 50cl)<\/p>\r\n<p style=\"text-align:center\"><a href=\"https:\/\/delcetino.eu\/es\/product\/aceite-de-oliva-virgen-extra-variedad-picual\/\"><button type=\"button\" style=\"background-color: #4CAF50\">Comprar Picual<\/button><\/a><\/p>\r\n<\/li><!-- --> \r\n<li class=\"g1-column g1-one-third g1-valign-top\">\r\n<h2>Verdial<\/h2>\r\n<p><img loading=\"lazy\" decoding=\"async\" class=\"aligncenter size-full wp-image-2125\" src=\"https:\/\/delcetino.eu\/wp-content\/uploads\/2014\/08\/del-cetino-02.jpg\" alt=\"del-cetino-02\" width=\"290\" height=\"197\" srcset=\"https:\/\/delcetino.eu\/wp-content\/uploads\/2014\/08\/del-cetino-02.jpg 290w, https:\/\/delcetino.eu\/wp-content\/uploads\/2014\/08\/del-cetino-02-239x162.jpg 239w\" sizes=\"auto, (max-width: 290px) 100vw, 290px\" \/><\/p>\r\n<p>Este aceite de las aceitunas verdes de la zona tiene un sabor frutado con un toque de amargo muy tipico.<br \/><br \/><br \/><br \/><\/p>\r\n<h2>Caracter\u00edsticas<\/h2>\r\n<p>El fruto de la variedad Verdial es de forma redonda y pesa aproximadamente 5,7 gr. Es una variedad local de la provincia de Huelva. El per\u00edodo de cosecha ideal comienza a finales de noviembre.<\/p>\r\n<p>La fruta se caracteriza por una c\u00e1scara m\u00e1s dura y un contenido alto de \u00e1cido linoleico. La variedad es generalmente procesada como aceituna de mesa. Ahora la utilizamos para producir un aceite que sorprende los expertos espa\u00f1oles y chefs: suave, afrutado y con un toque ligeramente amargo. Ideal para platos fr\u00edos y calientes.<br \/><br \/><br \/><\/p>\r\n<h2>Embalaje<\/h2>\r\n<p>25cl Vidrio obscuro<br \/> 50cl Vidrio obscuro<br \/> 3L Baginbox <br \/>Estuche de lujo (3 x 25cl o 1 x 50cl)<\/p>\r\n<p style=\"text-align:center\"><a href=\"https:\/\/delcetino.eu\/es\/product\/aceite-de-oliva-virgen-extra-variedad-verdial\/\"><button type=\"button\" style=\"background-color: #4CAF50\">Comprar Verdial<\/button><\/a><\/p>\r\n<\/li><!-- --><\/ul>\n<div id=\"g1-divider-1\" class=\"g1-divider g1-divider--none g1-divider--noicon \"><\/div>\n<span id=\"g1-space-3\" class=\"g1-space \" style=\"height:30px;\"><\/span>\n<style type=\"text\/css\" scoped=\"scoped\">#g1-section-1.g1-section {background-color: #000000; background-image:url(\/wp-content\/uploads\/2013\/09\/girl_bg_v01.jpg); background-repeat:no-repeat; background-position:center top; background-attachment:static; padding-bottom:35px; padding-top:35px;}<\/style><div id=\"g1-section-1\" class=\"g1-section \"><div class=\"g1-layout-inner\">\r\n<h2 class=\"g1-h1\" style=\"text-align: center; color: #ffffff;\">CLASE EN TODOS SUS DETALLES<\/h2>\r\n&nbsp;\r\n<h3 style=\"text-align: center; color: #ffffff!important; margin: -40px 0 -50px 0;\">con respeto a las tradiciones locales de la fabricaci\u00f3n de aceite de oliva virgen extra.<\/h3>\r\n\r\n<\/div><\/div>\r\n\r\n<style type=\"text\/css\" scoped=\"scoped\">#g1-section-2.g1-section {background-color: #000000; background-repeat:no-repeat; background-position:center top; background-attachment:static;}<\/style><div id=\"g1-section-2\" class=\"g1-section g1-section--scroll \"><div class=\"g1-layout-inner\">\r\n\r\n<ul class=\"g1-grid\"><li class=\"g1-column g1-one-third g1-valign-top\">\r\n\r\n<div id=\"g1-box-counter-2\" class=\"g1-box g1-box--solid  g1-box--icon\" ><i class=\"icon-hand-up g1-box__icon\"><\/i><div class=\"g1-box__inner\">\r\n<h2>UNA RECOLECCI\u00d3N  EXCLUSIVA<br \/><br \/><\/h2>\r\n\r\n<hr>\r\n\r\n<p>La recolecci\u00f3n se lleva a cabo con el mayor cuidado. A mano o utilizando una m\u00e1quina manual dise\u00f1ada por nosotros: El 'Cestino'. Antes de su transporte al molino, las aceitunas se almacenan en una c\u00e1mara de fr\u00edo en la finca. <\/p><br \/>\r\n\r\n<\/div><\/div>\r\n\r\n<\/li><!-- -->\r\n\r\n<li class=\"g1-column g1-one-third g1-valign-top\">\r\n\r\n<div id=\"g1-box-counter-3\" class=\"g1-box g1-box--solid  g1-box--icon\" ><i class=\"icon-calendar-empty g1-box__icon\"><\/i><div class=\"g1-box__inner\">\r\n<h2>CON RAPIDEZ Y EXTRACCI\u00d3N EN FR\u00cdO, TRIUNFA LA CALIDAD<\/h2>\r\n\r\n<hr>\r\n\r\n<p>En el molino, las aceitunas se muelen y se procesan hasta una masa uniforme. Despu\u00e9s se separa el aceite. Todo sucede en una temperatura baja para no cambiar la estructura del aceite: la extracci\u00f3n en fr\u00edo. <\/p><br \/>\r\n<\/div><\/div>\r\n\r\n<\/li><!-- -->\r\n\r\n<li class=\"g1-column g1-one-third g1-valign-top\">\r\n\r\n<div id=\"g1-box-counter-4\" class=\"g1-box g1-box--solid  g1-box--icon\" ><i class=\"icon-smile g1-box__icon\"><\/i><div class=\"g1-box__inner\">\r\n<h2>CALIDAD PURA<br \/><br \/><br \/><br \/><\/h2>\r\n\r\n<hr>\r\n\r\n<p>Todo esto hace que nuestro aceite de oliva virgen extra se presenta como uno de los mejores, con una acidez entre 0,15 y 0,22 %, muy por debajo de la norma europea de 0,80 %.<\/p>\r\n<p>Y esto se nota.<\/p>\r\n\r\n<\/div><\/div>\r\n\r\n<\/li><!-- --><\/ul>\r\n\r\n<\/div><\/div>\n<div id=\"g1-divider-2\" class=\"g1-divider g1-divider--none g1-divider--noicon \"><\/div>\n<ul class=\"g1-grid\"><li class=\"g1-column g1-one-third g1-valign-top\">\n<h2>BENEFICIOS<\/h2>\n<p>&nbsp;<\/p>\n<span id=\"g1-space-4\" class=\"g1-space \" style=\"margin-top:-20px;\"><\/span>\n<style type=\"text\/css\" scoped=\"scoped\">#g1-list-1 li > i[class*=\"icon-\"]:first-child {color: #34a83d;}<\/style>\n<ul id=\"g1-list-1\" class=\"g1-list--icon g1-list--none \">\n<li><i class=\"icon-chevron-right g1-list__icon\"><\/i>Aceite de oliva Virgen Extra seg\u00fan las tradiciones locales<\/li>\n<li><i class=\"icon-chevron-right g1-list__icon\"><\/i>Las aceitunas nunca caen al suelo<\/li>\n<li><i class=\"icon-chevron-right g1-list__icon\"><\/i>Rapidez y molturaci\u00f3n en fr\u00edo<\/li>\n<li><i class=\"icon-chevron-right g1-list__icon\"><\/i>Distribuci\u00f3n r\u00e1pida<\/li>\n<\/ul>\n\n<\/li><!-- -->\n<li class=\"g1-column g1-two-third g1-valign-top\">\n<h2>Seg\u00fan dicen los cocineros jefe&#8230;<\/h2>\n<p>&nbsp;<\/p>\n<span id=\"g1-space-5\" class=\"g1-space \" style=\"margin-top:-20px;\"><\/span>\n<div id=\"g1-html-rotator-counter-2\" class=\"g1-html-rotator  g1-autoplay\" data-g1-rotate-items=\"1\" data-g1-timeout=\"3000\"><div class=\"g1-carousel-content\"><ul class=\"g1-carousel-items\">\n<li id=\"g1-carousel-item-counter-10\" class=\"g1-carousel-item \">\n<figure id=\"g1-quote-1\" class=\"g1-quote g1-quote--solid g1-quote--small \" ><div class=\"g1-inner\">\n<p>Prachtige zuiderse olie! Met drie vari\u00ebteiten die elk hun eigen plaats opeisen in zowel de keuken als op de tafel. Voor ons hier in het Franse Jugy een aangename ontdekking. We kijken al uit naar de nieuwe oogst!<br \/>\n<\/div><figcaption class=\"g1-meta\"><img loading=\"lazy\" decoding=\"async\" src=\"\/wp-content\/uploads\/2014\/11\/logo_lcf_80_80.gif\" width=\"40\" height=\"40\" alt=\"Author&#039;s image\"\/><strong>Jan en Annie<\/strong><span>Le Crot Foulot - Frankrijk<\/span><\/figcaption><\/figure><br \/>\n<a href=\"http:\/\/www.crotfoulot.com\" target=\"_blank\" rel=\"noopener noreferrer\">www.crotfoulot.com<\/a><\/p>\n<\/li>\n<li id=\"g1-carousel-item-counter-11\" class=\"g1-carousel-item \">\n<figure id=\"g1-quote-2\" class=\"g1-quote g1-quote--solid g1-quote--small \" ><div class=\"g1-inner\">\n<p>Buonissimo! Overdonderd door de subtiele smaken van de verschillende vari\u00ebteiten. Een authentiek product en een aanwinst om te koesteren.<br \/>\n<\/div><figcaption class=\"g1-meta\"><img loading=\"lazy\" decoding=\"async\" src=\"\/wp-content\/uploads\/2014\/11\/logo_angelrosso_80_80.gif\" width=\"40\" height=\"40\" alt=\"Author&#039;s image\"\/><strong>Roberta, Filipo en Antonio<\/strong><span>L\u2019Angelo Rosso - Sint Truiden - Belgi\u00eb<\/span><\/figcaption><\/figure><br \/>\n<a href=\"http:\/\/www.angelorosso.be\" target=\"_blank\" rel=\"noopener noreferrer\">www.angelorosso.be<\/a><\/p>\n<\/li>\n<li id=\"g1-carousel-item-counter-12\" class=\"g1-carousel-item \">\n<figure id=\"g1-quote-3\" class=\"g1-quote g1-quote--solid g1-quote--small \" ><div class=\"g1-inner\">\n<p>Meer moet dat niet zijn. Superlekkere olie en je weet waar ze vandaan komt en wie ze gemaakt heeft. Een aparte luxe! Tomas. De Kleine Garnaal. Oostende.<br \/>\n<\/div><figcaption class=\"g1-meta\"><img loading=\"lazy\" decoding=\"async\" src=\"\/wp-content\/uploads\/2014\/11\/logo_dkg_80_80.gif\" width=\"40\" height=\"40\" alt=\"Author&#039;s image\"\/><strong>De Kleine Garnaal<\/strong><span>De Kleine Garnaal. Oostende - Belgi\u00eb<\/span><\/figcaption><\/figure><br \/>\n<a href=\"http:\/\/www.dekleinegarnaal.be\" target=\"_blank\" rel=\"noopener noreferrer\">www.dekleinegarnaal.be<\/a><\/p>\n<\/li>\n<li id=\"g1-carousel-item-counter-13\" class=\"g1-carousel-item \">\n<figure id=\"g1-quote-4\" class=\"g1-quote g1-quote--solid g1-quote--small \" ><div class=\"g1-inner\">\n<p>Olie met ziel en body. Voor een subtiele toets op het bord of een goeie scheut op de pasta: Laat maar komen. Viva Del Cetino!<br \/>\n<\/div><figcaption class=\"g1-meta\"><img loading=\"lazy\" decoding=\"async\" src=\"\/wp-content\/uploads\/2014\/11\/logo_sam_80_80.gif\" width=\"40\" height=\"40\" alt=\"Author&#039;s image\"\/><strong>Tom en Natalie<\/strong><span>Sallamangee. Vilvoorde - Belgi\u00eb<\/span><\/figcaption><\/figure><br \/>\n<a href=\"http:\/\/www.sallamangee.be\" target=\"_blank\" rel=\"noopener noreferrer\">www.sallamangee.be<\/a><\/p>\n<\/li>\n<\/ul><\/div><\/div>\n<\/li><!-- --><\/ul>\n<span id=\"g1-space-6\" class=\"g1-space \" style=\"margin-top:-30px;\"><\/span>\n<div id=\"g1-divider-3\" class=\"g1-divider g1-divider--none g1-divider--noicon \"><\/div>\n<p><iframe loading=\"lazy\" src=\"https:\/\/player.vimeo.com\/video\/178528215?color=9dc427&amp;title=0&amp;byline=0&amp;portrait=0\" width=\"960\" height=\"540\" frameborder=\"0\" allowfullscreen=\"allowfullscreen\"><\/iframe><\/p>\n<div id=\"g1-divider-4\" class=\"g1-divider g1-divider--none g1-divider--noicon \"><\/div>\n<div id=\"g1-box-counter-5\" class=\"g1-box g1-box--simple  g1-box--noicon\" ><div class=\"g1-box__inner\">\n<h2>\u00bfD\u00f3nde comprar Del Cetino aceite?<\/h2>\n<p>[store_wpress display=&#8221;both&#8221; category_filter=1 distance_filter=1][\/store_wpress]<\/p>\n<\/div><\/div>\n<div id=\"g1-box-counter-6\" class=\"g1-box g1-box--simple  g1-box--noicon\" ><div class=\"g1-box__inner\">\n<ul class=\"g1-grid\"><li class=\"g1-column g1-two-third g1-valign-middle\">\n<h2>Convertirse en un distribuidor<\/h2>\n<\/li><!-- -->\n<li class=\"g1-column g1-one-third g1-valign-middle\">\n<a id=\"g1-button-2\" class=\"g1-button g1-button--big g1-button--solid g1-button--wide \" href=\"\/es\/del-cetino-convertirse-en-un-distribuidor\/\" >Contact<\/a>\n<\/li><!-- --><\/ul>\n<\/div><\/div>\n","protected":false},"excerpt":{"rendered":"<p>\u00a0Aceite de oliva Virgen Extra seg\u00fan las tradiciones locales \u00a0Las aceitunas nunca caen al suelo \u00a0Rapidez y molturaci\u00f3n en fr\u00edo \u00a0Producci\u00f3n limitada de 2000 litros\/a\u00f1o &nbsp; DEL CETINO ACEITE DE OLIVA VIRGEN EXTRA AUT\u00c9NTICO REINVENTA SUS PLATOS 3 VARIEDADES DE UN PRODUCTO PURO DE ESPA\u00d1A.<\/p>\n","protected":false},"author":1,"featured_media":0,"parent":0,"menu_order":0,"comment_status":"closed","ping_status":"closed","template":"","meta":{"footnotes":""},"class_list":["post-2908","page","type-page","status-publish"],"yoast_head":"<!-- This site is optimized with the Yoast SEO plugin v21.7 - https:\/\/yoast.com\/wordpress\/plugins\/seo\/ -->\n<title>Del Cetino Aceite Virgen Extra Hecho con Arte Delcetino.eu<\/title>\n<meta name=\"description\" content=\"DEL CETINO ACEITE DE OLIVA VIRGEN EXTRA AUT\u00c9NTICO REINVENTA SUS PLATOS 3 VARIEDADES DE UN PRODUCTO PURO DE ESPA\u00d1A\" \/>\n<meta name=\"robots\" content=\"index, follow, max-snippet:-1, max-image-preview:large, max-video-preview:-1\" \/>\n<link rel=\"canonical\" href=\"https:\/\/delcetino.eu\/es\/\" \/>\n<meta property=\"og:locale\" content=\"es_ES\" \/>\n<meta property=\"og:type\" content=\"article\" \/>\n<meta property=\"og:title\" content=\"Del Cetino Aceite Virgen Extra Hecho con Arte Delcetino.eu\" \/>\n<meta property=\"og:description\" content=\"DEL CETINO ACEITE DE OLIVA VIRGEN EXTRA AUT\u00c9NTICO REINVENTA SUS PLATOS 3 VARIEDADES DE UN PRODUCTO PURO DE ESPA\u00d1A\" \/>\n<meta property=\"og:url\" content=\"https:\/\/delcetino.eu\/es\/\" \/>\n<meta property=\"og:site_name\" content=\"Del Cetino Olijfolie\" \/>\n<meta property=\"article:modified_time\" content=\"2023-12-20T08:37:05+00:00\" \/>\n<meta property=\"og:image\" content=\"https:\/\/delcetino.eu\/wp-content\/uploads\/2014\/08\/checkbox-voordelen.gif\" \/>\n<meta name=\"twitter:label1\" content=\"Tiempo de lectura\" \/>\n\t<meta name=\"twitter:data1\" content=\"3 minutos\" \/>\n<script type=\"application\/ld+json\" class=\"yoast-schema-graph\">{\"@context\":\"https:\/\/schema.org\",\"@graph\":[{\"@type\":\"WebPage\",\"@id\":\"https:\/\/delcetino.eu\/es\/\",\"url\":\"https:\/\/delcetino.eu\/es\/\",\"name\":\"Del Cetino Aceite Virgen Extra Hecho con Arte Delcetino.eu\",\"isPartOf\":{\"@id\":\"https:\/\/delcetino.eu\/en\/#website\"},\"datePublished\":\"2017-06-07T01:24:04+00:00\",\"dateModified\":\"2023-12-20T08:37:05+00:00\",\"description\":\"DEL CETINO ACEITE DE OLIVA VIRGEN EXTRA AUT\u00c9NTICO REINVENTA SUS PLATOS 3 VARIEDADES DE UN PRODUCTO PURO DE ESPA\u00d1A\",\"breadcrumb\":{\"@id\":\"https:\/\/delcetino.eu\/es\/#breadcrumb\"},\"inLanguage\":\"es\",\"potentialAction\":[{\"@type\":\"ReadAction\",\"target\":[\"https:\/\/delcetino.eu\/es\/\"]}]},{\"@type\":\"BreadcrumbList\",\"@id\":\"https:\/\/delcetino.eu\/es\/#breadcrumb\",\"itemListElement\":[{\"@type\":\"ListItem\",\"position\":1,\"name\":\"Del Cetino\",\"item\":\"https:\/\/delcetino.eu\/es\/\"},{\"@type\":\"ListItem\",\"position\":2,\"name\":\"Del Cetino Aceite Virgen Extra Hecho con Arte Delcetino.eu\"}]},{\"@type\":\"WebSite\",\"@id\":\"https:\/\/delcetino.eu\/en\/#website\",\"url\":\"https:\/\/delcetino.eu\/en\/\",\"name\":\"Del Cetino Olijfolie\",\"description\":\"Authentieke Olijfolie uit Spanje\",\"potentialAction\":[{\"@type\":\"SearchAction\",\"target\":{\"@type\":\"EntryPoint\",\"urlTemplate\":\"https:\/\/delcetino.eu\/en\/?s={search_term_string}\"},\"query-input\":\"required name=search_term_string\"}],\"inLanguage\":\"es\"}]}<\/script>\n<!-- \/ Yoast SEO plugin. -->","yoast_head_json":{"title":"Del Cetino Aceite Virgen Extra Hecho con Arte Delcetino.eu","description":"DEL CETINO ACEITE DE OLIVA VIRGEN EXTRA AUT\u00c9NTICO REINVENTA SUS PLATOS 3 VARIEDADES DE UN PRODUCTO PURO DE ESPA\u00d1A","robots":{"index":"index","follow":"follow","max-snippet":"max-snippet:-1","max-image-preview":"max-image-preview:large","max-video-preview":"max-video-preview:-1"},"canonical":"https:\/\/delcetino.eu\/es\/","og_locale":"es_ES","og_type":"article","og_title":"Del Cetino Aceite Virgen Extra Hecho con Arte Delcetino.eu","og_description":"DEL CETINO ACEITE DE OLIVA VIRGEN EXTRA AUT\u00c9NTICO REINVENTA SUS PLATOS 3 VARIEDADES DE UN PRODUCTO PURO DE ESPA\u00d1A","og_url":"https:\/\/delcetino.eu\/es\/","og_site_name":"Del Cetino Olijfolie","article_modified_time":"2023-12-20T08:37:05+00:00","og_image":[{"url":"https:\/\/delcetino.eu\/wp-content\/uploads\/2014\/08\/checkbox-voordelen.gif"}],"twitter_misc":{"Tiempo de lectura":"3 minutos"},"schema":{"@context":"https:\/\/schema.org","@graph":[{"@type":"WebPage","@id":"https:\/\/delcetino.eu\/es\/","url":"https:\/\/delcetino.eu\/es\/","name":"Del Cetino Aceite Virgen Extra Hecho con Arte Delcetino.eu","isPartOf":{"@id":"https:\/\/delcetino.eu\/en\/#website"},"datePublished":"2017-06-07T01:24:04+00:00","dateModified":"2023-12-20T08:37:05+00:00","description":"DEL CETINO ACEITE DE OLIVA VIRGEN EXTRA AUT\u00c9NTICO REINVENTA SUS PLATOS 3 VARIEDADES DE UN PRODUCTO PURO DE ESPA\u00d1A","breadcrumb":{"@id":"https:\/\/delcetino.eu\/es\/#breadcrumb"},"inLanguage":"es","potentialAction":[{"@type":"ReadAction","target":["https:\/\/delcetino.eu\/es\/"]}]},{"@type":"BreadcrumbList","@id":"https:\/\/delcetino.eu\/es\/#breadcrumb","itemListElement":[{"@type":"ListItem","position":1,"name":"Del Cetino","item":"https:\/\/delcetino.eu\/es\/"},{"@type":"ListItem","position":2,"name":"Del Cetino Aceite Virgen Extra Hecho con Arte Delcetino.eu"}]},{"@type":"WebSite","@id":"https:\/\/delcetino.eu\/en\/#website","url":"https:\/\/delcetino.eu\/en\/","name":"Del Cetino Olijfolie","description":"Authentieke Olijfolie uit Spanje","potentialAction":[{"@type":"SearchAction","target":{"@type":"EntryPoint","urlTemplate":"https:\/\/delcetino.eu\/en\/?s={search_term_string}"},"query-input":"required name=search_term_string"}],"inLanguage":"es"}]}},"_links":{"self":[{"href":"https:\/\/delcetino.eu\/es\/wp-json\/wp\/v2\/pages\/2908","targetHints":{"allow":["GET"]}}],"collection":[{"href":"https:\/\/delcetino.eu\/es\/wp-json\/wp\/v2\/pages"}],"about":[{"href":"https:\/\/delcetino.eu\/es\/wp-json\/wp\/v2\/types\/page"}],"author":[{"embeddable":true,"href":"https:\/\/delcetino.eu\/es\/wp-json\/wp\/v2\/users\/1"}],"replies":[{"embeddable":true,"href":"https:\/\/delcetino.eu\/es\/wp-json\/wp\/v2\/comments?post=2908"}],"version-history":[{"count":0,"href":"https:\/\/delcetino.eu\/es\/wp-json\/wp\/v2\/pages\/2908\/revisions"}],"wp:attachment":[{"href":"https:\/\/delcetino.eu\/es\/wp-json\/wp\/v2\/media?parent=2908"}],"curies":[{"name":"wp","href":"https:\/\/api.w.org\/{rel}","templated":true}]}}