{"id":2912,"date":"2014-08-08T08:18:40","date_gmt":"2014-08-08T08:18:40","guid":{"rendered":"https:\/\/delcetino.eu\/waar-is-del-cetino-te-koop\/"},"modified":"2023-12-20T08:37:10","modified_gmt":"2023-12-20T08:37:10","slug":"del-cetino-donde-comprar","status":"publish","type":"page","link":"https:\/\/delcetino.eu\/es\/del-cetino-donde-comprar\/","title":{"rendered":"Del Cetino Donde Comprar"},"content":{"rendered":"<style type=\"text\/css\" scoped=\"scoped\">#g1-section-1.g1-section {background-repeat:no-repeat; background-position:left top; background-attachment:static;}<\/style><div id=\"g1-section-1\" class=\"g1-section \"><div class=\"g1-layout-inner\">\n<p style=\"text-align: center;\"><a href=\"https:\/\/delcetino.eu\/es\/tienda\/\"><button style=\"background-color: #4caf50;\" type=\"button\">Comprar en nuestra Tienda Online<\/button><\/a><\/p>\n<div id=\"g1-box-counter-1\" class=\"g1-box g1-box--simple  g1-box--noicon\" ><div class=\"g1-box__inner\">\n<h2>\u00bfD\u00f3nde comprar Del Cetino aceite?<\/h2>\n<p>[store_wpress display=&#8221;both&#8221; category_filter=1 distance_filter=1][\/store_wpress]<\/p>\n<\/div><\/div>\n<h2 class=\"g1-h1\" style=\"text-align: center;\">DEL CETINO ACEITE DE OLIVA VIRGEN EXTRA<br \/>\nAUT\u00c9NTICO REINVENTA SUS PLATOS<br \/>\n3 VARIEDADES DE UN PRODUCTO PURO DE ESPA\u00d1A.<\/h2>\n<p>&nbsp;<\/p>\n<div id=\"g1-divider-1\" class=\"g1-divider g1-divider--none g1-divider--noicon \"><\/div>\n<span id=\"g1-space-1\" class=\"g1-space \" style=\"height:50px;\"><\/span>\n<ul class=\"g1-grid\"><li class=\"g1-column g1-one-third g1-valign-top\">\r\n<h2>Arbequina<\/h2>\r\n<p><img loading=\"lazy\" decoding=\"async\" class=\"aligncenter size-full wp-image-2124\" src=\"https:\/\/delcetino.eu\/wp-content\/uploads\/2014\/08\/del-cetino-03.jpg\" alt=\"del-cetino-arbequina\" width=\"290\" height=\"197\" srcset=\"https:\/\/delcetino.eu\/wp-content\/uploads\/2014\/08\/del-cetino-03.jpg 290w, https:\/\/delcetino.eu\/wp-content\/uploads\/2014\/08\/del-cetino-03-239x162.jpg 239w\" sizes=\"auto, (max-width: 290px) 100vw, 290px\" \/><\/p>\r\n<p>Un aceite delicado, con un sabor suave y un aroma claramente distinto.<\/p>\r\n<p>Perfecto para pescados a la brasa, lechugas frescas o en un delicioso pur\u00e9 reemplazando a la mantequilla.<\/p>\r\n<h2>Caracter\u00edsticas<\/h2>\r\n<p>El fruto de la variedad \u2018Arbequina\u2018 es ovalado y peque\u00f1o. El periodo de cosecha empieza en nuestra regi\u00f3n desde finales de septiembre. Caracter\u00edstica es el alto nivel de \u00e1cido linoleico. Esto explica la densidad t\u00edpica y afrutado del aceite. Adem\u00e1s, le da su car\u00e1cter t\u00edpico \"mantecoso\".<\/p>\r\n<p>Al mismo tiempo, es el aceite m\u00e1s susceptibles a la oxidaci\u00f3n, lo que significa que su vida \u00fatil es menor que con otras variedades. As\u00ed que definitivamente no lo guarde, disfr\u00fatelo!<\/p>\r\n<p>El aceite se utiliza mejor en fr\u00edo debido a las sustancias arom\u00e1ticas que son muy vol\u00e1tiles.<\/p>\r\n<h2>Embalaje<\/h2>\r\n<p>25cl Vidrio obscuro<br \/> 50cl Vidrio obscuro<br \/> 3L Baginbox <br \/>Estuche de lujo (3 x 25cl o 1 x 50cl)<\/p>\r\n<p style=\"text-align:center\"><a href=\"https:\/\/delcetino.eu\/es\/product\/aceite-de-oliva-virgen-extra-variedad-arbequina\/\"><button type=\"button\" style=\"background-color: #4CAF50\">Comprar Arbequina<\/button><\/a><\/p>\r\n<\/li><!-- --> \r\n<li class=\"g1-column g1-one-third g1-valign-top\">\r\n<h2>Picual<\/h2>\r\n<p><img loading=\"lazy\" decoding=\"async\" class=\"aligncenter size-full wp-image-2126\" src=\"https:\/\/delcetino.eu\/wp-content\/uploads\/2014\/08\/del-cetino-01.jpg\" alt=\"del-cetino-picual\" width=\"290\" height=\"197\" srcset=\"https:\/\/delcetino.eu\/wp-content\/uploads\/2014\/08\/del-cetino-01.jpg 290w, https:\/\/delcetino.eu\/wp-content\/uploads\/2014\/08\/del-cetino-01-239x162.jpg 239w\" sizes=\"auto, (max-width: 290px) 100vw, 290px\" \/><\/p>\r\n<p>Un aceite feliz con un sabor afrutado y la celestial fragancia intensa de c\u00e9sped reci\u00e9n cortado. \u00a1Perfectamente \u00fatil para preparaciones fr\u00edas y calientes!<br \/><br \/><br \/><\/p>\r\n<h2>Caracter\u00edsticas<\/h2>\r\n<p>La aceituna de la variedad Picual tiene un tama\u00f1o medio y pesa unos 3,2 gr.<\/p>\r\n<p>Es t\u00edpico el punto m\u00e1s peque\u00f1o,'el pico', en la parte inferior de la aceituna. La cosecha empieza a mediados de octubre.<\/p>\r\n<p>El aceite contiene un alto contenido de \u00e1cidos grasos insaturados y s\u00f3lo un porcentaje muy limitado de \u00e1cido linoleico. Es el m\u00e1s resistente a la oxidaci\u00f3n.<\/p>\r\n<p>El aceite tiene mucho cuerpo, es muy afrutado y suave de sabor. Esto lo hace conveniente tanto para hornear y tambi\u00e9n ensaladas y gazpacho.<\/p>\r\n<h2>Embalaje<\/h2>\r\n<p>25cl Vidrio obscuro<br \/> 50cl Vidrio obscuro<br \/> 3L Baginbox <br \/>Estuche de lujo (3 x 25cl o 1 x 50cl)<\/p>\r\n<p style=\"text-align:center\"><a href=\"https:\/\/delcetino.eu\/es\/product\/aceite-de-oliva-virgen-extra-variedad-picual\/\"><button type=\"button\" style=\"background-color: #4CAF50\">Comprar Picual<\/button><\/a><\/p>\r\n<\/li><!-- --> \r\n<li class=\"g1-column g1-one-third g1-valign-top\">\r\n<h2>Verdial<\/h2>\r\n<p><img loading=\"lazy\" decoding=\"async\" class=\"aligncenter size-full wp-image-2125\" src=\"https:\/\/delcetino.eu\/wp-content\/uploads\/2014\/08\/del-cetino-02.jpg\" alt=\"del-cetino-02\" width=\"290\" height=\"197\" srcset=\"https:\/\/delcetino.eu\/wp-content\/uploads\/2014\/08\/del-cetino-02.jpg 290w, https:\/\/delcetino.eu\/wp-content\/uploads\/2014\/08\/del-cetino-02-239x162.jpg 239w\" sizes=\"auto, (max-width: 290px) 100vw, 290px\" \/><\/p>\r\n<p>Este aceite de las aceitunas verdes de la zona tiene un sabor frutado con un toque de amargo muy tipico.<br \/><br \/><br \/><br \/><\/p>\r\n<h2>Caracter\u00edsticas<\/h2>\r\n<p>El fruto de la variedad Verdial es de forma redonda y pesa aproximadamente 5,7 gr. Es una variedad local de la provincia de Huelva. El per\u00edodo de cosecha ideal comienza a finales de noviembre.<\/p>\r\n<p>La fruta se caracteriza por una c\u00e1scara m\u00e1s dura y un contenido alto de \u00e1cido linoleico. La variedad es generalmente procesada como aceituna de mesa. Ahora la utilizamos para producir un aceite que sorprende los expertos espa\u00f1oles y chefs: suave, afrutado y con un toque ligeramente amargo. Ideal para platos fr\u00edos y calientes.<br \/><br \/><br \/><\/p>\r\n<h2>Embalaje<\/h2>\r\n<p>25cl Vidrio obscuro<br \/> 50cl Vidrio obscuro<br \/> 3L Baginbox <br \/>Estuche de lujo (3 x 25cl o 1 x 50cl)<\/p>\r\n<p style=\"text-align:center\"><a href=\"https:\/\/delcetino.eu\/es\/product\/aceite-de-oliva-virgen-extra-variedad-verdial\/\"><button type=\"button\" style=\"background-color: #4CAF50\">Comprar Verdial<\/button><\/a><\/p>\r\n<\/li><!-- --><\/ul>\n<div id=\"g1-divider-2\" class=\"g1-divider g1-divider--none g1-divider--noicon \"><\/div>\n<div id=\"g1-box-counter-2\" class=\"g1-box g1-box--simple  g1-box--noicon\" ><div class=\"g1-box__inner\">\n<ul class=\"g1-grid\"><li class=\"g1-column g1-two-third g1-valign-middle\">\n<h2>Convertirse en un distribuidor<\/h2>\n<\/li><!-- -->\n<li class=\"g1-column g1-one-third g1-valign-middle\">\n<a id=\"g1-button-1\" class=\"g1-button g1-button--big g1-button--solid g1-button--wide \" href=\"\/es\/del-cetino-convertirse-en-un-distribuidor\/\" >Contacto<\/a>\n<\/li><!-- --><\/ul>\n<\/div><\/div>\n<\/div><\/div>\n<div id=\"g1-divider-3\" class=\"g1-divider g1-divider--none g1-divider--noicon \"><\/div>\n<style type=\"text\/css\" scoped=\"scoped\">#g1-section-2.g1-section {background-color: #000000; background-image:url(\/wp-content\/uploads\/2013\/09\/girl_bg_v01.jpg); background-repeat:no-repeat; background-position:left top; background-attachment:static; padding-bottom:35px; padding-top:35px;}<\/style><div id=\"g1-section-2\" class=\"g1-section \"><div class=\"g1-layout-inner\">\n<style type=\"text\/css\" scoped=\"scoped\">#g1-section-3.g1-section {background-color: #000000; background-image:url(\/wp-content\/uploads\/2013\/09\/girl_bg_v01.jpg); background-repeat:no-repeat; background-position:center top; background-attachment:static; padding-bottom:35px; padding-top:35px;}<\/style><div id=\"g1-section-3\" class=\"g1-section \"><div class=\"g1-layout-inner\">\r\n<h2 class=\"g1-h1\" style=\"text-align: center; color: #ffffff;\">CLASE EN TODOS SUS DETALLES<\/h2>\r\n&nbsp;\r\n<h3 style=\"text-align: center; color: #ffffff!important; margin: -40px 0 -50px 0;\">con respeto a las tradiciones locales de la fabricaci\u00f3n de aceite de oliva virgen extra.<\/h3>\r\n\r\n<\/div><\/div>\r\n\r\n<style type=\"text\/css\" scoped=\"scoped\">#g1-section-4.g1-section {background-color: #000000; background-repeat:no-repeat; background-position:center top; background-attachment:static;}<\/style><div id=\"g1-section-4\" class=\"g1-section g1-section--scroll \"><div class=\"g1-layout-inner\">\r\n\r\n<ul class=\"g1-grid\"><li class=\"g1-column g1-one-third g1-valign-top\">\r\n\r\n<div id=\"g1-box-counter-3\" class=\"g1-box g1-box--solid  g1-box--icon\" ><i class=\"icon-hand-up g1-box__icon\"><\/i><div class=\"g1-box__inner\">\r\n<h2>UNA RECOLECCI\u00d3N  EXCLUSIVA<br \/><br \/><\/h2>\r\n\r\n<hr>\r\n\r\n<p>La recolecci\u00f3n se lleva a cabo con el mayor cuidado. A mano o utilizando una m\u00e1quina manual dise\u00f1ada por nosotros: El 'Cestino'. Antes de su transporte al molino, las aceitunas se almacenan en una c\u00e1mara de fr\u00edo en la finca. <\/p><br \/>\r\n\r\n<\/div><\/div>\r\n\r\n<\/li><!-- -->\r\n\r\n<li class=\"g1-column g1-one-third g1-valign-top\">\r\n\r\n<div id=\"g1-box-counter-4\" class=\"g1-box g1-box--solid  g1-box--icon\" ><i class=\"icon-calendar-empty g1-box__icon\"><\/i><div class=\"g1-box__inner\">\r\n<h2>CON RAPIDEZ Y EXTRACCI\u00d3N EN FR\u00cdO, TRIUNFA LA CALIDAD<\/h2>\r\n\r\n<hr>\r\n\r\n<p>En el molino, las aceitunas se muelen y se procesan hasta una masa uniforme. Despu\u00e9s se separa el aceite. Todo sucede en una temperatura baja para no cambiar la estructura del aceite: la extracci\u00f3n en fr\u00edo. <\/p><br \/>\r\n<\/div><\/div>\r\n\r\n<\/li><!-- -->\r\n\r\n<li class=\"g1-column g1-one-third g1-valign-top\">\r\n\r\n<div id=\"g1-box-counter-5\" class=\"g1-box g1-box--solid  g1-box--icon\" ><i class=\"icon-smile g1-box__icon\"><\/i><div class=\"g1-box__inner\">\r\n<h2>CALIDAD PURA<br \/><br \/><br \/><br \/><\/h2>\r\n\r\n<hr>\r\n\r\n<p>Todo esto hace que nuestro aceite de oliva virgen extra se presenta como uno de los mejores, con una acidez entre 0,15 y 0,22 %, muy por debajo de la norma europea de 0,80 %.<\/p>\r\n<p>Y esto se nota.<\/p>\r\n\r\n<\/div><\/div>\r\n\r\n<\/li><!-- --><\/ul>\r\n\r\n<\/div><\/div>\n<\/div><\/div>\n<style type=\"text\/css\" scoped=\"scoped\">#g1-section-5.g1-section {background-repeat:no-repeat; background-position:center top; background-attachment:fixed;}<\/style><div id=\"g1-section-5\" class=\"g1-section \"><div class=\"g1-layout-inner\">\n<h2 class=\"g1-h1\" style=\"text-align: center; margin-bottom: 20px;\">ENTRE LAS MONTA\u00d1AS Y EL MAR<\/h2>\r\n<h4 style=\"text-align: center; margin: -10px 0 30px 0;\">En Bollullos par del Condado, en la provincia de Huelva, entre las monta\u00f1as y el mar, las aceitunas de Del Cetino crecen en un finca de 10 ha. Rodeado de un parque natural con alcornoques y el prado que es t\u00edpico de esta regi\u00f3n.<\/h4>\r\n<p><img loading=\"lazy\" decoding=\"async\" class=\"aligncenter wp-image-2159\" style=\"margin-bottom: 20px;\" src=\"https:\/\/delcetino.eu\/wp-content\/uploads\/2014\/08\/del-cetino-landschap-300x100.jpg\" alt=\"del-cetino-landschap\" width=\"500\" height=\"168\" srcset=\"https:\/\/delcetino.eu\/wp-content\/uploads\/2014\/08\/del-cetino-landschap-300x100.jpg 300w, https:\/\/delcetino.eu\/wp-content\/uploads\/2014\/08\/del-cetino-landschap-600x202.jpg 600w, https:\/\/delcetino.eu\/wp-content\/uploads\/2014\/08\/del-cetino-landschap-968x325.jpg 968w, https:\/\/delcetino.eu\/wp-content\/uploads\/2014\/08\/del-cetino-landschap-636x213.jpg 636w, https:\/\/delcetino.eu\/wp-content\/uploads\/2014\/08\/del-cetino-landschap-320x107.jpg 320w, https:\/\/delcetino.eu\/wp-content\/uploads\/2014\/08\/del-cetino-landschap-239x80.jpg 239w, https:\/\/delcetino.eu\/wp-content\/uploads\/2014\/08\/del-cetino-landschap.jpg 1000w\" sizes=\"auto, (max-width: 500px) 100vw, 500px\" \/><\/p>\n<span id=\"g1-space-2\" class=\"g1-space \" style=\"height:1.5em;\"><\/span>\n<div id=\"g1-box-counter-6\" class=\"g1-box g1-box--simple  g1-box--noicon\" ><div class=\"g1-box__inner\">\n<ul class=\"g1-grid\"><li class=\"g1-column g1-two-third g1-valign-middle\">\n<h2>\u00bfD\u00f3nde comprar Del Cetino aceite?<\/h2>\n<\/li><!-- -->\n<li class=\"g1-column g1-one-third g1-valign-middle\">\n<a id=\"g1-button-2\" class=\"g1-button g1-button--big g1-button--solid g1-button--wide \" href=\"\/es\/del-cetino-donde-comprar\/\" >Encontrar un distribuidor <\/a>\n<\/li><!-- --><\/ul>\n<\/div><\/div>\n<div id=\"g1-box-counter-7\" class=\"g1-box g1-box--simple  g1-box--noicon\" ><div class=\"g1-box__inner\">\n<ul class=\"g1-grid\"><li class=\"g1-column g1-two-third g1-valign-middle\">\n<h2>Convertirse en un distribuidor<\/h2>\n<\/li><!-- -->\n<li class=\"g1-column g1-one-third g1-valign-middle\">\n<a id=\"g1-button-3\" class=\"g1-button g1-button--big g1-button--solid g1-button--wide \" href=\"\/es\/del-cetino-convertirse-en-un-distribuidor\/\" >Contacto<\/a>\n<\/li><!-- --><\/ul>\n<\/div><\/div>\n<\/div><\/div>\n","protected":false},"excerpt":{"rendered":"","protected":false},"author":1,"featured_media":0,"parent":0,"menu_order":70,"comment_status":"closed","ping_status":"closed","template":"g1_template_page_full_sections.php","meta":{"footnotes":""},"class_list":["post-2912","page","type-page","status-publish"],"yoast_head":"<!-- This site is optimized with the Yoast SEO plugin v21.7 - https:\/\/yoast.com\/wordpress\/plugins\/seo\/ -->\n<title>del cetino distribuidor<\/title>\n<meta name=\"description\" content=\"Del Cetino Distribuidor\" \/>\n<meta name=\"robots\" content=\"index, follow, max-snippet:-1, max-image-preview:large, max-video-preview:-1\" \/>\n<link rel=\"canonical\" href=\"https:\/\/delcetino.eu\/es\/del-cetino-donde-comprar\/\" \/>\n<meta property=\"og:locale\" content=\"es_ES\" \/>\n<meta property=\"og:type\" content=\"article\" \/>\n<meta property=\"og:title\" content=\"del cetino distribuidor\" \/>\n<meta property=\"og:description\" content=\"Del Cetino Distribuidor\" \/>\n<meta property=\"og:url\" content=\"https:\/\/delcetino.eu\/es\/del-cetino-donde-comprar\/\" \/>\n<meta property=\"og:site_name\" content=\"Del Cetino Olijfolie\" \/>\n<meta property=\"article:modified_time\" content=\"2023-12-20T08:37:10+00:00\" \/>\n<meta name=\"twitter:label1\" content=\"Tiempo de lectura\" \/>\n\t<meta name=\"twitter:data1\" content=\"1 minuto\" \/>\n<script type=\"application\/ld+json\" class=\"yoast-schema-graph\">{\"@context\":\"https:\/\/schema.org\",\"@graph\":[{\"@type\":\"WebPage\",\"@id\":\"https:\/\/delcetino.eu\/es\/del-cetino-donde-comprar\/\",\"url\":\"https:\/\/delcetino.eu\/es\/del-cetino-donde-comprar\/\",\"name\":\"del cetino distribuidor\",\"isPartOf\":{\"@id\":\"https:\/\/delcetino.eu\/en\/#website\"},\"datePublished\":\"2014-08-08T08:18:40+00:00\",\"dateModified\":\"2023-12-20T08:37:10+00:00\",\"description\":\"Del Cetino Distribuidor\",\"breadcrumb\":{\"@id\":\"https:\/\/delcetino.eu\/es\/del-cetino-donde-comprar\/#breadcrumb\"},\"inLanguage\":\"es\",\"potentialAction\":[{\"@type\":\"ReadAction\",\"target\":[\"https:\/\/delcetino.eu\/es\/del-cetino-donde-comprar\/\"]}]},{\"@type\":\"BreadcrumbList\",\"@id\":\"https:\/\/delcetino.eu\/es\/del-cetino-donde-comprar\/#breadcrumb\",\"itemListElement\":[{\"@type\":\"ListItem\",\"position\":1,\"name\":\"Del Cetino\",\"item\":\"https:\/\/delcetino.eu\/es\/\"},{\"@type\":\"ListItem\",\"position\":2,\"name\":\"Del Cetino Donde Comprar\"}]},{\"@type\":\"WebSite\",\"@id\":\"https:\/\/delcetino.eu\/en\/#website\",\"url\":\"https:\/\/delcetino.eu\/en\/\",\"name\":\"Del Cetino Olijfolie\",\"description\":\"Authentieke Olijfolie uit Spanje\",\"potentialAction\":[{\"@type\":\"SearchAction\",\"target\":{\"@type\":\"EntryPoint\",\"urlTemplate\":\"https:\/\/delcetino.eu\/en\/?s={search_term_string}\"},\"query-input\":\"required name=search_term_string\"}],\"inLanguage\":\"es\"}]}<\/script>\n<!-- \/ Yoast SEO plugin. -->","yoast_head_json":{"title":"del cetino distribuidor","description":"Del Cetino Distribuidor","robots":{"index":"index","follow":"follow","max-snippet":"max-snippet:-1","max-image-preview":"max-image-preview:large","max-video-preview":"max-video-preview:-1"},"canonical":"https:\/\/delcetino.eu\/es\/del-cetino-donde-comprar\/","og_locale":"es_ES","og_type":"article","og_title":"del cetino distribuidor","og_description":"Del Cetino Distribuidor","og_url":"https:\/\/delcetino.eu\/es\/del-cetino-donde-comprar\/","og_site_name":"Del Cetino Olijfolie","article_modified_time":"2023-12-20T08:37:10+00:00","twitter_misc":{"Tiempo de lectura":"1 minuto"},"schema":{"@context":"https:\/\/schema.org","@graph":[{"@type":"WebPage","@id":"https:\/\/delcetino.eu\/es\/del-cetino-donde-comprar\/","url":"https:\/\/delcetino.eu\/es\/del-cetino-donde-comprar\/","name":"del cetino distribuidor","isPartOf":{"@id":"https:\/\/delcetino.eu\/en\/#website"},"datePublished":"2014-08-08T08:18:40+00:00","dateModified":"2023-12-20T08:37:10+00:00","description":"Del Cetino Distribuidor","breadcrumb":{"@id":"https:\/\/delcetino.eu\/es\/del-cetino-donde-comprar\/#breadcrumb"},"inLanguage":"es","potentialAction":[{"@type":"ReadAction","target":["https:\/\/delcetino.eu\/es\/del-cetino-donde-comprar\/"]}]},{"@type":"BreadcrumbList","@id":"https:\/\/delcetino.eu\/es\/del-cetino-donde-comprar\/#breadcrumb","itemListElement":[{"@type":"ListItem","position":1,"name":"Del Cetino","item":"https:\/\/delcetino.eu\/es\/"},{"@type":"ListItem","position":2,"name":"Del Cetino Donde Comprar"}]},{"@type":"WebSite","@id":"https:\/\/delcetino.eu\/en\/#website","url":"https:\/\/delcetino.eu\/en\/","name":"Del Cetino Olijfolie","description":"Authentieke Olijfolie uit Spanje","potentialAction":[{"@type":"SearchAction","target":{"@type":"EntryPoint","urlTemplate":"https:\/\/delcetino.eu\/en\/?s={search_term_string}"},"query-input":"required name=search_term_string"}],"inLanguage":"es"}]}},"_links":{"self":[{"href":"https:\/\/delcetino.eu\/es\/wp-json\/wp\/v2\/pages\/2912","targetHints":{"allow":["GET"]}}],"collection":[{"href":"https:\/\/delcetino.eu\/es\/wp-json\/wp\/v2\/pages"}],"about":[{"href":"https:\/\/delcetino.eu\/es\/wp-json\/wp\/v2\/types\/page"}],"author":[{"embeddable":true,"href":"https:\/\/delcetino.eu\/es\/wp-json\/wp\/v2\/users\/1"}],"replies":[{"embeddable":true,"href":"https:\/\/delcetino.eu\/es\/wp-json\/wp\/v2\/comments?post=2912"}],"version-history":[{"count":0,"href":"https:\/\/delcetino.eu\/es\/wp-json\/wp\/v2\/pages\/2912\/revisions"}],"wp:attachment":[{"href":"https:\/\/delcetino.eu\/es\/wp-json\/wp\/v2\/media?parent=2912"}],"curies":[{"name":"wp","href":"https:\/\/api.w.org\/{rel}","templated":true}]}}