{"id":2916,"date":"2017-06-14T03:41:59","date_gmt":"2017-06-14T03:41:59","guid":{"rendered":"https:\/\/delcetino.eu\/traditie-del-cetino-olijfolie\/"},"modified":"2023-12-20T08:37:11","modified_gmt":"2023-12-20T08:37:11","slug":"el-arte-del-cetino-aceite-de-oliva-virgen-extra-2","status":"publish","type":"page","link":"https:\/\/delcetino.eu\/es\/el-arte-del-cetino-aceite-de-oliva-virgen-extra-2\/","title":{"rendered":"El Arte Del Cetino Aceite De Oliva Virgen Extra"},"content":{"rendered":"<style type=\"text\/css\" scoped=\"scoped\">#g1-section-1.g1-section {background-repeat:no-repeat; background-position:left top; background-attachment:static;}<\/style><div id=\"g1-section-1\" class=\"g1-section \"><div class=\"g1-layout-inner\">\n<div id=\"g1-box-counter-1\" class=\"g1-box g1-box--simple  g1-box--noicon\" ><div class=\"g1-box__inner\">\n<h2>Pura Clase<\/h2>\n<ul class=\"g1-grid\"><li class=\"g1-column g1-one-half g1-valign-top\">\n<p>Se produce aceite de oliva \u2018Del Cetino\u2019 en Bollullos par del Condado, situado en Condado de Huelva, entre la Sierra de Aracena y la Costa de la Luz.<\/p>\n<p>Del Cetino significa literalmente &#8216;de El Cetino&#8217;, y \u2018El Cetino\u2019 apunta un lugar bien definido en el campo al norte del pueblo.<\/p>\n<p>Tambi\u00e9n es bueno saber que la palabra \u2018Cetino\u2019 est\u00e1 estrechamente relacionada con la vieja palabra andaluza &#8216;El Cetrino&#8217;, que significa un verde oliva.<\/p>\n<\/li><!-- -->\n<li class=\"g1-column g1-one-half g1-valign-top\">\n<p><img decoding=\"async\" src=\"\/wp-content\/uploads\/2014\/11\/del-cetino-olijfolie-boomgaard.jpg\" alt=\"\" \/><\/p>\n<\/li><!-- --><\/ul>\n<\/div><\/div>\n<div id=\"g1-box-counter-2\" class=\"g1-box g1-box--simple  g1-box--noicon\" ><div class=\"g1-box__inner\">\n<h2>La finca<\/h2>\n<ul class=\"g1-grid\"><li class=\"g1-column g1-one-half g1-valign-top\">\n<p>La finca &#8216;Del Cetino&#8217; cubre 10 ha.<\/p>\n<p>Por un lado, delimitado por un Parque Natural con alcornoques y por otro lado por el prado t\u00edpico del Condado salvaje.<\/p>\n<p>Actualmente, contamos con 1700 \u00e1rboles.<\/p>\n<p>Las variedades m\u00e1s importante son \u2018Picual\u2019, \u2018Verdial\u2019 y \u2018Arbequina\u2019. Adem\u00e1s, hay una presencia limitada de \u2018Gordales\u2019, \u2018Manzanilla\u2019 y \u2018Zorzale\u00f1a\u2019. Estas \u00faltimas variedades a\u00fan no se comercializan.<\/p>\n<\/li><!-- -->\n<li class=\"g1-column g1-one-half g1-valign-top\">\n<p><img decoding=\"async\" src=\"\/wp-content\/uploads\/2014\/11\/del-cetino-olijfolie-landschap.jpg\" alt=\"\" \/><br \/>\n<\/li><!-- --><\/ul>\n<\/div><\/div>\n<div id=\"g1-box-counter-3\" class=\"g1-box g1-box--simple  g1-box--noicon\" ><div class=\"g1-box__inner\">\n<h2>El momento \u00f3ptimo de recolecci\u00f3n<\/h2>\n<ul class=\"g1-grid\"><li class=\"g1-column g1-one-half g1-valign-top\">\n<p>En el sur de Espa\u00f1a, hay variedades que se maduran ya a partir de finales de septiembre y otras que pueden ser recogidas hasta enero. Cada variedad evoluciona de un verde intenso hasta una piel negra y pulpa morada.<\/p>\n<p>M\u00e1s tarde se recogen, m\u00e1s maduran ser\u00e1n y mayor ser\u00e1 el rendimiento. Por otro lado, aceitunas recogidas tempranas dan un aceite que es mucho m\u00e1s afrutado, con un mont\u00f3n de sabores sutiles de &#8216;verde&#8217;.<\/p>\n<p>El proceso de maduraci\u00f3n depende de la variedad.<br \/>\nPor lo tanto se debe determinar el momento de la cosecha con cuidado. Sin duda cuando se busca un aceite fragante y fresco.<\/p>\n<\/li><!-- --><br \/>\n<li class=\"g1-column g1-one-half g1-valign-top\">\n<p><img decoding=\"async\" src=\"\/wp-content\/uploads\/2014\/11\/del-cetino-olijfolie-plukmoment.jpg\" alt=\"\" \/><br \/>\n<\/li><!-- --><\/ul><\/p>\n<\/div><\/div>\n<div id=\"g1-box-counter-4\" class=\"g1-box g1-box--simple  g1-box--noicon\" ><div class=\"g1-box__inner\">\n<h2>La recolecci\u00f3n<\/h2>\n<ul class=\"g1-grid\"><li class=\"g1-column g1-one-half g1-valign-top\">\n<p>Durante la cosecha, es de suma importancia no da\u00f1ar los frutos y llevarlos tan frescos como sea posible al molino.<\/p>\n<p>Para un productor peque\u00f1o este es el verdadero desaf\u00edo.<\/p>\n<p>No puede utilizar m\u00e1quinas de recolecci\u00f3n costosa ni apelar a decenas de recolectores.<\/p>\n<p>Ser creativo es la clave cuando la producci\u00f3n de aceite de calidad es el objetivo.<\/p>\n<\/li><!-- -->\n<li class=\"g1-column g1-one-half g1-valign-top\">\n<p><img decoding=\"async\" src=\"\/wp-content\/uploads\/2014\/11\/del-cetino-olijfolie-handplukken-1.jpg\" alt=\"\" \/><br \/>\n<\/li><!-- --><\/ul>\n<\/div><\/div>\n<div id=\"g1-box-counter-5\" class=\"g1-box g1-box--simple  g1-box--noicon\" ><div class=\"g1-box__inner\">\n<h2>El \u2018Cestino\u2019<\/h2>\n<ul class=\"g1-grid\"><li class=\"g1-column g1-one-half g1-valign-top\">\n<p>El m\u00e9todo tradicional de cosechado utiliza palos largos para golpear los ramones del \u00e1rbol, provocando que las aceitunas caigan en la mallas extendidas por debajo del \u00e1rbol. Las mallas se arrastran de un olivo al siguiente hasta que hay una cantidad de aceituna que dificulta seguir con el desplazamiento. Sin embargo, no se puede evitar que en este desplazamiento, se da\u00f1en muchos frutos.<\/p>\n<p>Para solucionar \u00e9ste problema, Hemos dise\u00f1ado una m\u00e1quina manual: el &#8216;Del Cestino&#8217;. Se trata de una paraguas invertido manual que se coloca por debajo del \u00e1rbol. Con vibradores de rama se sacuden las aceitunas del \u00e1rbol, que pasa a trav\u00e9s de un apertura hasta una caja de fruta. Como tal, las aceitunas ya no caen en el suelo y no son contaminadas o da\u00f1adas.<\/p>\n<\/li><!-- -->\n<li class=\"g1-column g1-one-half g1-valign-top\">\n<p><img decoding=\"async\" src=\"\/wp-content\/uploads\/2017\/06\/cestino-del-cetino.jpg\" alt=\"Cestino\" \/><\/p>\n<\/li><!-- --><\/ul>\n<\/div><\/div>\n<div id=\"g1-box-counter-6\" class=\"g1-box g1-box--simple  g1-box--noicon\" ><div class=\"g1-box__inner\">\n<h2>La Frigo-conservaci\u00f3n<\/h2>\n<ul class=\"g1-grid\"><li class=\"g1-column g1-one-half g1-valign-top\">\n<p>El per\u00edodo entre la cosecha y su molienda real es extremadamente importante para garantizar una buena calidad.<\/p>\n<p>Por esta raz\u00f3n hemos construido una c\u00e1mara de fr\u00edo en la finca. Un refrigeraci\u00f3n a 5 \u00b0 C protege los frutos frente a procesos de fermentaci\u00f3n.<\/p>\n<p>Al mismo tiempo, permite interrumpir la recolecci\u00f3n en caso de lluvia y hace posible que recogemos durante varios d\u00edas sin miedo a la p\u00e9rdida de la calidad.<\/p>\n<p>El impacto del &#8216;Cestino&#8217; y nuestro sistema de conservaci\u00f3n est\u00e1 siendo investigado actualmente en las universidades de C\u00f3rdoba y Sevilla. Los primeros resultados confirman que la calidad de los frutos y del aceite producido es muy elevada.<\/p>\n<\/li><!-- -->\n<li class=\"g1-column g1-one-half g1-valign-top\">\n<p><img decoding=\"async\" src=\"\/wp-content\/uploads\/2017\/06\/frigo-del-cetino.jpg\" alt=\"Frigo Del Cetino\" \/><\/p>\n<\/li><!-- --><\/ul>\n<\/div><\/div>\n<div id=\"g1-box-counter-7\" class=\"g1-box g1-box--simple  g1-box--noicon\" ><div class=\"g1-box__inner\">\n<h2>La Almazara<\/h2>\n<ul class=\"g1-grid\"><li class=\"g1-column g1-one-half g1-valign-top\"><br \/>\nEl aceite de &#8216;Del Cetino&#8217; se procesa en la almazara experimental del Instituto de la Grasa en Sevilla.<\/p>\n<p>En este centro de fama mundial, m\u00e1s de cien investigadores llevan a cabo estudios fundamentales en el campo de control de calidad y mejora del aceite de oliva.<\/p>\n<p>Es para nosotros un privilegio estar en este lugar y producir nuestro aceite bajo la supervisi\u00f3n del Prof. Dr. Fernando Mart\u00ednez Rom\u00e1n.<\/p>\n<p>La almazara experimental tiene m\u00faltiples l\u00edneas con equipos de \u00faltima generaci\u00f3n. Esto es esencial para producir un aceite de calidad superior: llena de aromas naturales, una abundancia de micro nutrientes, y todo esto junto con una acidez muy baja.<\/p>\n<\/li><!-- -->\n<li class=\"g1-column g1-one-half g1-valign-top\">\n<p><img decoding=\"async\" src=\"\/wp-content\/uploads\/2017\/06\/fiteren-del-cetino.jpg\" alt=\"olieperserij del cetino\" \/><\/p>\n<\/li><!-- --><\/ul>\n<ul class=\"g1-grid\"><li class=\"g1-column g1-one-half g1-valign-top\">\n<p><img decoding=\"async\" src=\"\/wp-content\/uploads\/2017\/06\/new-perserij-2.jpg\" alt=\"olieperserij del cetino\" \/><\/p>\n<\/li><!-- -->\n<li class=\"g1-column g1-one-half g1-valign-top\">\n<\/li><!-- --><\/ul>\n<\/div><\/div>\n<div id=\"g1-box-counter-8\" class=\"g1-box g1-box--simple  g1-box--noicon\" ><div class=\"g1-box__inner\">\n<h2>La producci\u00f3n<\/h2>\n<ul class=\"g1-grid\"><li class=\"g1-column g1-one-half g1-valign-top\">\n<p>Cuando por la ma\u00f1ana nuestras aceitunas entran a la almazara, se procesan inmediatamente.<\/p>\n<p>Despu\u00e9s de limpiar y lavar las aceitunas en el patio, se muelen y se pasan a una batidora para que las part\u00edculas de aceite se puedan agrupar en gotas m\u00e1s grandes.<\/p>\n<p>A continuaci\u00f3n, se extraen el aceite en un decanter donde la fuerza centr\u00edfuga separa el aceite de la pulpa y el agua.<\/p>\n<p>En una segunda etapa, el aceite se purifica m\u00e1s, al extraer restos de agua y residuo de materia org\u00e1nica por medio de una centrifugaci\u00f3n vertical.<\/p>\n<p>Desde ah\u00ed el aceite, va directamente a un recipiente de transporte. Por la tarde, nuestro aceite est\u00e1 listo y podemos llevarlos!<\/p>\n<p>A pesar de la impresionante maquinaria, no se utilizan en ning\u00fan momento durante el procedimiento, t\u00e9cnicas o sustancias qu\u00edmicas.<\/p>\n<p>T\u00e9cnica, conocimiento, higiene y pureza han desplazado la falsa imagen rom\u00e1ntica de los viejos procedimientos para siempre!<\/p>\n<p><img decoding=\"async\" src=\"\/wp-content\/uploads\/2017\/06\/new-persen-1.jpg\" alt=\"del cetino persen\" \/><\/p>\n<\/li><!-- -->\n<li class=\"g1-column g1-one-half g1-valign-top\">\n<p><img decoding=\"async\" src=\"\/wp-content\/uploads\/2017\/06\/new-persen-2.jpg\" alt=\"del cetino persen\" \/><\/p>\n<\/li><!-- --><\/ul>\n<\/div><\/div>\n<div id=\"g1-box-counter-9\" class=\"g1-box g1-box--simple  g1-box--noicon\" ><div class=\"g1-box__inner\">\n<h2>La extracci\u00f3n en fr\u00edo<\/h2>\n<ul class=\"g1-grid\"><li class=\"g1-column g1-one-half g1-valign-top\">\n<p>Todo el proceso ocurre a baja temperatura. Es decir, no supera los 27\u00b0 C.<\/p>\n<p>Este proceso se conoce como &#8216;extracci\u00f3n en fr\u00edo\u2019.<\/p>\n<p>Este aspecto es muy importante.<\/p>\n<p>Mediante el calentamiento de la masa de aceituna en la batidora, se puede lograr un mayor rendimiento de aceite, pero eso inevitablemente influye en las caracter\u00edsticas de sabor y olor del aceite.<br \/>\nGarantizamos una extracci\u00f3n en fr\u00edo. Todo el proceso es controlado por una multitud de sensores y un sistema muy avanzado.<\/p>\n<p>Nuestra elecci\u00f3n es clara: m\u00e1xima calidad de sabor y olor es nuestro principal objetivo y la extracci\u00f3n en fr\u00edo es una necesidad para lograrlo.<\/p>\n<p>El conocimiento del &#8216;Maestro de almazara&#8217; es esencial en este proceso. \u00c9l determina la temperatura ideal y duraci\u00f3n durante las distintas fases del proceso de producci\u00f3n, teniendo en cuenta el tipo de aceitunas y su madurez, y lo que quiere el productor en t\u00e9rminos de caracter\u00edsticas de rendimiento y sabor.<\/p>\n<p>Por lo tanto es algo m\u00e1s complejo que lo que parece a primera vista el proceso de elaboraci\u00f3n de aceite.<\/p>\n<\/li><!-- -->\n<li class=\"g1-column g1-one-half g1-valign-top\">\n<p><img decoding=\"async\" src=\"\/wp-content\/uploads\/2017\/06\/koude-persing.jpg\" alt=\"Koude Persing Del Cetino\" \/><\/p>\n<\/li><!-- --><\/ul>\n<\/div><\/div>\n<div id=\"g1-box-counter-10\" class=\"g1-box g1-box--simple  g1-box--noicon\" ><div class=\"g1-box__inner\">\n<h2>La filtraci\u00f3n<\/h2>\n<ul class=\"g1-grid\"><li class=\"g1-column g1-one-half g1-valign-top\">\n<p>Antes de embotellar se filtra el aceite.<\/p>\n<p>Esto es necesario para eliminar las \u00faltimas impurezas del aceite. No hacerlo aumenta las posibilidades de que el aceite se deteriora despu\u00e9s de algunos meses. A pesar de todo el marketing que gira alrededor del \u2018sin filtrar\u2019, la naturaleza es indomable aqu\u00ed.<\/p>\n<p>El filtrado se realiza en la finca. Despu\u00e9s de un d\u00eda de descanso, se filtra el aceite con un filtro de celulosa y se almacena. \u00a1Estamos listos para embotellar!<\/p>\n<\/li><!-- -->\n<li class=\"g1-column g1-one-half g1-valign-top\">\n<p><img decoding=\"async\" src=\"\/wp-content\/uploads\/2017\/06\/fiteren-del-cetino-1.jpg\" alt=\"\" \/><br \/>\n<\/li><!-- --><\/ul>\n<\/div><\/div>\n<div id=\"g1-box-counter-11\" class=\"g1-box g1-box--simple  g1-box--noicon\" ><div class=\"g1-box__inner\">\n<h2>El embotellado<\/h2>\n<ul class=\"g1-grid\"><li class=\"g1-column g1-one-half g1-valign-top\">\n<p>El embotellado y etiquetado se realiza con m\u00e1quinas simples pero geniales. Dise\u00f1ado para el peque\u00f1o productor que desea garantizar la mejor calidad.<\/p>\n<p>Lo \u00fanico que queda es colocar las botellas en cajas y enviarlas \u00a1A saborear y cocinar!<\/p>\n<\/li><!-- -->\n<li class=\"g1-column g1-one-half g1-valign-top\">\n<p><img decoding=\"async\" src=\"\/wp-content\/uploads\/2017\/06\/bottelen-del-cetino-1.jpg\" alt=\"\" \/><br \/>\n<\/li><!-- --><\/ul>\n<\/div><\/div>\n<div id=\"g1-box-counter-12\" class=\"g1-box g1-box--simple  g1-box--noicon\" ><div class=\"g1-box__inner\">\n<h2>El almacenamiento<\/h2>\n<ul class=\"g1-grid\"><li class=\"g1-column g1-one-half g1-valign-top\">\n<p>Para el almacenamiento de un debe respetarse una regla de oro: Evitar la luz y el aire.<\/p>\n<p>Ambos factores afectan negativamente la calidad y el sabor del aceite.<\/p>\n<p>Por lo tanto, el aceite Del Cetino viene en elegantes botellas de cristal oscuro (25 y 50cl) o en un baginbox 3 l. Ambos aseguran que el aceite no est\u00e9 expuesto a la luz.<\/p>\n<p>Aceite de oliva virgen extra, bien conservado, conserva su sabor durante m\u00e1s de un a\u00f1o pero luego se reduce irreversiblemente. \u00a1No dejarlo ir, para disfr\u00fatarlo!<\/p>\n<\/li><!-- -->\n<li class=\"g1-column g1-one-half g1-valign-top\">\n<p><img decoding=\"async\" src=\"\/wp-content\/uploads\/2017\/06\/verpakkingen-del-cetino.jpg\" alt=\"verpakking del cetino\" \/><\/p>\n<\/li><!-- --><\/ul>\n<\/div><\/div>\n<div id=\"g1-box-counter-13\" class=\"g1-box g1-box--simple  g1-box--noicon\" ><div class=\"g1-box__inner\">\n<h1>La Gente de Del Cetino<\/h1>\n<p>&nbsp;<\/p>\n<h2>Eddy y Christa<\/h2>\n<ul class=\"g1-grid\"><li class=\"g1-column g1-one-half g1-valign-top\">\n<p>Una investigaci\u00f3n antropol\u00f3gica de Eddy nos trajo a esta regi\u00f3n de Andaluc\u00eda.<\/p>\n<p>Recientemente, hemos decidido comprometernos plenamente a la producci\u00f3n de aceite de oliva Del Cetino.<br \/>\nPeque\u00f1a escala, calidad y conciencia ecol\u00f3gica determinan nuestra elecci\u00f3n de productos y t\u00e9cnicas.<\/p>\n<\/li><!-- -->\n<li class=\"g1-column g1-one-half g1-valign-top\"><br \/>\n<img decoding=\"async\" src=\"\/wp-content\/uploads\/2014\/11\/del-cetino-olijfolie-eddy-christa.jpg\" alt=\"\" \/><br \/>\n<\/li><!-- --><\/ul>\n<h2>Antonio \u2018Periko\u2019, Antonio \u2018Reales\u2019,<br \/>\nRosado, Amauro,\u2026<\/h2>\n<ul class=\"g1-grid\"><li class=\"g1-column g1-one-half g1-valign-top\">\n<p>Una plantaci\u00f3n de olivos requiere atenci\u00f3n durante todo el a\u00f1o. El mantenimiento del suelo, la poda de los \u00e1rboles, el control y tratamiento de enfermedades, son s\u00f3lo algunos ejemplos de esto. Todas estas actividades se deben hacer con conocimiento.<\/p>\n<p>&#8216;Periko&#8217; y Antonio participan en la plantaci\u00f3n, el mantenimiento estacional y la recolecci\u00f3n.<br \/>\nRosado y Amauro se incorporan durante la cosecha.<\/p>\n<\/li><!-- -->\n<li class=\"g1-column g1-one-half g1-valign-top\">\n<p><img decoding=\"async\" src=\"\/wp-content\/uploads\/2014\/11\/del-cetino-olijfolie-de-mensen-1.jpg\" alt=\"\" \/><\/p>\n<\/li><!-- --><\/ul>\n<ul class=\"g1-grid\"><li class=\"g1-column g1-one-half g1-valign-top\">\n<p><img decoding=\"async\" src=\"\/wp-content\/uploads\/2014\/11\/del-cetino-olijfolie-de-mensen-2.jpg\" alt=\"\" \/><\/p>\n<\/li><!-- -->\n<li class=\"g1-column g1-one-half g1-valign-top\">\n<p><img decoding=\"async\" src=\"\/wp-content\/uploads\/2014\/11\/del-cetino-olijfolie-de-mensen-3.jpg\" alt=\"\" \/><\/p>\n<\/li><!-- --><\/ul>\n<h2><\/h2>\n<\/div><\/div>\n<span id=\"g1-space-1\" class=\"g1-space \" style=\"height:30px;\"><\/span>\n<p><iframe loading=\"lazy\" src=\"https:\/\/player.vimeo.com\/video\/220712272?color=9dc427&amp;title=0&amp;byline=0&amp;portrait=0\" width=\"960\" height=\"540\" frameborder=\"0\" allowfullscreen=\"allowfullscreen\"><\/iframe><\/p>\n<span id=\"g1-space-2\" class=\"g1-space \" style=\"height:20px;\"><\/span>\n<div id=\"g1-divider-1\" class=\"g1-divider g1-divider--none g1-divider--noicon \"><\/div>\n<\/div><\/div>\n<style type=\"text\/css\" scoped=\"scoped\">#g1-section-2.g1-section {background-repeat:no-repeat; background-position:center top; background-attachment:fixed;}<\/style><div id=\"g1-section-2\" class=\"g1-section \"><div class=\"g1-layout-inner\">\n<span id=\"g1-space-3\" class=\"g1-space \" style=\"margin-top:-40px;\"><\/span>\n<h2 class=\"g1-h1\" style=\"text-align: center; margin-bottom: 20px;\">ENTRE LAS MONTA\u00d1AS Y EL MAR<\/h2>\r\n<h4 style=\"text-align: center; margin: -10px 0 30px 0;\">En Bollullos par del Condado, en la provincia de Huelva, entre las monta\u00f1as y el mar, las aceitunas de Del Cetino crecen en un finca de 10 ha. Rodeado de un parque natural con alcornoques y el prado que es t\u00edpico de esta regi\u00f3n.<\/h4>\r\n<p><img loading=\"lazy\" decoding=\"async\" class=\"aligncenter wp-image-2159\" style=\"margin-bottom: 20px;\" src=\"https:\/\/delcetino.eu\/wp-content\/uploads\/2014\/08\/del-cetino-landschap-300x100.jpg\" alt=\"del-cetino-landschap\" width=\"500\" height=\"168\" srcset=\"https:\/\/delcetino.eu\/wp-content\/uploads\/2014\/08\/del-cetino-landschap-300x100.jpg 300w, https:\/\/delcetino.eu\/wp-content\/uploads\/2014\/08\/del-cetino-landschap-600x202.jpg 600w, https:\/\/delcetino.eu\/wp-content\/uploads\/2014\/08\/del-cetino-landschap-968x325.jpg 968w, https:\/\/delcetino.eu\/wp-content\/uploads\/2014\/08\/del-cetino-landschap-636x213.jpg 636w, https:\/\/delcetino.eu\/wp-content\/uploads\/2014\/08\/del-cetino-landschap-320x107.jpg 320w, https:\/\/delcetino.eu\/wp-content\/uploads\/2014\/08\/del-cetino-landschap-239x80.jpg 239w, https:\/\/delcetino.eu\/wp-content\/uploads\/2014\/08\/del-cetino-landschap.jpg 1000w\" sizes=\"auto, (max-width: 500px) 100vw, 500px\" \/><\/p>\n<span id=\"g1-space-4\" class=\"g1-space \" style=\"height:1.5em;\"><\/span>\n<div id=\"g1-box-counter-14\" class=\"g1-box g1-box--simple  g1-box--noicon\" ><div class=\"g1-box__inner\">\n<ul class=\"g1-grid\"><li class=\"g1-column g1-two-third g1-valign-middle\">\n<h2>\u00bfD\u00f3nde comprar Del Cetino aceite?<\/h2>\n<\/li><!-- -->\n<li class=\"g1-column g1-one-third g1-valign-middle\">\n<a id=\"g1-button-1\" class=\"g1-button g1-button--big g1-button--solid g1-button--wide \" href=\"\/es\/del-cetino-donde-comprar\/\" >Encontrar un distribuidor<\/a>\n<\/li><!-- --><\/ul>\n<\/div><\/div>\n<div id=\"g1-box-counter-15\" class=\"g1-box g1-box--simple  g1-box--noicon\" ><div class=\"g1-box__inner\">\n<ul class=\"g1-grid\"><li class=\"g1-column g1-two-third g1-valign-middle\">\n<h2>Convertirse en un distribuidor<\/h2>\n<\/li><!-- -->\n<li class=\"g1-column g1-one-third g1-valign-middle\">\n<a id=\"g1-button-2\" class=\"g1-button g1-button--big g1-button--solid g1-button--wide \" href=\"\/es\/del-cetino-convertirse-en-un-distribuidor\/\" >Contacto<\/a>\n<\/li><!-- --><\/ul>\n<\/div><\/div>\n<\/div><\/div>\n","protected":false},"excerpt":{"rendered":"","protected":false},"author":1,"featured_media":0,"parent":0,"menu_order":70,"comment_status":"closed","ping_status":"closed","template":"g1_template_page_full_sections.php","meta":{"footnotes":""},"class_list":["post-2916","page","type-page","status-publish"],"yoast_head":"<!-- This site is optimized with the Yoast SEO plugin v21.7 - https:\/\/yoast.com\/wordpress\/plugins\/seo\/ -->\n<title>El Arte Del Cetino Aceite De Oliva Virgen Extra - Del Cetino Olijfolie<\/title>\n<meta name=\"description\" content=\"El Arte Del Cetino Aceite De Oliva Virgen Extra\" \/>\n<meta name=\"robots\" content=\"index, follow, max-snippet:-1, max-image-preview:large, max-video-preview:-1\" \/>\n<link rel=\"canonical\" href=\"https:\/\/delcetino.eu\/es\/el-arte-del-cetino-aceite-de-oliva-virgen-extra-2\/\" \/>\n<meta property=\"og:locale\" content=\"es_ES\" \/>\n<meta property=\"og:type\" content=\"article\" \/>\n<meta property=\"og:title\" content=\"El Arte Del Cetino Aceite De Oliva Virgen Extra - Del Cetino Olijfolie\" \/>\n<meta property=\"og:description\" content=\"El Arte Del Cetino Aceite De Oliva Virgen Extra\" \/>\n<meta property=\"og:url\" content=\"https:\/\/delcetino.eu\/es\/el-arte-del-cetino-aceite-de-oliva-virgen-extra-2\/\" \/>\n<meta property=\"og:site_name\" content=\"Del Cetino Olijfolie\" \/>\n<meta property=\"article:modified_time\" content=\"2023-12-20T08:37:11+00:00\" \/>\n<meta name=\"twitter:label1\" content=\"Tiempo de lectura\" \/>\n\t<meta name=\"twitter:data1\" content=\"9 minutos\" \/>\n<script type=\"application\/ld+json\" class=\"yoast-schema-graph\">{\"@context\":\"https:\/\/schema.org\",\"@graph\":[{\"@type\":\"WebPage\",\"@id\":\"https:\/\/delcetino.eu\/es\/el-arte-del-cetino-aceite-de-oliva-virgen-extra-2\/\",\"url\":\"https:\/\/delcetino.eu\/es\/el-arte-del-cetino-aceite-de-oliva-virgen-extra-2\/\",\"name\":\"El Arte Del Cetino Aceite De Oliva Virgen Extra - Del Cetino Olijfolie\",\"isPartOf\":{\"@id\":\"https:\/\/delcetino.eu\/en\/#website\"},\"datePublished\":\"2017-06-14T03:41:59+00:00\",\"dateModified\":\"2023-12-20T08:37:11+00:00\",\"description\":\"El Arte Del Cetino Aceite De Oliva Virgen Extra\",\"breadcrumb\":{\"@id\":\"https:\/\/delcetino.eu\/es\/el-arte-del-cetino-aceite-de-oliva-virgen-extra-2\/#breadcrumb\"},\"inLanguage\":\"es\",\"potentialAction\":[{\"@type\":\"ReadAction\",\"target\":[\"https:\/\/delcetino.eu\/es\/el-arte-del-cetino-aceite-de-oliva-virgen-extra-2\/\"]}]},{\"@type\":\"BreadcrumbList\",\"@id\":\"https:\/\/delcetino.eu\/es\/el-arte-del-cetino-aceite-de-oliva-virgen-extra-2\/#breadcrumb\",\"itemListElement\":[{\"@type\":\"ListItem\",\"position\":1,\"name\":\"Del Cetino\",\"item\":\"https:\/\/delcetino.eu\/es\/\"},{\"@type\":\"ListItem\",\"position\":2,\"name\":\"El Arte Del Cetino Aceite De Oliva Virgen Extra\"}]},{\"@type\":\"WebSite\",\"@id\":\"https:\/\/delcetino.eu\/en\/#website\",\"url\":\"https:\/\/delcetino.eu\/en\/\",\"name\":\"Del Cetino Olijfolie\",\"description\":\"Authentieke Olijfolie uit Spanje\",\"potentialAction\":[{\"@type\":\"SearchAction\",\"target\":{\"@type\":\"EntryPoint\",\"urlTemplate\":\"https:\/\/delcetino.eu\/en\/?s={search_term_string}\"},\"query-input\":\"required name=search_term_string\"}],\"inLanguage\":\"es\"}]}<\/script>\n<!-- \/ Yoast SEO plugin. -->","yoast_head_json":{"title":"El Arte Del Cetino Aceite De Oliva Virgen Extra - Del Cetino Olijfolie","description":"El Arte Del Cetino Aceite De Oliva Virgen Extra","robots":{"index":"index","follow":"follow","max-snippet":"max-snippet:-1","max-image-preview":"max-image-preview:large","max-video-preview":"max-video-preview:-1"},"canonical":"https:\/\/delcetino.eu\/es\/el-arte-del-cetino-aceite-de-oliva-virgen-extra-2\/","og_locale":"es_ES","og_type":"article","og_title":"El Arte Del Cetino Aceite De Oliva Virgen Extra - Del Cetino Olijfolie","og_description":"El Arte Del Cetino Aceite De Oliva Virgen Extra","og_url":"https:\/\/delcetino.eu\/es\/el-arte-del-cetino-aceite-de-oliva-virgen-extra-2\/","og_site_name":"Del Cetino Olijfolie","article_modified_time":"2023-12-20T08:37:11+00:00","twitter_misc":{"Tiempo de lectura":"9 minutos"},"schema":{"@context":"https:\/\/schema.org","@graph":[{"@type":"WebPage","@id":"https:\/\/delcetino.eu\/es\/el-arte-del-cetino-aceite-de-oliva-virgen-extra-2\/","url":"https:\/\/delcetino.eu\/es\/el-arte-del-cetino-aceite-de-oliva-virgen-extra-2\/","name":"El Arte Del Cetino Aceite De Oliva Virgen Extra - Del Cetino Olijfolie","isPartOf":{"@id":"https:\/\/delcetino.eu\/en\/#website"},"datePublished":"2017-06-14T03:41:59+00:00","dateModified":"2023-12-20T08:37:11+00:00","description":"El Arte Del Cetino Aceite De Oliva Virgen Extra","breadcrumb":{"@id":"https:\/\/delcetino.eu\/es\/el-arte-del-cetino-aceite-de-oliva-virgen-extra-2\/#breadcrumb"},"inLanguage":"es","potentialAction":[{"@type":"ReadAction","target":["https:\/\/delcetino.eu\/es\/el-arte-del-cetino-aceite-de-oliva-virgen-extra-2\/"]}]},{"@type":"BreadcrumbList","@id":"https:\/\/delcetino.eu\/es\/el-arte-del-cetino-aceite-de-oliva-virgen-extra-2\/#breadcrumb","itemListElement":[{"@type":"ListItem","position":1,"name":"Del Cetino","item":"https:\/\/delcetino.eu\/es\/"},{"@type":"ListItem","position":2,"name":"El Arte Del Cetino Aceite De Oliva Virgen Extra"}]},{"@type":"WebSite","@id":"https:\/\/delcetino.eu\/en\/#website","url":"https:\/\/delcetino.eu\/en\/","name":"Del Cetino Olijfolie","description":"Authentieke Olijfolie uit Spanje","potentialAction":[{"@type":"SearchAction","target":{"@type":"EntryPoint","urlTemplate":"https:\/\/delcetino.eu\/en\/?s={search_term_string}"},"query-input":"required name=search_term_string"}],"inLanguage":"es"}]}},"_links":{"self":[{"href":"https:\/\/delcetino.eu\/es\/wp-json\/wp\/v2\/pages\/2916","targetHints":{"allow":["GET"]}}],"collection":[{"href":"https:\/\/delcetino.eu\/es\/wp-json\/wp\/v2\/pages"}],"about":[{"href":"https:\/\/delcetino.eu\/es\/wp-json\/wp\/v2\/types\/page"}],"author":[{"embeddable":true,"href":"https:\/\/delcetino.eu\/es\/wp-json\/wp\/v2\/users\/1"}],"replies":[{"embeddable":true,"href":"https:\/\/delcetino.eu\/es\/wp-json\/wp\/v2\/comments?post=2916"}],"version-history":[{"count":0,"href":"https:\/\/delcetino.eu\/es\/wp-json\/wp\/v2\/pages\/2916\/revisions"}],"wp:attachment":[{"href":"https:\/\/delcetino.eu\/es\/wp-json\/wp\/v2\/media?parent=2916"}],"curies":[{"name":"wp","href":"https:\/\/api.w.org\/{rel}","templated":true}]}}