{"id":3040,"date":"2019-08-29T11:00:29","date_gmt":"2019-08-29T11:00:29","guid":{"rendered":"https:\/\/delcetino.eu\/?page_id=3040\/"},"modified":"2023-12-20T08:37:07","modified_gmt":"2023-12-20T08:37:07","slug":"del-cetino-premios-2019","status":"publish","type":"page","link":"https:\/\/delcetino.eu\/es\/del-cetino-premios-2019\/","title":{"rendered":"Del Cetino Premios 2019"},"content":{"rendered":"<div id=\"g1-box-counter-1\" class=\"g1-box g1-box--simple  g1-box--noicon\" ><div class=\"g1-box__inner\">\n<div style=\"margin: 0px 20px; text-align: center;\">\r\n<h2 style=\"text-align: center;\"><img decoding=\"async\" class=\"aligncenter size-full wp-image-2536\" src=\"https:\/\/delcetino.eu\/wp-content\/uploads\/2019\/08\/del-cetino-gold-award-no-title.png\" alt=\"del cetino gold award 2019\" width=\"200\" height=\"auto\" \/><br \/>DE NEW YORK INTERNATIONAL OLIVE OIL COMPETICION (NYIOOC)<\/h2>\r\n<\/div>\r\n<p>&nbsp;<\/p>\r\n<div style=\"margin: 0 20px;\"><img loading=\"lazy\" decoding=\"async\" class=\"aligncenter size-full wp-image-2540\" src=\"https:\/\/delcetino.eu\/wp-content\/uploads\/2019\/08\/del-cetino-ga-2019-picual.gif\" alt=\"del cetino gold award 2019 Picual\" width=\"756\" height=\"506\" \/><\/div>\r\n<p>&nbsp;<\/p>\n<\/div><\/div>\n<div id=\"g1-box-counter-2\" class=\"g1-box g1-box--simple  g1-box--noicon\" ><div class=\"g1-box__inner\">\n<div style=\"margin: 0px 20px; text-align: center;\">\r\n<h2 style=\"text-align: center;\"><img decoding=\"async\" class=\"aligncenter size-full wp-image-2536\" src=\"https:\/\/delcetino.eu\/wp-content\/uploads\/2019\/08\/del-cetino-gold-award-no-title.png\" alt=\"del cetino gold award 2019\" width=\"200\" height=\"auto\" \/><br \/>DE NEW YORK INTERNATIONAL OLIVE OIL COMPETICION (NYIOOC)<\/h2>\r\n<\/div>\r\n&nbsp;\r\n<div style=\"margin: 0 20px;\"><img loading=\"lazy\" decoding=\"async\" class=\"aligncenter size-full wp-image-2540\" src=\"https:\/\/delcetino.eu\/wp-content\/uploads\/2019\/08\/del-cetino-ga-2019-arbequina.gif\" alt=\"del cetino gold award 2019 Arbequina\" width=\"756\" height=\"506\" \/><\/div>\r\n&nbsp;\n<\/div><\/div>\n<div id=\"g1-box-counter-3\" class=\"g1-box g1-box--simple  g1-box--noicon\" ><div class=\"g1-box__inner\">\n<div style=\"margin: 0px 20px; text-align: center;\">\r\n<h2 style=\"text-align: center;\"><img loading=\"lazy\" decoding=\"async\" class=\"aligncenter size-full wp-image-2536\" src=\"https:\/\/delcetino.eu\/wp-content\/uploads\/2017\/06\/golden-award-del-cetino-label.png\" alt=\"del cetino gold award\" width=\"200\" height=\"200\" srcset=\"https:\/\/delcetino.eu\/wp-content\/uploads\/2017\/06\/golden-award-del-cetino-label.png 200w, https:\/\/delcetino.eu\/wp-content\/uploads\/2017\/06\/golden-award-del-cetino-label-100x100.png 100w, https:\/\/delcetino.eu\/wp-content\/uploads\/2017\/06\/golden-award-del-cetino-label-150x150.png 150w, https:\/\/delcetino.eu\/wp-content\/uploads\/2017\/06\/golden-award-del-cetino-label-55x55.png 55w\" sizes=\"auto, (max-width: 200px) 100vw, 200px\" \/>EL CONCURSO INTERNACIONAL DE ACEITE DE OLIVA DE NUEVA YORK (NYIOOC) Y LA IMPORTANCIA DE LA 'GOLDEN AWARD' PARA DEL CETINO.<\/h2>\r\n<p>El concurso internacional en Nueva York clasifica la calidad del aceite de oliva virgen extra y es el mayor y m\u00e1s importante de su tipo.<br \/>\r\n<a href=\"https:\/\/www.oliveoiltimes.com\/reviews-opinions\/extra-virgin-olive-oil-competitions\/5th-nyiooc-will-biggest-yet\/54997\" target=\"_blank\" rel=\"noopener no referrer\">Enlace<\/a><p>\r\n\r\n<p>Es organizado por OLIVE OIL TIMES, una importante revista estadounidense, especializada en el mundo del aceite de oliva (comparable a, por ejemplo, Wine Spectator).<br \/>\r\n<a href=\"https:\/\/www.oliveoiltimes.com\" target=\"_blank\" rel=\"noopener noreferrer\">Enlace\r\n<\/a><\/p>\r\n<p>La creciente atenci\u00f3n en todo el mundo al aceite de oliva virgen extra, ha provocado un incremento en el n\u00famero de competencias locales, nacionales e internacionales.<p>\r\n\r\n<p>El NYIOOC es una referencia internacional indiscutible de seriedad, calidad entre las competiciones.<br \/>\r\n<a href=\"https:\/\/www.bestoliveoils.com\/about\" target=\"_blank\" rel=\"noopener noreferrer\">Enlace<\/a><\/p>\r\n\r\n<p>La edici\u00f3n de 2017 es la quinta de este concurso, con productores de 27 pa\u00edses y un total de 910 participantes. La competici\u00f3n se lleva a cabo con  un jurado de 15 reconocidos catadores profesionales de Francia, Italia, Espa\u00f1a, Estados Unidos, Jap\u00f3n, Grecia, Australia, Chile, Turqu\u00eda y T\u00fanez.<br \/>\r\n<a href=\"https:\/\/www.oliveoiltimes.com\/olive-oil-basics\/expert-tasters-japan-australia-u-s-chosen-lead-5th-nyiooc\/55763\" target=\"_blank\" rel=\"noopener no referrer\">Enlace<\/a><\/p>\r\n\r\n<p>El  objetivo es seleccionar entre los aceites de oliva participantes aquellos que cumplen los m\u00e1s altos est\u00e1ndares de calidad. Debido a las diferentes \u00e1reas de producci\u00f3n (hemisferios norte y sur), los modos de producci\u00f3n (ecol\u00f3gico o integral), variedades (blends y monovarietales) e intensidades de sabor diferente ('delicados', 'medios' y 'robustos'), se distinguen diferentes categor\u00edas.<\/p>\r\n\r\n<p>Entre los productores ganadores, se distinguen los mejores de la clase, el premio de oro y el Premio de plata. La evaluaci\u00f3n es, ante todo, una apreciaci\u00f3n de la calidad del producto.<br \/>\r\n(<a href=\"https:\/\/www.bestoliveoils.com\/\" target=\"_blank\" rel=\"noopener noreferrer\">www.bestoliveoils.com<\/a>)<\/p>\r\n\r\n<p>Junto con otros diez productores, DEL CETINO Picual gan\u00f3 el m\u00e1ximo galard\u00f3n en su categor\u00eda (PICUAL, medio): la medalla de Oro. Los productores ganadores ser\u00e1n presentados en un libro titulado \"Los mejores aceites de oliva del mundo\" y ser\u00e1n distribuidos en todo el mundo.<\/p>\r\n\r\n<p>Para Del Cetino, esa alta distinci\u00f3n y el reconocimiento internacional es extremadamente excepcional e importante. No s\u00f3lo porque hay un mont\u00f3n de aceite Picual producido en Espa\u00f1a, as\u00ed que la competencia interna es muy grande, sino tambi\u00e9n porque los premios principales han subido hasta ahora a los productores de renombre y prestigio. \u00a1En otras palabras, con raz\u00f3n, podemos estar orgullosos!<\/p><\/div>\r\n&nbsp;\r\n<div style=\"margin: 0 20px;\"><img loading=\"lazy\" decoding=\"async\" class=\"aligncenter size-full wp-image-2540\" src=\"https:\/\/delcetino.eu\/wp-content\/uploads\/2019\/08\/BestOliveOil-NYIOOC-2017.gif\" alt=\"del cetino gold award\" width=\"756\" height=\"506\" \/><\/div>\r\n&nbsp;\n<\/div><\/div>\n","protected":false},"excerpt":{"rendered":"","protected":false},"author":1,"featured_media":0,"parent":0,"menu_order":0,"comment_status":"closed","ping_status":"closed","template":"","meta":{"footnotes":""},"class_list":["post-3040","page","type-page","status-publish"],"yoast_head":"<!-- This site is optimized with the Yoast SEO plugin v21.7 - https:\/\/yoast.com\/wordpress\/plugins\/seo\/ -->\n<title>Del Cetino Premios 2019 - Del Cetino Olijfolie<\/title>\n<meta name=\"description\" content=\"Del Cetino Prensa Y Fuentes Preprensa\" \/>\n<meta name=\"robots\" content=\"index, follow, max-snippet:-1, max-image-preview:large, max-video-preview:-1\" \/>\n<link rel=\"canonical\" href=\"https:\/\/delcetino.eu\/es\/del-cetino-premios-2019\/\" \/>\n<meta property=\"og:locale\" content=\"es_ES\" \/>\n<meta property=\"og:type\" content=\"article\" \/>\n<meta property=\"og:title\" content=\"Del Cetino Premios 2019 - Del Cetino Olijfolie\" \/>\n<meta property=\"og:description\" content=\"Del Cetino Prensa Y Fuentes Preprensa\" \/>\n<meta property=\"og:url\" content=\"https:\/\/delcetino.eu\/es\/del-cetino-premios-2019\/\" \/>\n<meta property=\"og:site_name\" content=\"Del Cetino Olijfolie\" \/>\n<meta property=\"article:modified_time\" content=\"2023-12-20T08:37:07+00:00\" \/>\n<script type=\"application\/ld+json\" class=\"yoast-schema-graph\">{\"@context\":\"https:\/\/schema.org\",\"@graph\":[{\"@type\":\"WebPage\",\"@id\":\"https:\/\/delcetino.eu\/es\/del-cetino-premios-2019\/\",\"url\":\"https:\/\/delcetino.eu\/es\/del-cetino-premios-2019\/\",\"name\":\"Del Cetino Premios 2019 - Del Cetino Olijfolie\",\"isPartOf\":{\"@id\":\"https:\/\/delcetino.eu\/en\/#website\"},\"datePublished\":\"2019-08-29T11:00:29+00:00\",\"dateModified\":\"2023-12-20T08:37:07+00:00\",\"description\":\"Del Cetino Prensa Y Fuentes Preprensa\",\"breadcrumb\":{\"@id\":\"https:\/\/delcetino.eu\/es\/del-cetino-premios-2019\/#breadcrumb\"},\"inLanguage\":\"es\",\"potentialAction\":[{\"@type\":\"ReadAction\",\"target\":[\"https:\/\/delcetino.eu\/es\/del-cetino-premios-2019\/\"]}]},{\"@type\":\"BreadcrumbList\",\"@id\":\"https:\/\/delcetino.eu\/es\/del-cetino-premios-2019\/#breadcrumb\",\"itemListElement\":[{\"@type\":\"ListItem\",\"position\":1,\"name\":\"Del Cetino\",\"item\":\"https:\/\/delcetino.eu\/es\/\"},{\"@type\":\"ListItem\",\"position\":2,\"name\":\"Del Cetino Premios 2019\"}]},{\"@type\":\"WebSite\",\"@id\":\"https:\/\/delcetino.eu\/en\/#website\",\"url\":\"https:\/\/delcetino.eu\/en\/\",\"name\":\"Del Cetino Olijfolie\",\"description\":\"Authentieke Olijfolie uit Spanje\",\"potentialAction\":[{\"@type\":\"SearchAction\",\"target\":{\"@type\":\"EntryPoint\",\"urlTemplate\":\"https:\/\/delcetino.eu\/en\/?s={search_term_string}\"},\"query-input\":\"required name=search_term_string\"}],\"inLanguage\":\"es\"}]}<\/script>\n<!-- \/ Yoast SEO plugin. -->","yoast_head_json":{"title":"Del Cetino Premios 2019 - Del Cetino Olijfolie","description":"Del Cetino Prensa Y Fuentes Preprensa","robots":{"index":"index","follow":"follow","max-snippet":"max-snippet:-1","max-image-preview":"max-image-preview:large","max-video-preview":"max-video-preview:-1"},"canonical":"https:\/\/delcetino.eu\/es\/del-cetino-premios-2019\/","og_locale":"es_ES","og_type":"article","og_title":"Del Cetino Premios 2019 - Del Cetino Olijfolie","og_description":"Del Cetino Prensa Y Fuentes Preprensa","og_url":"https:\/\/delcetino.eu\/es\/del-cetino-premios-2019\/","og_site_name":"Del Cetino Olijfolie","article_modified_time":"2023-12-20T08:37:07+00:00","schema":{"@context":"https:\/\/schema.org","@graph":[{"@type":"WebPage","@id":"https:\/\/delcetino.eu\/es\/del-cetino-premios-2019\/","url":"https:\/\/delcetino.eu\/es\/del-cetino-premios-2019\/","name":"Del Cetino Premios 2019 - Del Cetino Olijfolie","isPartOf":{"@id":"https:\/\/delcetino.eu\/en\/#website"},"datePublished":"2019-08-29T11:00:29+00:00","dateModified":"2023-12-20T08:37:07+00:00","description":"Del Cetino Prensa Y Fuentes Preprensa","breadcrumb":{"@id":"https:\/\/delcetino.eu\/es\/del-cetino-premios-2019\/#breadcrumb"},"inLanguage":"es","potentialAction":[{"@type":"ReadAction","target":["https:\/\/delcetino.eu\/es\/del-cetino-premios-2019\/"]}]},{"@type":"BreadcrumbList","@id":"https:\/\/delcetino.eu\/es\/del-cetino-premios-2019\/#breadcrumb","itemListElement":[{"@type":"ListItem","position":1,"name":"Del Cetino","item":"https:\/\/delcetino.eu\/es\/"},{"@type":"ListItem","position":2,"name":"Del Cetino Premios 2019"}]},{"@type":"WebSite","@id":"https:\/\/delcetino.eu\/en\/#website","url":"https:\/\/delcetino.eu\/en\/","name":"Del Cetino Olijfolie","description":"Authentieke Olijfolie uit Spanje","potentialAction":[{"@type":"SearchAction","target":{"@type":"EntryPoint","urlTemplate":"https:\/\/delcetino.eu\/en\/?s={search_term_string}"},"query-input":"required name=search_term_string"}],"inLanguage":"es"}]}},"_links":{"self":[{"href":"https:\/\/delcetino.eu\/es\/wp-json\/wp\/v2\/pages\/3040","targetHints":{"allow":["GET"]}}],"collection":[{"href":"https:\/\/delcetino.eu\/es\/wp-json\/wp\/v2\/pages"}],"about":[{"href":"https:\/\/delcetino.eu\/es\/wp-json\/wp\/v2\/types\/page"}],"author":[{"embeddable":true,"href":"https:\/\/delcetino.eu\/es\/wp-json\/wp\/v2\/users\/1"}],"replies":[{"embeddable":true,"href":"https:\/\/delcetino.eu\/es\/wp-json\/wp\/v2\/comments?post=3040"}],"version-history":[{"count":0,"href":"https:\/\/delcetino.eu\/es\/wp-json\/wp\/v2\/pages\/3040\/revisions"}],"wp:attachment":[{"href":"https:\/\/delcetino.eu\/es\/wp-json\/wp\/v2\/media?parent=3040"}],"curies":[{"name":"wp","href":"https:\/\/api.w.org\/{rel}","templated":true}]}}