{"id":4187,"date":"2023-11-08T10:54:38","date_gmt":"2023-11-08T10:54:38","guid":{"rendered":"https:\/\/delcetino.eu\/?post_type=product&#038;p=4187"},"modified":"2023-11-09T10:02:22","modified_gmt":"2023-11-09T10:02:22","slug":"aceite-de-oliva-virgen-extra-variedad-picual","status":"publish","type":"product","link":"https:\/\/delcetino.eu\/es\/producto\/aceite-de-oliva-virgen-extra-variedad-picual\/","title":{"rendered":"Aceite de Oliva Virgen Extra variedad Picual"},"content":{"rendered":"<h2><strong>Aceite de Oliva Virgen Extra variedad Picual<\/strong><\/h2>\n<p>Un aceite feliz con un sabor afrutado y la celestial fragancia intensa de c\u00e9sped reci\u00e9n cortado. \u00a1Perfectamente \u00fatil para preparaciones fr\u00edas y calientes!<\/p>\n<p><strong>Caracter\u00edsticas<\/strong><\/p>\n<p>El Picual aceituna tiene un tama\u00f1o medio y pesa unos 3,2 gr.<\/p>\n<p>T\u00edpico es el punto m\u00e1s peque\u00f1o,&#8217;el pico&#8217;, en la parte inferior de la aceituna. La cosecha empieza a mediados de octubre.<\/p>\n<p>El aceite contiene un alto contenido de \u00e1cidos grasos insaturados y s\u00f3lo un porcentaje muy limitado de \u00e1cido linoleico.<\/p>\n<p>El aceite tiene mucho cuerpo, es muy afrutado y suave de sabor. Esto los hace tanto conveniente para la hornada, as\u00ed como ensaladas y gazpacho.<\/p>\n<p>&nbsp;<\/p>\n<p><strong>Embalaje <\/strong><\/p>\n<p>25 cl Vidrio obscuro<\/p>\n<p>50 cl Vidrio obscuro<\/p>\n<p>3L Baginbox<\/p>\n<p>Estuche de lujo (3x25cl o 1x50cl)<\/p>\n<p>&nbsp;<\/p>\n<p>&nbsp;<\/p>\n","protected":false},"excerpt":{"rendered":"<p>Un aceite feliz con un sabor afrutado y la celestial fragancia intensa de c\u00e9sped reci\u00e9n cortado. \u00a1Perfectamente \u00fatil para preparaciones fr\u00edas y calientes!<\/p>\n<p><strong>Caracter\u00edsticas<\/strong><\/p>\n<p>El Picual aceituna tiene un tama\u00f1o medio y pesa unos 3,2 gr.<\/p>\n<p>T\u00edpico es el punto m\u00e1s peque\u00f1o,&#8217;el pico&#8217;, en la parte inferior de la aceituna. La cosecha empieza a mediados de octubre.<\/p>\n<p>El aceite contiene un alto contenido de \u00e1cidos grasos insaturados y s\u00f3lo un porcentaje muy limitado de \u00e1cido linoleico.<\/p>\n<p>El aceite tiene mucho cuerpo, es muy afrutado y suave de sabor. Esto los hace tanto conveniente para la hornada, as\u00ed como ensaladas y gazpacho.<\/p>\n","protected":false},"featured_media":4016,"comment_status":"closed","ping_status":"closed","template":"","meta":[],"product_cat":[110,118],"product_tag":[],"class_list":{"0":"post-4187","1":"product","2":"type-product","3":"status-publish","4":"has-post-thumbnail","6":"product_cat-aceite-de-oliva-virgen-extra-es","7":"product_cat-picual-es"},"yoast_head":"<!-- This site is optimized with the Yoast SEO plugin v21.7 - https:\/\/yoast.com\/wordpress\/plugins\/seo\/ -->\n<title>Aceite de Oliva Virgen Extra variedad Picual - Del Cetino Olijfolie<\/title>\n<meta name=\"robots\" content=\"index, follow, max-snippet:-1, max-image-preview:large, max-video-preview:-1\" \/>\n<link rel=\"canonical\" href=\"https:\/\/delcetino.eu\/es\/producto\/aceite-de-oliva-virgen-extra-variedad-picual\/\" \/>\n<meta property=\"og:locale\" content=\"es_ES\" \/>\n<meta property=\"og:type\" content=\"article\" \/>\n<meta property=\"og:title\" content=\"Aceite de Oliva Virgen Extra variedad Picual - Del Cetino Olijfolie\" \/>\n<meta property=\"og:description\" content=\"Un aceite feliz con un sabor afrutado y la celestial fragancia intensa de c\u00e9sped reci\u00e9n cortado. \u00a1Perfectamente \u00fatil para preparaciones fr\u00edas y calientes!  Caracter\u00edsticas  El Picual aceituna tiene un tama\u00f1o medio y pesa unos 3,2 gr.  T\u00edpico es el punto m\u00e1s peque\u00f1o,&#039;el pico&#039;, en la parte inferior de la aceituna. La cosecha empieza a mediados de octubre.  El aceite contiene un alto contenido de \u00e1cidos grasos insaturados y s\u00f3lo un porcentaje muy limitado de \u00e1cido linoleico.  El aceite tiene mucho cuerpo, es muy afrutado y suave de sabor. Esto los hace tanto conveniente para la hornada, as\u00ed como ensaladas y gazpacho.\" \/>\n<meta property=\"og:url\" content=\"https:\/\/delcetino.eu\/es\/producto\/aceite-de-oliva-virgen-extra-variedad-picual\/\" \/>\n<meta property=\"og:site_name\" content=\"Del Cetino Olijfolie\" \/>\n<meta property=\"article:modified_time\" content=\"2023-11-09T10:02:22+00:00\" \/>\n<meta property=\"og:image\" content=\"https:\/\/delcetino.eu\/wp-content\/uploads\/2023\/09\/aceite-oliva-virgen-extra-picual-50cl.jpg\" \/>\n\t<meta property=\"og:image:width\" content=\"1000\" \/>\n\t<meta property=\"og:image:height\" content=\"973\" \/>\n\t<meta property=\"og:image:type\" content=\"image\/jpeg\" \/>\n<meta name=\"twitter:label1\" content=\"Tiempo de lectura\" \/>\n\t<meta name=\"twitter:data1\" content=\"1 minuto\" \/>\n<script type=\"application\/ld+json\" class=\"yoast-schema-graph\">{\"@context\":\"https:\/\/schema.org\",\"@graph\":[{\"@type\":\"WebPage\",\"@id\":\"https:\/\/delcetino.eu\/es\/producto\/aceite-de-oliva-virgen-extra-variedad-picual\/\",\"url\":\"https:\/\/delcetino.eu\/es\/producto\/aceite-de-oliva-virgen-extra-variedad-picual\/\",\"name\":\"Aceite de Oliva Virgen Extra variedad Picual - Del Cetino Olijfolie\",\"isPartOf\":{\"@id\":\"https:\/\/delcetino.eu\/en\/#website\"},\"datePublished\":\"2023-11-08T10:54:38+00:00\",\"dateModified\":\"2023-11-09T10:02:22+00:00\",\"breadcrumb\":{\"@id\":\"https:\/\/delcetino.eu\/es\/producto\/aceite-de-oliva-virgen-extra-variedad-picual\/#breadcrumb\"},\"inLanguage\":\"es\",\"potentialAction\":[{\"@type\":\"ReadAction\",\"target\":[\"https:\/\/delcetino.eu\/es\/producto\/aceite-de-oliva-virgen-extra-variedad-picual\/\"]}]},{\"@type\":\"BreadcrumbList\",\"@id\":\"https:\/\/delcetino.eu\/es\/producto\/aceite-de-oliva-virgen-extra-variedad-picual\/#breadcrumb\",\"itemListElement\":[{\"@type\":\"ListItem\",\"position\":1,\"name\":\"Del Cetino\",\"item\":\"https:\/\/delcetino.eu\/es\/\"},{\"@type\":\"ListItem\",\"position\":2,\"name\":\"Tienda\",\"item\":\"https:\/\/delcetino.eu\/es\/tienda\/\"},{\"@type\":\"ListItem\",\"position\":3,\"name\":\"Aceite de Oliva Virgen Extra variedad Picual\"}]},{\"@type\":\"WebSite\",\"@id\":\"https:\/\/delcetino.eu\/en\/#website\",\"url\":\"https:\/\/delcetino.eu\/en\/\",\"name\":\"Del Cetino Olijfolie\",\"description\":\"Authentieke Olijfolie uit Spanje\",\"potentialAction\":[{\"@type\":\"SearchAction\",\"target\":{\"@type\":\"EntryPoint\",\"urlTemplate\":\"https:\/\/delcetino.eu\/en\/?s={search_term_string}\"},\"query-input\":\"required name=search_term_string\"}],\"inLanguage\":\"es\"}]}<\/script>\n<!-- \/ Yoast SEO plugin. -->","yoast_head_json":{"title":"Aceite de Oliva Virgen Extra variedad Picual - Del Cetino Olijfolie","robots":{"index":"index","follow":"follow","max-snippet":"max-snippet:-1","max-image-preview":"max-image-preview:large","max-video-preview":"max-video-preview:-1"},"canonical":"https:\/\/delcetino.eu\/es\/producto\/aceite-de-oliva-virgen-extra-variedad-picual\/","og_locale":"es_ES","og_type":"article","og_title":"Aceite de Oliva Virgen Extra variedad Picual - Del Cetino Olijfolie","og_description":"Un aceite feliz con un sabor afrutado y la celestial fragancia intensa de c\u00e9sped reci\u00e9n cortado. \u00a1Perfectamente \u00fatil para preparaciones fr\u00edas y calientes!  Caracter\u00edsticas  El Picual aceituna tiene un tama\u00f1o medio y pesa unos 3,2 gr.  T\u00edpico es el punto m\u00e1s peque\u00f1o,'el pico', en la parte inferior de la aceituna. La cosecha empieza a mediados de octubre.  El aceite contiene un alto contenido de \u00e1cidos grasos insaturados y s\u00f3lo un porcentaje muy limitado de \u00e1cido linoleico.  El aceite tiene mucho cuerpo, es muy afrutado y suave de sabor. Esto los hace tanto conveniente para la hornada, as\u00ed como ensaladas y gazpacho.","og_url":"https:\/\/delcetino.eu\/es\/producto\/aceite-de-oliva-virgen-extra-variedad-picual\/","og_site_name":"Del Cetino Olijfolie","article_modified_time":"2023-11-09T10:02:22+00:00","og_image":[{"width":1000,"height":973,"url":"https:\/\/delcetino.eu\/wp-content\/uploads\/2023\/09\/aceite-oliva-virgen-extra-picual-50cl.jpg","type":"image\/jpeg"}],"twitter_misc":{"Tiempo de lectura":"1 minuto"},"schema":{"@context":"https:\/\/schema.org","@graph":[{"@type":"WebPage","@id":"https:\/\/delcetino.eu\/es\/producto\/aceite-de-oliva-virgen-extra-variedad-picual\/","url":"https:\/\/delcetino.eu\/es\/producto\/aceite-de-oliva-virgen-extra-variedad-picual\/","name":"Aceite de Oliva Virgen Extra variedad Picual - Del Cetino Olijfolie","isPartOf":{"@id":"https:\/\/delcetino.eu\/en\/#website"},"datePublished":"2023-11-08T10:54:38+00:00","dateModified":"2023-11-09T10:02:22+00:00","breadcrumb":{"@id":"https:\/\/delcetino.eu\/es\/producto\/aceite-de-oliva-virgen-extra-variedad-picual\/#breadcrumb"},"inLanguage":"es","potentialAction":[{"@type":"ReadAction","target":["https:\/\/delcetino.eu\/es\/producto\/aceite-de-oliva-virgen-extra-variedad-picual\/"]}]},{"@type":"BreadcrumbList","@id":"https:\/\/delcetino.eu\/es\/producto\/aceite-de-oliva-virgen-extra-variedad-picual\/#breadcrumb","itemListElement":[{"@type":"ListItem","position":1,"name":"Del Cetino","item":"https:\/\/delcetino.eu\/es\/"},{"@type":"ListItem","position":2,"name":"Tienda","item":"https:\/\/delcetino.eu\/es\/tienda\/"},{"@type":"ListItem","position":3,"name":"Aceite de Oliva Virgen Extra variedad Picual"}]},{"@type":"WebSite","@id":"https:\/\/delcetino.eu\/en\/#website","url":"https:\/\/delcetino.eu\/en\/","name":"Del Cetino Olijfolie","description":"Authentieke Olijfolie uit Spanje","potentialAction":[{"@type":"SearchAction","target":{"@type":"EntryPoint","urlTemplate":"https:\/\/delcetino.eu\/en\/?s={search_term_string}"},"query-input":"required name=search_term_string"}],"inLanguage":"es"}]}},"_links":{"self":[{"href":"https:\/\/delcetino.eu\/es\/wp-json\/wp\/v2\/product\/4187","targetHints":{"allow":["GET"]}}],"collection":[{"href":"https:\/\/delcetino.eu\/es\/wp-json\/wp\/v2\/product"}],"about":[{"href":"https:\/\/delcetino.eu\/es\/wp-json\/wp\/v2\/types\/product"}],"replies":[{"embeddable":true,"href":"https:\/\/delcetino.eu\/es\/wp-json\/wp\/v2\/comments?post=4187"}],"wp:featuredmedia":[{"embeddable":true,"href":"https:\/\/delcetino.eu\/es\/wp-json\/wp\/v2\/media\/4016"}],"wp:attachment":[{"href":"https:\/\/delcetino.eu\/es\/wp-json\/wp\/v2\/media?parent=4187"}],"wp:term":[{"taxonomy":"product_cat","embeddable":true,"href":"https:\/\/delcetino.eu\/es\/wp-json\/wp\/v2\/product_cat?post=4187"},{"taxonomy":"product_tag","embeddable":true,"href":"https:\/\/delcetino.eu\/es\/wp-json\/wp\/v2\/product_tag?post=4187"}],"curies":[{"name":"wp","href":"https:\/\/api.w.org\/{rel}","templated":true}]}}