{"id":2842,"date":"2014-08-12T13:50:50","date_gmt":"2014-08-12T13:50:50","guid":{"rendered":"https:\/\/delcetino.eu\/del-cetino-contact\/"},"modified":"2019-09-02T10:23:55","modified_gmt":"2019-09-02T10:23:55","slug":"del-cetino-contact","status":"publish","type":"page","link":"https:\/\/delcetino.eu\/fr\/del-cetino-contact\/","title":{"rendered":"Del Cetino Contact"},"content":{"rendered":"<style type=\"text\/css\" scoped=\"scoped\">#g1-section-1.g1-section {background-repeat:no-repeat; background-position:left top; background-attachment:static;}<\/style><div id=\"g1-section-1\" class=\"g1-section \"><div class=\"g1-layout-inner\">\n<ul class=\"g1-grid\"><li class=\"g1-column g1-one-half g1-valign-top\">\n<div id=\"g1-box-counter-1\" class=\"g1-box g1-box--simple  g1-box--noicon\" ><div class=\"g1-box__inner\">\n<h2>Belgique<\/h2>\n<p>Leopold II Straat 64<br \/>\n3800 Sint Truiden<br \/>\n<a href=\"mailto:sales@delcetino.eu\">sales@delcetino.eu<\/a><br \/>\nM: +32 (0) 479 83 55 20<\/p>\n<\/div><\/div>\n<\/li><!-- -->\n<li class=\"g1-column g1-one-half g1-valign-top\">\n<div id=\"g1-box-counter-2\" class=\"g1-box g1-box--simple  g1-box--noicon\" ><div class=\"g1-box__inner\">\n<h2>l&#8217;Espagne<\/h2>\n<p>Plaza 8 de Marzo, 2 P2B<br \/>\n21710 Bollullos par del Condado<br \/>\n<a href=\"mailto:sales@delcetino.eu\">sales@delcetino.eu<\/a><br \/>\nM: +32 (0) 479 83 55 20<\/p>\n<\/div><\/div>\n<\/li><!-- --><\/ul>\n<div id=\"g1-box-counter-3\" class=\"g1-box g1-box--simple  g1-box--noicon\" ><div class=\"g1-box__inner\">\n<h2>Devenir distributeur<\/h2>\n\n<div class=\"wpcf7 no-js\" id=\"wpcf7-f2208-o1\" lang=\"en-US\" dir=\"ltr\">\n<div class=\"screen-reader-response\"><p role=\"status\" aria-live=\"polite\" aria-atomic=\"true\"><\/p> <ul><\/ul><\/div>\n<form action=\"\/fr\/wp-json\/wp\/v2\/pages\/2842#wpcf7-f2208-o1\" method=\"post\" class=\"wpcf7-form init\" aria-label=\"Contact form\" novalidate=\"novalidate\" data-status=\"init\">\n<div style=\"display: none;\">\n<input type=\"hidden\" name=\"_wpcf7\" value=\"2208\" \/>\n<input type=\"hidden\" name=\"_wpcf7_version\" value=\"5.8.5\" \/>\n<input type=\"hidden\" name=\"_wpcf7_locale\" value=\"en_US\" \/>\n<input type=\"hidden\" name=\"_wpcf7_unit_tag\" value=\"wpcf7-f2208-o1\" \/>\n<input type=\"hidden\" name=\"_wpcf7_container_post\" value=\"0\" \/>\n<input type=\"hidden\" name=\"_wpcf7_posted_data_hash\" value=\"\" \/>\n<\/div>\n<p><span id=\"wpcf7-69e93cd3b9068-wrapper\" class=\"wpcf7-form-control-wrap email-wrap\" ><label for=\"wpcf7-69e93cd3b9068-field\" class=\"hp-message\">Please leave this field empty.<\/label><input id=\"wpcf7-69e93cd3b9068-field\"  class=\"wpcf7-form-control wpcf7-text\" type=\"text\" name=\"email\" value=\"\" size=\"40\" tabindex=\"-1\" autocomplete=\"new-password\" \/><\/span>\n<\/p>\n<p>Your Name (required)\n<\/p>\n<p><span class=\"wpcf7-form-control-wrap\" data-name=\"your-name\"><input size=\"40\" class=\"wpcf7-form-control wpcf7-text wpcf7-validates-as-required\" aria-required=\"true\" aria-invalid=\"false\" value=\"\" type=\"text\" name=\"your-name\" \/><\/span>\n<\/p>\n<p>Your Email (required)\n<\/p>\n<p><span class=\"wpcf7-form-control-wrap\" data-name=\"your-email\"><input size=\"40\" class=\"wpcf7-form-control wpcf7-email wpcf7-validates-as-required wpcf7-text wpcf7-validates-as-email\" aria-required=\"true\" aria-invalid=\"false\" value=\"\" type=\"email\" name=\"your-email\" \/><\/span>\n<\/p>\n<p>Subject\n<\/p>\n<p><span class=\"wpcf7-form-control-wrap\" data-name=\"your-subject\"><input size=\"40\" class=\"wpcf7-form-control wpcf7-text\" aria-invalid=\"false\" value=\"\" type=\"text\" name=\"your-subject\" \/><\/span>\n<\/p>\n<p>Your Message\n<\/p>\n<p><span class=\"wpcf7-form-control-wrap\" data-name=\"your-message\"><textarea cols=\"40\" rows=\"10\" class=\"wpcf7-form-control wpcf7-textarea\" aria-invalid=\"false\" name=\"your-message\"><\/textarea><\/span>\n<\/p>\n<p><input class=\"wpcf7-form-control wpcf7-submit has-spinner\" type=\"submit\" value=\"Send\" \/>\n<\/p><div class=\"wpcf7-response-output\" aria-hidden=\"true\"><\/div>\n<\/form>\n<\/div>\n\n<\/div><\/div>\n<h2 class=\"g1-h1\" style=\"text-align: center;\">DEL CETINO: UNE L\u2019HUILE D\u2019OLIVE EXTRA VIERGE AUTHENTIQUE RETROUVER LE PASSE DANS<br \/>\nVOS PLATS<br \/>\n3 VARIETES D\u2019UN PRODUIT PUR D\u2019ESPAGNE.<\/h2>\n<p>&nbsp;<\/p>\n<div id=\"g1-divider-1\" class=\"g1-divider g1-divider--none g1-divider--noicon \"><\/div>\n<span id=\"g1-space-1\" class=\"g1-space \" style=\"height:50px;\"><\/span>\n<ul class=\"g1-grid\"><li class=\"g1-column g1-one-third g1-valign-top\">\r\n<h2>Arbequina<\/h2>\r\n<p><img loading=\"lazy\" decoding=\"async\" class=\"aligncenter size-full wp-image-2124\" src=\"https:\/\/delcetino.eu\/wp-content\/uploads\/2014\/08\/del-cetino-03.jpg\" alt=\"del-cetino-arbequina\" width=\"290\" height=\"197\" srcset=\"https:\/\/delcetino.eu\/wp-content\/uploads\/2014\/08\/del-cetino-03.jpg 290w, https:\/\/delcetino.eu\/wp-content\/uploads\/2014\/08\/del-cetino-03-239x162.jpg 239w\" sizes=\"auto, (max-width: 290px) 100vw, 290px\" \/><\/p>\r\n<p>L'huile des chefs \u00e9toil\u00e9s, avec une saveur douce et un ar\u00f4me clairement prononc\u00e9.<\/p>\r\n<p> Parfait pour un poisson grill\u00e9, une laitue fra\u00eeche ou dans une pur\u00e9e savoureuse \u00e0 la place du beurre.<\/p>\r\n<h2>Caract\u00e9ristiques<\/h2>\r\n<p>Le fruit de la vari\u00e9t\u00e9  \u2018Arbequina\u2019 est petit et oval. La p\u00e9riode de r\u00e9colte commence dans notre r\u00e9gion \u00e0 partir de fin septembre. Sa caract\u00e9ristique est son niveau \u00e9lev\u00e9 d\u2019acide linol\u00e9ique. C\u2019est ce qui explique la densit\u00e9 typique et fruit\u00e9e de l\u2019huile et lui donne son caract\u00e8re sp\u00e9cifique \u2018beurr\u00e9\u2019.<\/p> \r\n<p>Par ailleurs, cette l\u2019huile est tr\u00e8s sensible \u00e0 l\u2019oxydation, ce qui signifie que sa dur\u00e9e de vie est plus courte qu\u2019avec d\u2019autres vari\u00e9t\u00e9s. Donc, certainement ne pas la ranger mais en profiter!<\/p>\r\n<p>Il est pr\u00e9f\u00e9rable d\u2019utiliser cette huile dans les pr\u00e9parations \u00e0 froid en raison des substances aromatiques qui sont tr\u00e8s volatiles.<\/p><br \/>\r\n<h2>Emballage<\/h2>\r\n<p>25 cl Verre sombre<br \/> 50 cl Verre sombre <br \/> 3L Baginbox<br \/> Bo\u00eete de luxe (3x 25cl ou 1x 50cl)<\/p>\r\n<p style=\"text-align:center\"><a href=\"https:\/\/delcetino.eu\/fr\/product\/huile-dolive-extra-vierge-variete-arbequina\/\"><button type=\"button\" style=\"background-color: #4CAF50\">Acheter Arbequina<\/button><\/a><\/p>\r\n<\/li><!-- --> \r\n<li class=\"g1-column g1-one-third g1-valign-top\">\r\n<h2>Picual<\/h2>\r\n<p><img loading=\"lazy\" decoding=\"async\" class=\"aligncenter size-full wp-image-2126\" src=\"https:\/\/delcetino.eu\/wp-content\/uploads\/2014\/08\/del-cetino-01.jpg\" alt=\"del-cetino-picual\" width=\"290\" height=\"197\" srcset=\"https:\/\/delcetino.eu\/wp-content\/uploads\/2014\/08\/del-cetino-01.jpg 290w, https:\/\/delcetino.eu\/wp-content\/uploads\/2014\/08\/del-cetino-01-239x162.jpg 239w\" sizes=\"auto, (max-width: 290px) 100vw, 290px\" \/><\/p>\r\n<p>Une huile tr\u00e8s accessible avec une saveur fruit\u00e9e et un intense parfum d\u2019herbe fra\u00eechement coup\u00e9e. Id\u00e9ale pour accompagner parfaitement les pr\u00e9parations froides et chaudes!<\/p><br \/>\r\n<h2>Caract\u00e9ristiques<\/h2>\r\n<p>L\u2019olive Picual a une taille moyenne et p\u00e8se environ 3,2 gr.<\/p>\r\n<p>Tr\u00e8s typique est sa petite pointe dans la partie inf\u00e9rieure de l\u2019olive, \u2018el pico\u2019.  La r\u00e9colte commence \u00e0 la mi-octobre.  \r\n<\/p>\r\n<p>De olie bevat een zeer hoog gehalte aan onverzadigde oliezuren en slechts een zeer beperkt percentage linolzuur.<\/p>\r\n<p>L\u2019huile contient une teneur \u00e9lev\u00e9e en acides gras insatur\u00e9s et seulement un pourcentage tr\u00e8s limit\u00e9 d\u2019acide linol\u00e9ique.<\/p>\r\n<p>Elle convient pour la friture, la cuisson, les salades et le gazpacho, le potage typique espagnol.<\/p>\r\n\r\n<h2>Emballage<\/h2>\r\n<p>25 cl Verre sombre<br \/> 50 cl Verre sombre <br \/> 3L Baginbox<br \/> Bo\u00eete de luxe (3x 25cl ou 1x 50cl)<\/p>\r\n<p style=\"text-align:center\"><a href=\"https:\/\/delcetino.eu\/fr\/product\/huile-dolive-extra-vierge-variete-picual\/\"><button type=\"button\" style=\"background-color: #4CAF50\">Acheter Picual<\/button><\/a><\/p>\r\n<\/li><!-- --> \r\n<li class=\"g1-column g1-one-third g1-valign-top\">\r\n<h2>Verdial<\/h2>\r\n<p><img loading=\"lazy\" decoding=\"async\" class=\"aligncenter size-full wp-image-2125\" src=\"https:\/\/delcetino.eu\/wp-content\/uploads\/2014\/08\/del-cetino-02.jpg\" alt=\"del-cetino-02\" width=\"290\" height=\"197\" srcset=\"https:\/\/delcetino.eu\/wp-content\/uploads\/2014\/08\/del-cetino-02.jpg 290w, https:\/\/delcetino.eu\/wp-content\/uploads\/2014\/08\/del-cetino-02-239x162.jpg 239w\" sizes=\"auto, (max-width: 290px) 100vw, 290px\" \/><\/p>\r\n<p>Cette huile \u00e9pic\u00e9e issue des olives vertes, \u2018verde\u2019, a un go\u00fbt l\u00e9g\u00e8rement amer et fait de chaque salade une f\u00eate m\u00e9diterran\u00e9enne.<\/p><br \/><br \/><br \/>\r\n<h2>Caract\u00e9ristiques<\/h2>\r\n<p>L'olive Verdial est de forme ronde et p\u00e8se environ 5,7 grammes. Cette une vari\u00e9t\u00e9 locale de la province de Huelva (\u00e0 l'extr\u00eame ouest de l'Andalousie). La p\u00e9riode de r\u00e9colte id\u00e9ale commence \u00e0 partir de la fin novembre..<\/p>\r\n<p>Une des caract\u00e9ristiques du fruit est sa coque dure et son contenu d\u2019acide linol\u00e9ique plus \u00e9lev\u00e9 dans l'huile.<\/p>\r\n<p>Ce type d\u2019olives est g\u00e9n\u00e9ralement trait\u00e9s comme des olives de table. Nous produisons une huile surprenante qui laisse les connaisseurs espagnols et les chefs sans voix: douce, tr\u00e8s fruit\u00e9e avec une l\u00e9g\u00e8re pointe d'amertume. Parfaite pour les plats aussi bien chauds que froids.\r\n<\/p><br \/>\r\n\r\n<h2>Emballage<\/h2>\r\n<p>25 cl Verre sombre<br \/> 50 cl Verre sombre <br \/> 3L Baginbox<br \/> Bo\u00eete de luxe (3x 25cl ou 1x 50cl)<\/p>\r\n<p style=\"text-align:center\"><a href=\"https:\/\/delcetino.eu\/fr\/product\/huile-dolive-extra-vierge-variete-verdial\/\"><button type=\"button\" style=\"background-color: #4CAF50\">Acheter Verdial<\/button><\/a><\/p>\r\n<\/li><!-- --><\/ul>\n<div id=\"g1-divider-2\" class=\"g1-divider g1-divider--none g1-divider--noicon \"><\/div>\n<div id=\"g1-box-counter-4\" class=\"g1-box g1-box--simple  g1-box--noicon\" ><div class=\"g1-box__inner\">\n<ul class=\"g1-grid\"><li class=\"g1-column g1-two-third g1-valign-middle\">\n<h2>Devenir distributeur<\/h2>\n<\/li><!-- -->\n<li class=\"g1-column g1-one-third g1-valign-middle\">\n<a id=\"g1-button-1\" class=\"g1-button g1-button--big g1-button--solid g1-button--wide \" href=\"\/fr\/del-cetino-devenir-concessionnaire\/\" >Contact<\/a>\n<\/li><!-- --><\/ul>\n<\/div><\/div>\n<\/div><\/div>\n<div id=\"g1-divider-3\" class=\"g1-divider g1-divider--none g1-divider--noicon \"><\/div>\n<style type=\"text\/css\" scoped=\"scoped\">#g1-section-2.g1-section {background-color: #000000; background-repeat:no-repeat; background-position:left top; background-attachment:static;}<\/style><div id=\"g1-section-2\" class=\"g1-section g1-section--scroll \"><div class=\"g1-layout-inner\">\n<style type=\"text\/css\" scoped=\"scoped\">#g1-section-3.g1-section {background-color: #000000; background-image:url(\/wp-content\/uploads\/2013\/09\/girl_bg_v01.jpg); background-repeat:no-repeat; background-position:center top; background-attachment:static; padding-bottom:35px; padding-top:35px;}<\/style><div id=\"g1-section-3\" class=\"g1-section \"><div class=\"g1-layout-inner\">\r\n<h2 class=\"g1-h1\" style=\"text-align: center; color: #ffffff;\">Une huile hors classe jusque dans les d\u00e9tails<\/h2>\r\n&nbsp;\r\n<h3 style=\"text-align: center; color: #ffffff!important; margin: -40px 0 -50px 0;\">Suivant le respect des traditions locales et des techniques avanc\u00e9es<\/h3>\r\n\r\n<\/div><\/div>\r\n\r\n<style type=\"text\/css\" scoped=\"scoped\">#g1-section-4.g1-section {background-color: #000000; background-repeat:no-repeat; background-position:center top; background-attachment:static;}<\/style><div id=\"g1-section-4\" class=\"g1-section g1-section--scroll \"><div class=\"g1-layout-inner\">\r\n\r\n<ul class=\"g1-grid\"><li class=\"g1-column g1-one-third g1-valign-top\">\r\n\r\n<div id=\"g1-box-counter-5\" class=\"g1-box g1-box--solid  g1-box--icon\" ><i class=\"icon-hand-up g1-box__icon\"><\/i><div class=\"g1-box__inner\">\r\n<h2>LA RECOLTE SE DEROULE DE MANIERE EXCLUSIVE<br \/><\/h2>\r\n\r\n<hr>\r\n\r\n<p>La r\u00e9colte s\u2019effectue avec le plus grand soin. \u00c0 la main ou \u00e0 l\u2019aide d\u2019une machine manuelle con\u00e7ue par nous : la \u2018Cestino\u2019. Avant leur transport au moulin, les olives sont stock\u00e9es dans une chambre froide \u00e0 la ferme.<\/p>  <br \/>\r\n\r\n<\/div><\/div>\r\n\r\n<\/li><!-- -->\r\n\r\n<li class=\"g1-column g1-one-third g1-valign-top\">\r\n\r\n<div id=\"g1-box-counter-6\" class=\"g1-box g1-box--solid  g1-box--icon\" ><i class=\"icon-calendar-empty g1-box__icon\"><\/i><div class=\"g1-box__inner\">\r\n<h2>LA QUALIT\u00c9 GAGNE  PAR LA RAPIDITE ET LA PRESSION A FROID<\/h2>\r\n\r\n<hr>\r\n\r\n<p>Dans la presse, les olives sont \u00e9cras\u00e9es et trait\u00e9es pour donner une masse uniforme. Ensuite, l'huile est s\u00e9par\u00e9e de la masse d'olives.\r\nTout se fait \u00e0 basse temp\u00e9rature pour ne pas modifier la structure de l'huile: c\u2019est la pression \u00e0 froid.\r\n<\/p>\r\n<\/div><\/div>\r\n\r\n<\/li><!-- -->\r\n\r\n<li class=\"g1-column g1-one-third g1-valign-top\">\r\n\r\n<div id=\"g1-box-counter-7\" class=\"g1-box g1-box--solid  g1-box--icon\" ><i class=\"icon-smile g1-box__icon\"><\/i><div class=\"g1-box__inner\">\r\n<h2>QUALITE PURE<br \/><br \/><br \/><br \/><\/h2>\r\n\r\n<hr>\r\n\r\n<p>Tout cela fait que notre huile Extra Vierge se pr\u00e9sente comme une des meilleures, avec une acidit\u00e9 comprise entre 0,15 et 0,22 %, ce qui est bien inf\u00e9rieur \u00e0 la norme europ\u00e9enne de 0,80. \r\nEt cela, on le go\u00fbte tr\u00e8s bien!\r\n<\/p><br \/>\r\n\r\n<\/div><\/div>\r\n\r\n<\/li><!-- --><\/ul>\r\n\r\n<\/div><\/div>\n<\/div><\/div>\n<style type=\"text\/css\" scoped=\"scoped\">#g1-section-5.g1-section {background-repeat:no-repeat; background-position:center top; background-attachment:fixed;}<\/style><div id=\"g1-section-5\" class=\"g1-section \"><div class=\"g1-layout-inner\">\n<h2 class=\"g1-h1\" style=\"text-align: center;\">ENTRE LES MONTAGNES ET LA MER<\/h2>\n<p>&nbsp;<\/p>\n<h4 style=\"text-align: center;\">A Bollullos par del Condado, situ\u00e9 dans la province de Huelva au sud-ouest de Espa\u00f1a, les olives de Del Cetino se d\u00e9veloppent dans une ferme de 10 ha, entour\u00e9e d\u2019un parc naturel de ch\u00eanes-li\u00e8ge et de prairies qui sont typiques de cette r\u00e9gion entre les montagnes et la mer.<\/h4>\n<p><img loading=\"lazy\" decoding=\"async\" class=\"aligncenter wp-image-2159\" src=\"https:\/\/delcetino.eu\/wp-content\/uploads\/2014\/08\/del-cetino-landschap-300x100.jpg\" alt=\"del-cetino-landschap\" width=\"500\" height=\"168\" srcset=\"https:\/\/delcetino.eu\/wp-content\/uploads\/2014\/08\/del-cetino-landschap-300x100.jpg 300w, https:\/\/delcetino.eu\/wp-content\/uploads\/2014\/08\/del-cetino-landschap-600x202.jpg 600w, https:\/\/delcetino.eu\/wp-content\/uploads\/2014\/08\/del-cetino-landschap-968x325.jpg 968w, https:\/\/delcetino.eu\/wp-content\/uploads\/2014\/08\/del-cetino-landschap-636x213.jpg 636w, https:\/\/delcetino.eu\/wp-content\/uploads\/2014\/08\/del-cetino-landschap-320x107.jpg 320w, https:\/\/delcetino.eu\/wp-content\/uploads\/2014\/08\/del-cetino-landschap-239x80.jpg 239w, https:\/\/delcetino.eu\/wp-content\/uploads\/2014\/08\/del-cetino-landschap.jpg 1000w\" sizes=\"auto, (max-width: 500px) 100vw, 500px\" \/><\/p>\n<span id=\"g1-space-2\" class=\"g1-space \" style=\"height:1.5em;\"><\/span>\n<div id=\"g1-box-counter-8\" class=\"g1-box g1-box--simple  g1-box--noicon\" ><div class=\"g1-box__inner\">\n<ul class=\"g1-grid\"><li class=\"g1-column g1-two-third g1-valign-middle\">\n<h2>o\u00f9 acheter<\/h2>\n<\/li><!-- -->\n<li class=\"g1-column g1-one-third g1-valign-middle\">\n<a id=\"g1-button-2\" class=\"g1-button g1-button--big g1-button--solid g1-button--wide \" href=\"\/fr\/ou-acheter-lhuile-de-del-cetino\/\" >Trouver un concessionnaire<\/a>\n<\/li><!-- --><\/ul>\n<\/div><\/div>\n<div id=\"g1-box-counter-9\" class=\"g1-box g1-box--simple  g1-box--noicon\" ><div class=\"g1-box__inner\">\n<ul class=\"g1-grid\"><li class=\"g1-column g1-two-third g1-valign-middle\">\n<h2>Devenir distributeur<\/h2>\n<\/li><!-- -->\n<li class=\"g1-column g1-one-third g1-valign-middle\">\n<a id=\"g1-button-3\" class=\"g1-button g1-button--big g1-button--solid g1-button--wide \" href=\"\/fr\/del-cetino-devenir-concessionnaire\/\" >Contact<\/a>\n<\/li><!-- --><\/ul>\n<\/div><\/div>\n<\/div><\/div>\n","protected":false},"excerpt":{"rendered":"","protected":false},"author":1,"featured_media":0,"parent":0,"menu_order":70,"comment_status":"closed","ping_status":"closed","template":"g1_template_page_full_sections.php","meta":{"footnotes":""},"class_list":["post-2842","page","type-page","status-publish"],"yoast_head":"<!-- This site is optimized with the Yoast SEO plugin v21.7 - https:\/\/yoast.com\/wordpress\/plugins\/seo\/ -->\n<title>Del Cetino Olijfolie - Contact<\/title>\n<meta name=\"description\" content=\"DEL CETINO: UNE L\u2019HUILE D\u2019OLIVE EXTRA VIERGE AUTHENTIQUE RETROUVER LE PASSE DANS VOS PLATS 3 VARIETES D\u2019UN PRODUIT PUR D\u2019ESPAGNE.\" \/>\n<meta name=\"robots\" content=\"index, follow, max-snippet:-1, max-image-preview:large, max-video-preview:-1\" \/>\n<link rel=\"canonical\" href=\"https:\/\/delcetino.eu\/fr\/del-cetino-contact\/\" \/>\n<meta property=\"og:locale\" content=\"fr_FR\" \/>\n<meta property=\"og:type\" content=\"article\" \/>\n<meta property=\"og:title\" content=\"Del Cetino Olijfolie - Contact\" \/>\n<meta property=\"og:description\" content=\"DEL CETINO: UNE L\u2019HUILE D\u2019OLIVE EXTRA VIERGE AUTHENTIQUE RETROUVER LE PASSE DANS VOS PLATS 3 VARIETES D\u2019UN PRODUIT PUR D\u2019ESPAGNE.\" \/>\n<meta property=\"og:url\" content=\"https:\/\/delcetino.eu\/fr\/del-cetino-contact\/\" \/>\n<meta property=\"og:site_name\" content=\"Del Cetino Olijfolie\" \/>\n<meta property=\"article:modified_time\" content=\"2019-09-02T10:23:55+00:00\" \/>\n<meta property=\"og:image\" content=\"https:\/\/delcetino.eu\/wp-content\/uploads\/2014\/08\/del-cetino-landschap-300x100.jpg\" \/>\n<meta name=\"twitter:label1\" content=\"Dur\u00e9e de lecture estim\u00e9e\" \/>\n\t<meta name=\"twitter:data1\" content=\"2 minutes\" \/>\n<script type=\"application\/ld+json\" class=\"yoast-schema-graph\">{\"@context\":\"https:\/\/schema.org\",\"@graph\":[{\"@type\":\"WebPage\",\"@id\":\"https:\/\/delcetino.eu\/fr\/del-cetino-contact\/\",\"url\":\"https:\/\/delcetino.eu\/fr\/del-cetino-contact\/\",\"name\":\"Del Cetino Olijfolie - Contact\",\"isPartOf\":{\"@id\":\"https:\/\/delcetino.eu\/en\/#website\"},\"datePublished\":\"2014-08-12T13:50:50+00:00\",\"dateModified\":\"2019-09-02T10:23:55+00:00\",\"description\":\"DEL CETINO: UNE L\u2019HUILE D\u2019OLIVE EXTRA VIERGE AUTHENTIQUE RETROUVER LE PASSE DANS VOS PLATS 3 VARIETES D\u2019UN PRODUIT PUR D\u2019ESPAGNE.\",\"breadcrumb\":{\"@id\":\"https:\/\/delcetino.eu\/fr\/del-cetino-contact\/#breadcrumb\"},\"inLanguage\":\"fr-FR\",\"potentialAction\":[{\"@type\":\"ReadAction\",\"target\":[\"https:\/\/delcetino.eu\/fr\/del-cetino-contact\/\"]}]},{\"@type\":\"BreadcrumbList\",\"@id\":\"https:\/\/delcetino.eu\/fr\/del-cetino-contact\/#breadcrumb\",\"itemListElement\":[{\"@type\":\"ListItem\",\"position\":1,\"name\":\"Del Cetino\",\"item\":\"https:\/\/delcetino.eu\/fr\/\"},{\"@type\":\"ListItem\",\"position\":2,\"name\":\"Del Cetino Contact\"}]},{\"@type\":\"WebSite\",\"@id\":\"https:\/\/delcetino.eu\/en\/#website\",\"url\":\"https:\/\/delcetino.eu\/en\/\",\"name\":\"Del Cetino Olijfolie\",\"description\":\"Authentieke Olijfolie uit Spanje\",\"potentialAction\":[{\"@type\":\"SearchAction\",\"target\":{\"@type\":\"EntryPoint\",\"urlTemplate\":\"https:\/\/delcetino.eu\/en\/?s={search_term_string}\"},\"query-input\":\"required name=search_term_string\"}],\"inLanguage\":\"fr-FR\"}]}<\/script>\n<!-- \/ Yoast SEO plugin. -->","yoast_head_json":{"title":"Del Cetino Olijfolie - Contact","description":"DEL CETINO: UNE L\u2019HUILE D\u2019OLIVE EXTRA VIERGE AUTHENTIQUE RETROUVER LE PASSE DANS VOS PLATS 3 VARIETES D\u2019UN PRODUIT PUR D\u2019ESPAGNE.","robots":{"index":"index","follow":"follow","max-snippet":"max-snippet:-1","max-image-preview":"max-image-preview:large","max-video-preview":"max-video-preview:-1"},"canonical":"https:\/\/delcetino.eu\/fr\/del-cetino-contact\/","og_locale":"fr_FR","og_type":"article","og_title":"Del Cetino Olijfolie - Contact","og_description":"DEL CETINO: UNE L\u2019HUILE D\u2019OLIVE EXTRA VIERGE AUTHENTIQUE RETROUVER LE PASSE DANS VOS PLATS 3 VARIETES D\u2019UN PRODUIT PUR D\u2019ESPAGNE.","og_url":"https:\/\/delcetino.eu\/fr\/del-cetino-contact\/","og_site_name":"Del Cetino Olijfolie","article_modified_time":"2019-09-02T10:23:55+00:00","og_image":[{"url":"https:\/\/delcetino.eu\/wp-content\/uploads\/2014\/08\/del-cetino-landschap-300x100.jpg"}],"twitter_misc":{"Dur\u00e9e de lecture estim\u00e9e":"2 minutes"},"schema":{"@context":"https:\/\/schema.org","@graph":[{"@type":"WebPage","@id":"https:\/\/delcetino.eu\/fr\/del-cetino-contact\/","url":"https:\/\/delcetino.eu\/fr\/del-cetino-contact\/","name":"Del Cetino Olijfolie - Contact","isPartOf":{"@id":"https:\/\/delcetino.eu\/en\/#website"},"datePublished":"2014-08-12T13:50:50+00:00","dateModified":"2019-09-02T10:23:55+00:00","description":"DEL CETINO: UNE L\u2019HUILE D\u2019OLIVE EXTRA VIERGE AUTHENTIQUE RETROUVER LE PASSE DANS VOS PLATS 3 VARIETES D\u2019UN PRODUIT PUR D\u2019ESPAGNE.","breadcrumb":{"@id":"https:\/\/delcetino.eu\/fr\/del-cetino-contact\/#breadcrumb"},"inLanguage":"fr-FR","potentialAction":[{"@type":"ReadAction","target":["https:\/\/delcetino.eu\/fr\/del-cetino-contact\/"]}]},{"@type":"BreadcrumbList","@id":"https:\/\/delcetino.eu\/fr\/del-cetino-contact\/#breadcrumb","itemListElement":[{"@type":"ListItem","position":1,"name":"Del Cetino","item":"https:\/\/delcetino.eu\/fr\/"},{"@type":"ListItem","position":2,"name":"Del Cetino Contact"}]},{"@type":"WebSite","@id":"https:\/\/delcetino.eu\/en\/#website","url":"https:\/\/delcetino.eu\/en\/","name":"Del Cetino Olijfolie","description":"Authentieke Olijfolie uit Spanje","potentialAction":[{"@type":"SearchAction","target":{"@type":"EntryPoint","urlTemplate":"https:\/\/delcetino.eu\/en\/?s={search_term_string}"},"query-input":"required name=search_term_string"}],"inLanguage":"fr-FR"}]}},"_links":{"self":[{"href":"https:\/\/delcetino.eu\/fr\/wp-json\/wp\/v2\/pages\/2842","targetHints":{"allow":["GET"]}}],"collection":[{"href":"https:\/\/delcetino.eu\/fr\/wp-json\/wp\/v2\/pages"}],"about":[{"href":"https:\/\/delcetino.eu\/fr\/wp-json\/wp\/v2\/types\/page"}],"author":[{"embeddable":true,"href":"https:\/\/delcetino.eu\/fr\/wp-json\/wp\/v2\/users\/1"}],"replies":[{"embeddable":true,"href":"https:\/\/delcetino.eu\/fr\/wp-json\/wp\/v2\/comments?post=2842"}],"version-history":[{"count":0,"href":"https:\/\/delcetino.eu\/fr\/wp-json\/wp\/v2\/pages\/2842\/revisions"}],"wp:attachment":[{"href":"https:\/\/delcetino.eu\/fr\/wp-json\/wp\/v2\/media?parent=2842"}],"curies":[{"name":"wp","href":"https:\/\/api.w.org\/{rel}","templated":true}]}}