{"id":2849,"date":"2014-08-08T08:18:40","date_gmt":"2014-08-08T08:18:40","guid":{"rendered":"https:\/\/delcetino.eu\/waar-is-del-cetino-te-koop\/"},"modified":"2023-10-09T08:50:15","modified_gmt":"2023-10-09T08:50:15","slug":"ou-acheter-lhuile-de-del-cetino","status":"publish","type":"page","link":"https:\/\/delcetino.eu\/fr\/ou-acheter-lhuile-de-del-cetino\/","title":{"rendered":"Del Cetino o\u00f9 acheter l\u2019huile de Del Cetino ?"},"content":{"rendered":"<style type=\"text\/css\" scoped=\"scoped\">#g1-section-1.g1-section {background-repeat:no-repeat; background-position:left top; background-attachment:static;}<\/style><div id=\"g1-section-1\" class=\"g1-section \"><div class=\"g1-layout-inner\">\n<p style=\"text-align: center;\"><a href=\"https:\/\/delcetino.eu\/fr\/boutique\/\"><button style=\"background-color: #4caf50;\" type=\"button\">Achetez dans notre boutique en ligne<\/button><\/a><\/p>\n<div id=\"g1-box-counter-1\" class=\"g1-box g1-box--simple  g1-box--noicon\" ><div class=\"g1-box__inner\">\n<h2>o\u00f9 acheter l\u2019huile de Del Cetino ?<\/h2>\n<p>[store_wpress display=&#8221;both&#8221; category_filter=1 distance_filter=1][\/store_wpress]<\/p>\n<\/div><\/div>\n<h2 class=\"g1-h1\" style=\"text-align: center;\">DEL CETINO: UNE L\u2019HUILE D\u2019OLIVE EXTRA VIERGE AUTHENTIQUE RETROUVER LE PASSE DANS<br \/>\nVOS PLATS<br \/>\n3 VARIETES D\u2019UN PRODUIT PUR D\u2019ESPAGNE.<\/h2>\n<p>&nbsp;<\/p>\n<div id=\"g1-divider-1\" class=\"g1-divider g1-divider--none g1-divider--noicon \"><\/div>\n<span id=\"g1-space-1\" class=\"g1-space \" style=\"height:50px;\"><\/span>\n<ul class=\"g1-grid\"><li class=\"g1-column g1-one-third g1-valign-top\">\r\n<h2>Arbequina<\/h2>\r\n<p><img loading=\"lazy\" decoding=\"async\" class=\"aligncenter size-full wp-image-2124\" src=\"https:\/\/delcetino.eu\/wp-content\/uploads\/2014\/08\/del-cetino-03.jpg\" alt=\"del-cetino-arbequina\" width=\"290\" height=\"197\" srcset=\"https:\/\/delcetino.eu\/wp-content\/uploads\/2014\/08\/del-cetino-03.jpg 290w, https:\/\/delcetino.eu\/wp-content\/uploads\/2014\/08\/del-cetino-03-239x162.jpg 239w\" sizes=\"auto, (max-width: 290px) 100vw, 290px\" \/><\/p>\r\n<p>L'huile des chefs \u00e9toil\u00e9s, avec une saveur douce et un ar\u00f4me clairement prononc\u00e9.<\/p>\r\n<p> Parfait pour un poisson grill\u00e9, une laitue fra\u00eeche ou dans une pur\u00e9e savoureuse \u00e0 la place du beurre.<\/p>\r\n<h2>Caract\u00e9ristiques<\/h2>\r\n<p>Le fruit de la vari\u00e9t\u00e9  \u2018Arbequina\u2019 est petit et oval. La p\u00e9riode de r\u00e9colte commence dans notre r\u00e9gion \u00e0 partir de fin septembre. Sa caract\u00e9ristique est son niveau \u00e9lev\u00e9 d\u2019acide linol\u00e9ique. C\u2019est ce qui explique la densit\u00e9 typique et fruit\u00e9e de l\u2019huile et lui donne son caract\u00e8re sp\u00e9cifique \u2018beurr\u00e9\u2019.<\/p> \r\n<p>Par ailleurs, cette l\u2019huile est tr\u00e8s sensible \u00e0 l\u2019oxydation, ce qui signifie que sa dur\u00e9e de vie est plus courte qu\u2019avec d\u2019autres vari\u00e9t\u00e9s. Donc, certainement ne pas la ranger mais en profiter!<\/p>\r\n<p>Il est pr\u00e9f\u00e9rable d\u2019utiliser cette huile dans les pr\u00e9parations \u00e0 froid en raison des substances aromatiques qui sont tr\u00e8s volatiles.<\/p><br \/>\r\n<h2>Emballage<\/h2>\r\n<p>25 cl Verre sombre<br \/> 50 cl Verre sombre <br \/> 3L Baginbox<br \/> Bo\u00eete de luxe (3x 25cl ou 1x 50cl)<\/p>\r\n<p style=\"text-align:center\"><a href=\"https:\/\/delcetino.eu\/fr\/product\/huile-dolive-extra-vierge-variete-arbequina\/\"><button type=\"button\" style=\"background-color: #4CAF50\">Acheter Arbequina<\/button><\/a><\/p>\r\n<\/li><!-- --> \r\n<li class=\"g1-column g1-one-third g1-valign-top\">\r\n<h2>Picual<\/h2>\r\n<p><img loading=\"lazy\" decoding=\"async\" class=\"aligncenter size-full wp-image-2126\" src=\"https:\/\/delcetino.eu\/wp-content\/uploads\/2014\/08\/del-cetino-01.jpg\" alt=\"del-cetino-picual\" width=\"290\" height=\"197\" srcset=\"https:\/\/delcetino.eu\/wp-content\/uploads\/2014\/08\/del-cetino-01.jpg 290w, https:\/\/delcetino.eu\/wp-content\/uploads\/2014\/08\/del-cetino-01-239x162.jpg 239w\" sizes=\"auto, (max-width: 290px) 100vw, 290px\" \/><\/p>\r\n<p>Une huile tr\u00e8s accessible avec une saveur fruit\u00e9e et un intense parfum d\u2019herbe fra\u00eechement coup\u00e9e. Id\u00e9ale pour accompagner parfaitement les pr\u00e9parations froides et chaudes!<\/p><br \/>\r\n<h2>Caract\u00e9ristiques<\/h2>\r\n<p>L\u2019olive Picual a une taille moyenne et p\u00e8se environ 3,2 gr.<\/p>\r\n<p>Tr\u00e8s typique est sa petite pointe dans la partie inf\u00e9rieure de l\u2019olive, \u2018el pico\u2019.  La r\u00e9colte commence \u00e0 la mi-octobre.  \r\n<\/p>\r\n<p>De olie bevat een zeer hoog gehalte aan onverzadigde oliezuren en slechts een zeer beperkt percentage linolzuur.<\/p>\r\n<p>L\u2019huile contient une teneur \u00e9lev\u00e9e en acides gras insatur\u00e9s et seulement un pourcentage tr\u00e8s limit\u00e9 d\u2019acide linol\u00e9ique.<\/p>\r\n<p>Elle convient pour la friture, la cuisson, les salades et le gazpacho, le potage typique espagnol.<\/p>\r\n\r\n<h2>Emballage<\/h2>\r\n<p>25 cl Verre sombre<br \/> 50 cl Verre sombre <br \/> 3L Baginbox<br \/> Bo\u00eete de luxe (3x 25cl ou 1x 50cl)<\/p>\r\n<p style=\"text-align:center\"><a href=\"https:\/\/delcetino.eu\/fr\/product\/huile-dolive-extra-vierge-variete-picual\/\"><button type=\"button\" style=\"background-color: #4CAF50\">Acheter Picual<\/button><\/a><\/p>\r\n<\/li><!-- --> \r\n<li class=\"g1-column g1-one-third g1-valign-top\">\r\n<h2>Verdial<\/h2>\r\n<p><img loading=\"lazy\" decoding=\"async\" class=\"aligncenter size-full wp-image-2125\" src=\"https:\/\/delcetino.eu\/wp-content\/uploads\/2014\/08\/del-cetino-02.jpg\" alt=\"del-cetino-02\" width=\"290\" height=\"197\" srcset=\"https:\/\/delcetino.eu\/wp-content\/uploads\/2014\/08\/del-cetino-02.jpg 290w, https:\/\/delcetino.eu\/wp-content\/uploads\/2014\/08\/del-cetino-02-239x162.jpg 239w\" sizes=\"auto, (max-width: 290px) 100vw, 290px\" \/><\/p>\r\n<p>Cette huile \u00e9pic\u00e9e issue des olives vertes, \u2018verde\u2019, a un go\u00fbt l\u00e9g\u00e8rement amer et fait de chaque salade une f\u00eate m\u00e9diterran\u00e9enne.<\/p><br \/><br \/><br \/>\r\n<h2>Caract\u00e9ristiques<\/h2>\r\n<p>L'olive Verdial est de forme ronde et p\u00e8se environ 5,7 grammes. Cette une vari\u00e9t\u00e9 locale de la province de Huelva (\u00e0 l'extr\u00eame ouest de l'Andalousie). La p\u00e9riode de r\u00e9colte id\u00e9ale commence \u00e0 partir de la fin novembre..<\/p>\r\n<p>Une des caract\u00e9ristiques du fruit est sa coque dure et son contenu d\u2019acide linol\u00e9ique plus \u00e9lev\u00e9 dans l'huile.<\/p>\r\n<p>Ce type d\u2019olives est g\u00e9n\u00e9ralement trait\u00e9s comme des olives de table. Nous produisons une huile surprenante qui laisse les connaisseurs espagnols et les chefs sans voix: douce, tr\u00e8s fruit\u00e9e avec une l\u00e9g\u00e8re pointe d'amertume. Parfaite pour les plats aussi bien chauds que froids.\r\n<\/p><br \/>\r\n\r\n<h2>Emballage<\/h2>\r\n<p>25 cl Verre sombre<br \/> 50 cl Verre sombre <br \/> 3L Baginbox<br \/> Bo\u00eete de luxe (3x 25cl ou 1x 50cl)<\/p>\r\n<p style=\"text-align:center\"><a href=\"https:\/\/delcetino.eu\/fr\/product\/huile-dolive-extra-vierge-variete-verdial\/\"><button type=\"button\" style=\"background-color: #4CAF50\">Acheter Verdial<\/button><\/a><\/p>\r\n<\/li><!-- --><\/ul>\n<div id=\"g1-divider-2\" class=\"g1-divider g1-divider--none g1-divider--noicon \"><\/div>\n<div id=\"g1-box-counter-2\" class=\"g1-box g1-box--simple  g1-box--noicon\" ><div class=\"g1-box__inner\">\n<ul class=\"g1-grid\"><li class=\"g1-column g1-two-third g1-valign-middle\">\n<h2>Devenir distributeur<\/h2>\n<\/li><!-- -->\n<li class=\"g1-column g1-one-third g1-valign-middle\">\n<a id=\"g1-button-1\" class=\"g1-button g1-button--big g1-button--solid g1-button--wide \" href=\"\/del-cetino-dealer\/\" >Contact<\/a>\n<\/li><!-- --><\/ul>\n<\/div><\/div>\n<\/div><\/div>\n<div id=\"g1-divider-3\" class=\"g1-divider g1-divider--none g1-divider--noicon \"><\/div>\n<style type=\"text\/css\" scoped=\"scoped\">#g1-section-2.g1-section {background-color: #000000; background-image:url(\/wp-content\/uploads\/2013\/09\/girl_bg_v01.jpg); background-repeat:no-repeat; background-position:left top; background-attachment:static; padding-bottom:35px; padding-top:35px;}<\/style><div id=\"g1-section-2\" class=\"g1-section \"><div class=\"g1-layout-inner\">\n<!-- Shortcode [detail-fr] does not exist -->\n<\/div><\/div>\n<style type=\"text\/css\" scoped=\"scoped\">#g1-section-3.g1-section {background-repeat:no-repeat; background-position:center top; background-attachment:fixed;}<\/style><div id=\"g1-section-3\" class=\"g1-section \"><div class=\"g1-layout-inner\">\n<h2 class=\"g1-h1\" style=\"text-align: center;\">ENTRE LES MONTAGNES ET LA MER<\/h2>\n<p>&nbsp;<\/p>\n<h4 style=\"text-align: center;\">A Bollullos par del Condado, situ\u00e9 dans la province de Huelva au sud-ouest de Espa\u00f1a, les olives de Del Cetino se d\u00e9veloppent dans une ferme de 10 ha, entour\u00e9e d\u2019un parc naturel de ch\u00eanes-li\u00e8ge et de prairies qui sont typiques de cette r\u00e9gion entre les montagnes et la mer.<\/h4>\n<p><img loading=\"lazy\" decoding=\"async\" class=\"aligncenter wp-image-2159\" src=\"https:\/\/delcetino.eu\/wp-content\/uploads\/2014\/08\/del-cetino-landschap-300x100.jpg\" alt=\"del-cetino-landschap\" width=\"500\" height=\"168\" srcset=\"https:\/\/delcetino.eu\/wp-content\/uploads\/2014\/08\/del-cetino-landschap-300x100.jpg 300w, https:\/\/delcetino.eu\/wp-content\/uploads\/2014\/08\/del-cetino-landschap-600x202.jpg 600w, https:\/\/delcetino.eu\/wp-content\/uploads\/2014\/08\/del-cetino-landschap-968x325.jpg 968w, https:\/\/delcetino.eu\/wp-content\/uploads\/2014\/08\/del-cetino-landschap-636x213.jpg 636w, https:\/\/delcetino.eu\/wp-content\/uploads\/2014\/08\/del-cetino-landschap-320x107.jpg 320w, https:\/\/delcetino.eu\/wp-content\/uploads\/2014\/08\/del-cetino-landschap-239x80.jpg 239w, https:\/\/delcetino.eu\/wp-content\/uploads\/2014\/08\/del-cetino-landschap.jpg 1000w\" sizes=\"auto, (max-width: 500px) 100vw, 500px\" \/><\/p>\n<span id=\"g1-space-2\" class=\"g1-space \" style=\"height:1.5em;\"><\/span>\n<div id=\"g1-box-counter-3\" class=\"g1-box g1-box--simple  g1-box--noicon\" ><div class=\"g1-box__inner\">\n<ul class=\"g1-grid\"><li class=\"g1-column g1-two-third g1-valign-middle\">\n<h2>o\u00f9 acheter l\u2019huile de Del Cetino ?<\/h2>\n<\/li><!-- -->\n<li class=\"g1-column g1-one-third g1-valign-middle\">\n<a id=\"g1-button-2\" class=\"g1-button g1-button--big g1-button--solid g1-button--wide \" href=\"\/fr\/ou-acheter-lhuile-de-del-cetino\/\" >\n<p>Trouver un concessionnaire<\/p>\n<\/a>\n<\/li><!-- --><\/ul>\n<\/div><\/div>\n<div id=\"g1-box-counter-4\" class=\"g1-box g1-box--simple  g1-box--noicon\" ><div class=\"g1-box__inner\">\n<ul class=\"g1-grid\"><li class=\"g1-column g1-two-third g1-valign-middle\">\n<h2>Devenir distributeur<\/h2>\n<\/li><!-- -->\n<li class=\"g1-column g1-one-third g1-valign-middle\">\n<a id=\"g1-button-3\" class=\"g1-button g1-button--big g1-button--solid g1-button--wide \" href=\"\/fr\/del-cetino-devenir-concessionnaire\/\" >Contact<\/a>\n<\/li><!-- --><\/ul>\n<\/div><\/div>\n<\/div><\/div>\n","protected":false},"excerpt":{"rendered":"","protected":false},"author":1,"featured_media":0,"parent":0,"menu_order":70,"comment_status":"closed","ping_status":"closed","template":"g1_template_page_full_sections.php","meta":{"footnotes":""},"class_list":["post-2849","page","type-page","status-publish"],"yoast_head":"<!-- This site is optimized with the Yoast SEO plugin v21.7 - https:\/\/yoast.com\/wordpress\/plugins\/seo\/ -->\n<title>Del Cetino o\u00f9 acheter l\u2019huile de Del Cetino<\/title>\n<meta name=\"description\" content=\"Del Cetino o\u00f9 acheter l\u2019huile de Del Cetino\" \/>\n<meta name=\"robots\" content=\"index, follow, max-snippet:-1, max-image-preview:large, max-video-preview:-1\" \/>\n<link rel=\"canonical\" href=\"https:\/\/delcetino.eu\/fr\/ou-acheter-lhuile-de-del-cetino\/\" \/>\n<meta property=\"og:locale\" content=\"fr_FR\" \/>\n<meta property=\"og:type\" content=\"article\" \/>\n<meta property=\"og:title\" content=\"Del Cetino o\u00f9 acheter l\u2019huile de Del Cetino\" \/>\n<meta property=\"og:description\" content=\"Del Cetino o\u00f9 acheter l\u2019huile de Del Cetino\" \/>\n<meta property=\"og:url\" content=\"https:\/\/delcetino.eu\/fr\/ou-acheter-lhuile-de-del-cetino\/\" \/>\n<meta property=\"og:site_name\" content=\"Del Cetino Olijfolie\" \/>\n<meta property=\"article:modified_time\" content=\"2023-10-09T08:50:15+00:00\" \/>\n<meta property=\"og:image\" content=\"https:\/\/delcetino.eu\/wp-content\/uploads\/2014\/08\/del-cetino-landschap-300x100.jpg\" \/>\n<meta name=\"twitter:label1\" content=\"Dur\u00e9e de lecture estim\u00e9e\" \/>\n\t<meta name=\"twitter:data1\" content=\"2 minutes\" \/>\n<script type=\"application\/ld+json\" class=\"yoast-schema-graph\">{\"@context\":\"https:\/\/schema.org\",\"@graph\":[{\"@type\":\"WebPage\",\"@id\":\"https:\/\/delcetino.eu\/fr\/ou-acheter-lhuile-de-del-cetino\/\",\"url\":\"https:\/\/delcetino.eu\/fr\/ou-acheter-lhuile-de-del-cetino\/\",\"name\":\"Del Cetino o\u00f9 acheter l\u2019huile de Del Cetino\",\"isPartOf\":{\"@id\":\"https:\/\/delcetino.eu\/en\/#website\"},\"datePublished\":\"2014-08-08T08:18:40+00:00\",\"dateModified\":\"2023-10-09T08:50:15+00:00\",\"description\":\"Del Cetino o\u00f9 acheter l\u2019huile de Del Cetino\",\"breadcrumb\":{\"@id\":\"https:\/\/delcetino.eu\/fr\/ou-acheter-lhuile-de-del-cetino\/#breadcrumb\"},\"inLanguage\":\"fr-FR\",\"potentialAction\":[{\"@type\":\"ReadAction\",\"target\":[\"https:\/\/delcetino.eu\/fr\/ou-acheter-lhuile-de-del-cetino\/\"]}]},{\"@type\":\"BreadcrumbList\",\"@id\":\"https:\/\/delcetino.eu\/fr\/ou-acheter-lhuile-de-del-cetino\/#breadcrumb\",\"itemListElement\":[{\"@type\":\"ListItem\",\"position\":1,\"name\":\"Del Cetino\",\"item\":\"https:\/\/delcetino.eu\/fr\/\"},{\"@type\":\"ListItem\",\"position\":2,\"name\":\"Del Cetino o\u00f9 acheter l\u2019huile de Del Cetino ?\"}]},{\"@type\":\"WebSite\",\"@id\":\"https:\/\/delcetino.eu\/en\/#website\",\"url\":\"https:\/\/delcetino.eu\/en\/\",\"name\":\"Del Cetino Olijfolie\",\"description\":\"Authentieke Olijfolie uit Spanje\",\"potentialAction\":[{\"@type\":\"SearchAction\",\"target\":{\"@type\":\"EntryPoint\",\"urlTemplate\":\"https:\/\/delcetino.eu\/en\/?s={search_term_string}\"},\"query-input\":\"required name=search_term_string\"}],\"inLanguage\":\"fr-FR\"}]}<\/script>\n<!-- \/ Yoast SEO plugin. -->","yoast_head_json":{"title":"Del Cetino o\u00f9 acheter l\u2019huile de Del Cetino","description":"Del Cetino o\u00f9 acheter l\u2019huile de Del Cetino","robots":{"index":"index","follow":"follow","max-snippet":"max-snippet:-1","max-image-preview":"max-image-preview:large","max-video-preview":"max-video-preview:-1"},"canonical":"https:\/\/delcetino.eu\/fr\/ou-acheter-lhuile-de-del-cetino\/","og_locale":"fr_FR","og_type":"article","og_title":"Del Cetino o\u00f9 acheter l\u2019huile de Del Cetino","og_description":"Del Cetino o\u00f9 acheter l\u2019huile de Del Cetino","og_url":"https:\/\/delcetino.eu\/fr\/ou-acheter-lhuile-de-del-cetino\/","og_site_name":"Del Cetino Olijfolie","article_modified_time":"2023-10-09T08:50:15+00:00","og_image":[{"url":"https:\/\/delcetino.eu\/wp-content\/uploads\/2014\/08\/del-cetino-landschap-300x100.jpg"}],"twitter_misc":{"Dur\u00e9e de lecture estim\u00e9e":"2 minutes"},"schema":{"@context":"https:\/\/schema.org","@graph":[{"@type":"WebPage","@id":"https:\/\/delcetino.eu\/fr\/ou-acheter-lhuile-de-del-cetino\/","url":"https:\/\/delcetino.eu\/fr\/ou-acheter-lhuile-de-del-cetino\/","name":"Del Cetino o\u00f9 acheter l\u2019huile de Del Cetino","isPartOf":{"@id":"https:\/\/delcetino.eu\/en\/#website"},"datePublished":"2014-08-08T08:18:40+00:00","dateModified":"2023-10-09T08:50:15+00:00","description":"Del Cetino o\u00f9 acheter l\u2019huile de Del Cetino","breadcrumb":{"@id":"https:\/\/delcetino.eu\/fr\/ou-acheter-lhuile-de-del-cetino\/#breadcrumb"},"inLanguage":"fr-FR","potentialAction":[{"@type":"ReadAction","target":["https:\/\/delcetino.eu\/fr\/ou-acheter-lhuile-de-del-cetino\/"]}]},{"@type":"BreadcrumbList","@id":"https:\/\/delcetino.eu\/fr\/ou-acheter-lhuile-de-del-cetino\/#breadcrumb","itemListElement":[{"@type":"ListItem","position":1,"name":"Del Cetino","item":"https:\/\/delcetino.eu\/fr\/"},{"@type":"ListItem","position":2,"name":"Del Cetino o\u00f9 acheter l\u2019huile de Del Cetino ?"}]},{"@type":"WebSite","@id":"https:\/\/delcetino.eu\/en\/#website","url":"https:\/\/delcetino.eu\/en\/","name":"Del Cetino Olijfolie","description":"Authentieke Olijfolie uit Spanje","potentialAction":[{"@type":"SearchAction","target":{"@type":"EntryPoint","urlTemplate":"https:\/\/delcetino.eu\/en\/?s={search_term_string}"},"query-input":"required name=search_term_string"}],"inLanguage":"fr-FR"}]}},"_links":{"self":[{"href":"https:\/\/delcetino.eu\/fr\/wp-json\/wp\/v2\/pages\/2849","targetHints":{"allow":["GET"]}}],"collection":[{"href":"https:\/\/delcetino.eu\/fr\/wp-json\/wp\/v2\/pages"}],"about":[{"href":"https:\/\/delcetino.eu\/fr\/wp-json\/wp\/v2\/types\/page"}],"author":[{"embeddable":true,"href":"https:\/\/delcetino.eu\/fr\/wp-json\/wp\/v2\/users\/1"}],"replies":[{"embeddable":true,"href":"https:\/\/delcetino.eu\/fr\/wp-json\/wp\/v2\/comments?post=2849"}],"version-history":[{"count":0,"href":"https:\/\/delcetino.eu\/fr\/wp-json\/wp\/v2\/pages\/2849\/revisions"}],"wp:attachment":[{"href":"https:\/\/delcetino.eu\/fr\/wp-json\/wp\/v2\/media?parent=2849"}],"curies":[{"name":"wp","href":"https:\/\/api.w.org\/{rel}","templated":true}]}}