{"id":3041,"date":"2019-08-29T10:57:57","date_gmt":"2019-08-29T10:57:57","guid":{"rendered":"https:\/\/delcetino.eu\/?page_id=3041\/"},"modified":"2019-08-29T11:04:31","modified_gmt":"2019-08-29T11:04:31","slug":"del-cetino-prix-prestigieux-2019","status":"publish","type":"page","link":"https:\/\/delcetino.eu\/fr\/del-cetino-prix-prestigieux-2019\/","title":{"rendered":"Del Cetino Prix Prestigieux 2019"},"content":{"rendered":"<div id=\"g1-box-counter-1\" class=\"g1-box g1-box--simple  g1-box--noicon\" ><div class=\"g1-box__inner\">\n<div style=\"margin: 0px 20px; text-align: center;\">\r\n<h2 style=\"text-align: center;\"><img decoding=\"async\" class=\"aligncenter size-full wp-image-2536\" src=\"https:\/\/delcetino.eu\/wp-content\/uploads\/2019\/08\/del-cetino-gold-award-no-title.png\" alt=\"del cetino gold award 2019\" width=\"200\" height=\"auto\" \/><br \/>DE NEW YORK INTERNATIONAL OLIVE OIL COMPETICION (NYIOOC)<\/h2>\r\n<\/div>\r\n<p>&nbsp;<\/p>\r\n<div style=\"margin: 0 20px;\"><img loading=\"lazy\" decoding=\"async\" class=\"aligncenter size-full wp-image-2540\" src=\"https:\/\/delcetino.eu\/wp-content\/uploads\/2019\/08\/del-cetino-ga-2019-picual.gif\" alt=\"del cetino gold award 2019 Picual\" width=\"756\" height=\"506\" \/><\/div>\r\n<p>&nbsp;<\/p>\n<\/div><\/div>\n<div id=\"g1-box-counter-2\" class=\"g1-box g1-box--simple  g1-box--noicon\" ><div class=\"g1-box__inner\">\n<div style=\"margin: 0px 20px; text-align: center;\">\r\n<h2 style=\"text-align: center;\"><img decoding=\"async\" class=\"aligncenter size-full wp-image-2536\" src=\"https:\/\/delcetino.eu\/wp-content\/uploads\/2019\/08\/del-cetino-gold-award-no-title.png\" alt=\"del cetino gold award 2019\" width=\"200\" height=\"auto\" \/><br \/>DE NEW YORK INTERNATIONAL OLIVE OIL COMPETICION (NYIOOC)<\/h2>\r\n<\/div>\r\n&nbsp;\r\n<div style=\"margin: 0 20px;\"><img loading=\"lazy\" decoding=\"async\" class=\"aligncenter size-full wp-image-2540\" src=\"https:\/\/delcetino.eu\/wp-content\/uploads\/2019\/08\/del-cetino-ga-2019-arbequina.gif\" alt=\"del cetino gold award 2019 Arbequina\" width=\"756\" height=\"506\" \/><\/div>\r\n&nbsp;\n<\/div><\/div>\n<div id=\"g1-box-counter-3\" class=\"g1-box g1-box--simple  g1-box--noicon\" ><div class=\"g1-box__inner\">\n<div style=\"margin: 0px 20px; text-align: center;\">\r\n<h2 style=\"text-align: center;\"><img loading=\"lazy\" decoding=\"async\" class=\"aligncenter size-full wp-image-2536\" src=\"https:\/\/delcetino.eu\/wp-content\/uploads\/2017\/06\/golden-award-del-cetino-label.png\" alt=\"del cetino gold award\" width=\"200\" height=\"200\" srcset=\"https:\/\/delcetino.eu\/wp-content\/uploads\/2017\/06\/golden-award-del-cetino-label.png 200w, https:\/\/delcetino.eu\/wp-content\/uploads\/2017\/06\/golden-award-del-cetino-label-100x100.png 100w, https:\/\/delcetino.eu\/wp-content\/uploads\/2017\/06\/golden-award-del-cetino-label-150x150.png 150w, https:\/\/delcetino.eu\/wp-content\/uploads\/2017\/06\/golden-award-del-cetino-label-55x55.png 55w\" sizes=\"auto, (max-width: 200px) 100vw, 200px\" \/>DE NEW YORK INTERNATIONAL OLIVE OIL COMPETICION (NYIOOC)\r\nET SENS DU \u2018PRIX D'OR\u2019 POUR DEL CETINO.<\/h2>\r\n&nbsp;\r\n<p style=\"text-align: center;\">La comp\u00e9tition internationale \u00e0 New York \u00e9value la qualit\u00e9 de l'huile d'olive et est reconnue comme \u00e9tant la plus grande et la plus importante du genre.\r\n<a href=\"https:\/\/www.oliveoiltimes.com\/reviews-opinions\/extra-virgin-olive-oil-competitions\/5th-nyiooc-will-biggest-yet\/54997\" target=\"_blank\" rel=\"noopener noreferrer\">Lien<\/a>\r\n\r\n&nbsp;\r\n<p style=\"text-align: center;\">Elle est organis\u00e9e par OLIVE OIL TIMES, un magazine am\u00e9ricain sp\u00e9cialis\u00e9 dans le monde de l'huile d'olive (comparable \u00e0 Wine Spectator).\r\n<a href=\"https:\/\/www.oliveoiltimes.com\" target=\"_blank\" rel=\"noopener noreferrer\">Lien\r\n<\/a>\r\nL\u2019attention croissante dans le monde entier pour l\u2019huile d\u2019olive, a conduit \u00e0 une multiplication des comp\u00e9titions locales, nationales et internationales.\r\n\r\n&nbsp;\r\n<p style=\"text-align: center;\">Lien Le NYIOOC est la r\u00e9f\u00e9rence internationale incontest\u00e9e de s\u00e9rieux, de qualit\u00e9 et de stabilit\u00e9 dans ce foisonnement de comp\u00e9titions.\r\n<a href=\"https:\/\/www.bestoliveoils.com\/about\" target=\"_blank\" rel=\"noopener noreferrer\">Lien<\/a>\r\n\r\n&nbsp;\r\n<p style=\"text-align: center;\">L\u2019\u00e9dition de 2017 \u00e9tait la cinqui\u00e8me comp\u00e9tition reprenant des producteurs venant de 27 pays et un total de 910 participants. Un jury d\u2019experts est compos\u00e9 de 15 d\u00e9gustateurs professionnels reconnus venant de France, Italie, Espagne, \u00c9tats-Unis, Japon, Gr\u00e8ce, Australie, Chili, Turquie et Tunisie.\r\n<a href=\"https:\/\/www.oliveoiltimes.com\/olive-oil-basics\/expert-tasters-japan-australia-u-s-chosen-lead-5th-nyiooc\/55763\" target=\"_blank\" rel=\"noopener noreferrer\">Lien<\/a>\r\n\r\n&nbsp;\r\n<p style=\"text-align: center;\">Ces juges ont pour mission de s\u00e9lectionner les participants qui r\u00e9pondent aux normes les plus \u00e9lev\u00e9es de qualit\u00e9 des huiles d\u2019olive. En fonction des diff\u00e9rents secteurs de production (h\u00e9misph\u00e8res Sud et Nord), les modes de production (organique ou int\u00e9gral),les vari\u00e9t\u00e9s (mono vari\u00e9t\u00e9s et m\u00e9langes) et l\u2019intensit\u00e9 des saveurs diff\u00e9rentes (\u2018d\u00e9licate\u2019, \u2018moyenne\u2019 et \u2018robuste\u2019), on diff\u00e9rencie les cat\u00e9gories.Parmi les producteurs gagnants, on distingue le meilleur de la classe, les m\u00e9dailles d\u2019Or et \u00a0les m\u00e9dailles d\u2019Argent. L\u2019\u00e9valuation est, avant tout, une appr\u00e9ciation de la qualit\u00e9 du produit.\u00a0(<a href=\"https:\/\/www.bestoliveoils.com\/\" target=\"_blank\" rel=\"noopener noreferrer\">www.bestoliveoils.com<\/a>)<\/p>\r\n\r\n&nbsp;\r\n<p style=\"text-align: center;\">Ainsi que dix autres producteurs, DEL \u00a0CETINO \u00a0PICUAL a remport\u00e9 la plus haute distinction dans sa cat\u00e9gorie (PICUAL, moyenne) : la m\u00e9daille d\u2019Or. Les producteurs gagnants seront mis en vedette dans un ouvrage intitul\u00e9 \u00a0\u2018Les meilleures huiles d\u2019olive dans le monde\u2019 qui sera distribu\u00e9 dans tous les continents.<\/p>\r\n\r\n&nbsp;\r\n<p style=\"text-align: center;\">La haute r\u00e9compense et la reconnaissance internationale accord\u00e9e \u00e0 DEL CETINO est absolument exceptionnelle et importante. Non seulement parce que la production de l\u2019huile Picual en Espagne est consid\u00e9rable et donc la concurrence interne est tr\u00e8s grande, mais aussi parce que jusqu'\u00e0 aujourd\u2019hui, les principaux prix allaient aux producteurs renomm\u00e9s et prestigieux. En d'autres termes, nous devons en \u00eatre fiers!<\/p>\r\n\r\n&nbsp;\r\n<div style=\"margin: 0 20px;\"><img loading=\"lazy\" decoding=\"async\" class=\"aligncenter size-full wp-image-2540\" src=\"https:\/\/delcetino.eu\/wp-content\/uploads\/2019\/08\/BestOliveOil-NYIOOC-2017.gif\" alt=\"del cetino gold award\" width=\"756\" height=\"506\" \/><\/div>\r\n<\/div>\n<\/div><\/div>\n","protected":false},"excerpt":{"rendered":"","protected":false},"author":1,"featured_media":0,"parent":0,"menu_order":0,"comment_status":"closed","ping_status":"closed","template":"","meta":{"footnotes":""},"class_list":["post-3041","page","type-page","status-publish"],"yoast_head":"<!-- This site is optimized with the Yoast SEO plugin v21.7 - https:\/\/yoast.com\/wordpress\/plugins\/seo\/ -->\n<title>Del Cetino Presse pr\u00e9-presse<\/title>\n<meta name=\"robots\" content=\"index, follow, max-snippet:-1, max-image-preview:large, max-video-preview:-1\" \/>\n<link rel=\"canonical\" href=\"https:\/\/delcetino.eu\/fr\/del-cetino-prix-prestigieux-2019\/\" \/>\n<meta property=\"og:locale\" content=\"fr_FR\" \/>\n<meta property=\"og:type\" content=\"article\" \/>\n<meta property=\"og:title\" content=\"Del Cetino Presse pr\u00e9-presse\" \/>\n<meta property=\"og:url\" content=\"https:\/\/delcetino.eu\/fr\/del-cetino-prix-prestigieux-2019\/\" \/>\n<meta property=\"og:site_name\" content=\"Del Cetino Olijfolie\" \/>\n<meta property=\"article:modified_time\" content=\"2019-08-29T11:04:31+00:00\" \/>\n<script type=\"application\/ld+json\" class=\"yoast-schema-graph\">{\"@context\":\"https:\/\/schema.org\",\"@graph\":[{\"@type\":\"WebPage\",\"@id\":\"https:\/\/delcetino.eu\/fr\/del-cetino-prix-prestigieux-2019\/\",\"url\":\"https:\/\/delcetino.eu\/fr\/del-cetino-prix-prestigieux-2019\/\",\"name\":\"Del Cetino Presse pr\u00e9-presse\",\"isPartOf\":{\"@id\":\"https:\/\/delcetino.eu\/en\/#website\"},\"datePublished\":\"2019-08-29T10:57:57+00:00\",\"dateModified\":\"2019-08-29T11:04:31+00:00\",\"breadcrumb\":{\"@id\":\"https:\/\/delcetino.eu\/fr\/del-cetino-prix-prestigieux-2019\/#breadcrumb\"},\"inLanguage\":\"fr-FR\",\"potentialAction\":[{\"@type\":\"ReadAction\",\"target\":[\"https:\/\/delcetino.eu\/fr\/del-cetino-prix-prestigieux-2019\/\"]}]},{\"@type\":\"BreadcrumbList\",\"@id\":\"https:\/\/delcetino.eu\/fr\/del-cetino-prix-prestigieux-2019\/#breadcrumb\",\"itemListElement\":[{\"@type\":\"ListItem\",\"position\":1,\"name\":\"Del Cetino\",\"item\":\"https:\/\/delcetino.eu\/fr\/\"},{\"@type\":\"ListItem\",\"position\":2,\"name\":\"Del Cetino Prix Prestigieux 2019\"}]},{\"@type\":\"WebSite\",\"@id\":\"https:\/\/delcetino.eu\/en\/#website\",\"url\":\"https:\/\/delcetino.eu\/en\/\",\"name\":\"Del Cetino Olijfolie\",\"description\":\"Authentieke Olijfolie uit Spanje\",\"potentialAction\":[{\"@type\":\"SearchAction\",\"target\":{\"@type\":\"EntryPoint\",\"urlTemplate\":\"https:\/\/delcetino.eu\/en\/?s={search_term_string}\"},\"query-input\":\"required name=search_term_string\"}],\"inLanguage\":\"fr-FR\"}]}<\/script>\n<!-- \/ Yoast SEO plugin. -->","yoast_head_json":{"title":"Del Cetino Presse pr\u00e9-presse","robots":{"index":"index","follow":"follow","max-snippet":"max-snippet:-1","max-image-preview":"max-image-preview:large","max-video-preview":"max-video-preview:-1"},"canonical":"https:\/\/delcetino.eu\/fr\/del-cetino-prix-prestigieux-2019\/","og_locale":"fr_FR","og_type":"article","og_title":"Del Cetino Presse pr\u00e9-presse","og_url":"https:\/\/delcetino.eu\/fr\/del-cetino-prix-prestigieux-2019\/","og_site_name":"Del Cetino Olijfolie","article_modified_time":"2019-08-29T11:04:31+00:00","schema":{"@context":"https:\/\/schema.org","@graph":[{"@type":"WebPage","@id":"https:\/\/delcetino.eu\/fr\/del-cetino-prix-prestigieux-2019\/","url":"https:\/\/delcetino.eu\/fr\/del-cetino-prix-prestigieux-2019\/","name":"Del Cetino Presse pr\u00e9-presse","isPartOf":{"@id":"https:\/\/delcetino.eu\/en\/#website"},"datePublished":"2019-08-29T10:57:57+00:00","dateModified":"2019-08-29T11:04:31+00:00","breadcrumb":{"@id":"https:\/\/delcetino.eu\/fr\/del-cetino-prix-prestigieux-2019\/#breadcrumb"},"inLanguage":"fr-FR","potentialAction":[{"@type":"ReadAction","target":["https:\/\/delcetino.eu\/fr\/del-cetino-prix-prestigieux-2019\/"]}]},{"@type":"BreadcrumbList","@id":"https:\/\/delcetino.eu\/fr\/del-cetino-prix-prestigieux-2019\/#breadcrumb","itemListElement":[{"@type":"ListItem","position":1,"name":"Del Cetino","item":"https:\/\/delcetino.eu\/fr\/"},{"@type":"ListItem","position":2,"name":"Del Cetino Prix Prestigieux 2019"}]},{"@type":"WebSite","@id":"https:\/\/delcetino.eu\/en\/#website","url":"https:\/\/delcetino.eu\/en\/","name":"Del Cetino Olijfolie","description":"Authentieke Olijfolie uit Spanje","potentialAction":[{"@type":"SearchAction","target":{"@type":"EntryPoint","urlTemplate":"https:\/\/delcetino.eu\/en\/?s={search_term_string}"},"query-input":"required name=search_term_string"}],"inLanguage":"fr-FR"}]}},"_links":{"self":[{"href":"https:\/\/delcetino.eu\/fr\/wp-json\/wp\/v2\/pages\/3041","targetHints":{"allow":["GET"]}}],"collection":[{"href":"https:\/\/delcetino.eu\/fr\/wp-json\/wp\/v2\/pages"}],"about":[{"href":"https:\/\/delcetino.eu\/fr\/wp-json\/wp\/v2\/types\/page"}],"author":[{"embeddable":true,"href":"https:\/\/delcetino.eu\/fr\/wp-json\/wp\/v2\/users\/1"}],"replies":[{"embeddable":true,"href":"https:\/\/delcetino.eu\/fr\/wp-json\/wp\/v2\/comments?post=3041"}],"version-history":[{"count":0,"href":"https:\/\/delcetino.eu\/fr\/wp-json\/wp\/v2\/pages\/3041\/revisions"}],"wp:attachment":[{"href":"https:\/\/delcetino.eu\/fr\/wp-json\/wp\/v2\/media?parent=3041"}],"curies":[{"name":"wp","href":"https:\/\/api.w.org\/{rel}","templated":true}]}}