{"id":4115,"date":"2023-10-09T11:55:24","date_gmt":"2023-10-09T11:55:24","guid":{"rendered":"https:\/\/delcetino.eu\/?page_id=4115"},"modified":"2023-10-09T12:05:52","modified_gmt":"2023-10-09T12:05:52","slug":"mentions-legales","status":"publish","type":"page","link":"https:\/\/delcetino.eu\/fr\/mentions-legales\/","title":{"rendered":"Mentions L\u00e9gales"},"content":{"rendered":"<h3>DONN\u00c9ES D\u2019IDENTIFICATION DU PROPRI\u00c9TAIRE DU SITE WEB<\/h3>\n<p>Conform\u00e9ment au devoir d\u2019information stipul\u00e9 \u00e0 l\u2019article 10 de la loi 34\/2002 du 11 juillet, Services de la soci\u00e9t\u00e9 de l\u2019information et du commerce \u00e9lectronique,\u00a0<strong><em>EDDY PLASQUY,<\/em><\/strong>\u00a0avec NIE X00000000T, ci-apr\u00e8s\u00a0<strong>Del Cetino Olijfolie<\/strong>, en tant que propri\u00e9taire du\u00a0<strong>site Web delcetino.eu<\/strong>, domicili\u00e9 Plaza 8 de Marzo, p.2 B, code postal 21710 \u00e0 Bollullos par del Condado, Huelva, adresse e-mail\u00a0<a href=\"mailto:sale%73@d%65%6cceti%6e%6f.%65%75\">sales@delcetino.eu<\/a>, proc\u00e8de \u00e0 la communication de ces informations conformes et r\u00e9glementant les conditions d\u2019utilisation sur cette page, les limitations de responsabilit\u00e9 et les obligations que, les utilisateurs du site Web publi\u00e9 sous le nom de domaine\u00a0<strong><i>delcetino.eu<\/i><\/strong>, assument et s\u2019engagent \u00e0 respecter.<\/p>\n<h3>CONDITIONS D\u2019UTILISATION<\/h3>\n<p>L\u2019utilisation de delcetino.eu accorde la condition d\u2019Utilisateur de\u00a0<strong>delcetino.eu<\/strong>, qu\u2019il s\u2019agisse\u00a0<strong>d\u2019une<\/strong>\u00a0personne physique ou morale et implique n\u00e9cessairement l\u2019acceptation compl\u00e8te, pleine et sans r\u00e9serve de chacune des clauses et conditions g\u00e9n\u00e9rales incluses dans les Mentions l\u00e9gales.\u00a0Si l\u2019Utilisateur n\u2019est pas d\u2019accord avec les clauses et conditions d\u2019utilisation du pr\u00e9sent Avis L\u00e9gal, il\u00a0<strong>s\u2019abstiendra<\/strong>\u00a0de\u00a0<strong>delcetino.eu<\/strong>. Cet avis juridique est sujet \u00e0 des modifications et des mises \u00e0 jour, de sorte que la version publi\u00e9e par\u00a0<strong>Del Cetino Olijfolie<\/strong>\u00a0peut \u00eatre diff\u00e9rente \u00e0 chaque fois que\u00a0<strong>l\u2019utilisateur<\/strong>\u00a0acc\u00e8de au portail. Par cons\u00e9quent,\u00a0<strong>l\u2019Utilisateur<\/strong>\u00a0doit lire les Mentions l\u00e9gales \u00e0 chacune des occasions o\u00f9 il acc\u00e8de \u00e0\u00a0<strong>delcetino.eu<\/strong>.<\/p>\n<p>Par\u00a0<strong>le biais de delcetino.eu<\/strong>, Del Cetino Olijfolie fournit \u00e0\u00a0<strong>l\u2019utilisateur l\u2019acc\u00e8s<\/strong>\u00a0et l\u2019utilisation de divers contenus publi\u00e9s via Internet par\u00a0<strong>Del Cetino Olijfolie<\/strong><b>\u00a0<\/b>ou par des tiers autoris\u00e9s.<\/p>\n<p><strong>L\u2019Utilisateur<\/strong>\u00a0est oblig\u00e9 et s\u2019engage \u00e0 utiliser delcetino.eu et les Contenus conform\u00e9ment \u00e0 la l\u00e9gislation en vigueur, aux Mentions l\u00e9gales\u00a0et \u00e0 tout autre avis ou instruction qui lui est communiqu\u00e9, soit par le biais du pr\u00e9sent avis l\u00e9gal, soit \u00e0 tout autre endroit dans les Contenus qui composent\u00a0<strong>delcetino.eu<\/strong>, tels que les r\u00e8gles de coexistence, la moralit\u00e9 et les bonnes coutumes g\u00e9n\u00e9ralement accept\u00e9es. \u00c0 cette fin,\u00a0<strong>l\u2019Utilisateur<\/strong>\u00a0s\u2019engage et s\u2019engage \u00e0 NE PAS utiliser les Contenus \u00e0 des fins ou effets illicites, interdits dans les Mentions l\u00e9gales ou par la l\u00e9gislation en vigueur, nuisibles aux droits et int\u00e9r\u00eats de tiers, ou qui, de quelque mani\u00e8re que ce soit, peuvent endommager, d\u00e9sactiver, surcharger, d\u00e9t\u00e9riorer ou emp\u00eacher l\u2019utilisation normale des Contenus, mat\u00e9riel informatique ou documents, fichiers et toutes sortes de contenus stock\u00e9s sur tout \u00e9quipement informatique d\u00e9tenu ou contract\u00e9 par\u00a0<strong>Del Cetino Olijfolie<\/strong>, un autre\u00a0<strong>UTILISATEUR<\/strong>\u00a0ou tout internaute (mat\u00e9riel et logiciel).<\/p>\n<p><strong>L\u2019Utilisateur<\/strong>\u00a0s\u2019engage et s\u2019engage \u00e0 ne pas transmettre, diffuser ou mettre \u00e0 la disposition de tiers tout type de mat\u00e9riel contenu dans\u00a0<strong>delcetino.eu<\/strong>, tel que des informations, textes, donn\u00e9es, contenus, messages, graphiques, dessins, fichiers sonores et \/ ou image, photographies, enregistrements, logiciels, logos, marques, ic\u00f4nes, technologie, photographies, logiciels, liens, conception graphique et codes sources, ou tout autre mat\u00e9riel auquel il a eu acc\u00e8s en sa qualit\u00e9 de\u00a0<strong>Utilisateur<\/strong>\u00a0de\u00a0<strong>delcetino.eu<\/strong>, sans que cette \u00e9num\u00e9ration soit exhaustive. De m\u00eame, conform\u00e9ment \u00e0 tout cela,\u00a0<strong>l\u2019Utilisateur<\/strong>\u00a0ne peut pas:<\/p>\n<ul>\n<li>Reproduire, copier, distribuer, mettre \u00e0 disposition ou de toute autre mani\u00e8re communiquer publiquement, transformer ou modifier les contenus, sauf si vous avez l\u2019autorisation \u00e9crite et explicite de\u00a0<strong>Del Cetino Olijfolie<\/strong>, qui est le propri\u00e9taire des droits correspondants, ou que cela est l\u00e9galement autoris\u00e9.<\/li>\n<li>Supprimer, manipuler ou modifier de quelque mani\u00e8re que ce soit les \u00ab\u00a0droits d\u2019auteur\u00a0\u00bb et autres donn\u00e9es d\u2019identification de la r\u00e9serve de\u00a0<strong>droits de Del Cetino Olijfolie<\/strong>\u00a0ou de ses propri\u00e9taires, empreintes digitales et \/ ou identifiants num\u00e9riques, filigranes ou tout autre moyen technique \u00e9tabli pour la reconnaissance.<\/li>\n<\/ul>\n<p><strong>L\u2019Utilisateur<\/strong>\u00a0doit s\u2019abstenir d\u2019obtenir et m\u00eame de tenter d\u2019obtenir les Contenus en utilisant des moyens ou des proc\u00e9dures autres que ceux qui, selon le cas, ont \u00e9t\u00e9 mis \u00e0 disposition \u00e0 cet effet ou ont \u00e9t\u00e9 indiqu\u00e9s \u00e0 cet effet sur les pages Web o\u00f9 se trouvent les Contenus ou, en g\u00e9n\u00e9ral, ceux qui sont habituellement utilis\u00e9s sur Internet \u00e0 cette fin, \u00e0 condition qu\u2019ils ne comportent pas de risque de dommage ou de handicap. de\u00a0<strong>delcetino.eu<\/strong>, et\/ou du Contenu.<\/p>\n<h3>PROPRI\u00c9T\u00c9 INTELLECTUELLE<\/h3>\n<p>Toutes les marques, noms commerciaux ou signes distinctifs de toute nature qui apparaissent sur\u00a0<strong>delcetino.eu<\/strong>\u00a0sont la propri\u00e9t\u00e9 de\u00a0<strong>Del Cetino Olijfolie<\/strong>\u00a0ou, le cas \u00e9ch\u00e9ant, de leurs propri\u00e9taires respectifs, sans qu\u2019il soit entendu que l\u2019utilisation ou l\u2019acc\u00e8s au portail et \/ ou au contenu conf\u00e8re \u00e0 l\u2019utilisateur un droit quelconque sur les marques, noms commerciaux et \/ ou signes distinctifs susmentionn\u00e9s et sans \u00eatre compris comme \u00e9tant transf\u00e9r\u00e9 \u00e0 l\u2019utilisateur\u00a0, l\u2019un quelconque des droits d\u2019exploitation existants ou pouvant exister sur lesdits Contenus. De m\u00eame, les contenus sont la propri\u00e9t\u00e9 intellectuelle de Del Cetino Olijfolie, ou de tiers le cas \u00e9ch\u00e9ant, par cons\u00e9quent, les droits de propri\u00e9t\u00e9 intellectuelle sont la propri\u00e9t\u00e9 de\u00a0<strong>Del Cetino Olijfolie<\/strong>\u00a0ou\u00a0de tiers qui ont autoris\u00e9 leur utilisation, \u00e0 qui correspond l\u2019exercice exclusif des droits d\u2019exploitation de la m\u00eame sous quelque forme que ce soit et, en particulier, les droits de reproduction, de distribution, de communication publique et de transformation. L\u2019utilisation non autoris\u00e9e des informations contenues dans ce site Web, ainsi que la violation des droits de propri\u00e9t\u00e9 intellectuelle ou industrielle de\u00a0<strong>Del Cetino Olijfolie<\/strong>\u00a0ou de tiers inclus dans delcetino.eu qui ont transf\u00e9r\u00e9 des contenus donneront\u00a0<strong>lieu aux responsabilit\u00e9s<\/strong>\u00a0l\u00e9galement \u00e9tablies.<\/p>\n<h3>DISPONIBILIT\u00c9 DES DELCETINO.EU<\/h3>\n<p><strong>Del Cetino Olijfolie<\/strong>\u00a0ne garantit pas l\u2019absence d\u2019interruptions ou d\u2019erreurs dans l\u2019acc\u00e8s \u00e0 delcetino.eu, \u00e0 son contenu, ni \u00e0 sa mise \u00e0 jour, bien\u00a0<strong>qu\u2019elle<\/strong>\u00a0fasse ses meilleurs efforts pour, le cas \u00e9ch\u00e9ant, les \u00e9viter, les corriger ou les mettre \u00e0 jour. Par cons\u00e9quent,\u00a0<strong>Del Cetino Olijfolie<\/strong>\u00a0n\u2019est pas responsable des dommages de toute nature caus\u00e9s \u00e0\u00a0<strong>l\u2019utilisateur<\/strong>\u00a0\u00e0 la suite de d\u00e9faillances ou de d\u00e9connexions dans les r\u00e9seaux de t\u00e9l\u00e9communications qui produisent la suspension, l\u2019annulation ou l\u2019interruption du service de portail pendant la fourniture de celui-ci ou pr\u00e9c\u00e9demment.<\/p>\n<p><strong>Del Cetino Olijfolie<\/strong>\u00a0exclut, avec les exceptions pr\u00e9vues par la l\u00e9gislation en vigueur, toute responsabilit\u00e9 pour les dommages de toute nature qui pourraient \u00eatre dus au manque de disponibilit\u00e9, de continuit\u00e9 ou de qualit\u00e9 du fonctionnement de delcetino.eu et des contenus, \u00e0 la non-r\u00e9alisation de l\u2019attente d\u2019utilit\u00e9 que\u00a0<strong>l\u2019UTILISATEUR<\/strong>\u00a0aurait pu attribuer \u00e0\u00a0<strong>delcetino.eu<\/strong>\u00a0et aux contenus.<\/p>\n<p>La fonction des hyperliens qui apparaissent sur ce site Web est exclusivement d\u2019informer l\u2019utilisateur de l\u2019existence\u00a0<strong>d\u2019autres<\/strong>\u00a0sites Web contenant des informations sur le sujet. Ces hyperliens ne constituent aucune suggestion ou recommandation.<\/p>\n<p><strong>Del Cetino Olijfolie<\/strong>\u00a0n\u2019est pas responsable du contenu de ces pages li\u00e9es, du fonctionnement ou de l\u2019utilit\u00e9 des Hyperliens ou du r\u00e9sultat de ces liens, ni ne garantit l\u2019absence de virus ou d\u2019autres \u00e9l\u00e9ments pouvant entra\u00eener des alt\u00e9rations du syst\u00e8me informatique (mat\u00e9riel et logiciel), des documents ou des fichiers de\u00a0<strong>l\u2019Utilisateur<\/strong>, excluant toute responsabilit\u00e9 pour les dommages de toute nature caus\u00e9s \u00e0\u00a0<strong>l\u2019Utilisateur<\/strong>\u00a0pour cette raison.<\/p>\n<p>L\u2019acc\u00e8s \u00e0\u00a0<strong>delcetino.eu<\/strong>\u00a0n\u2019implique pas une obligation de la part de\u00a0<strong>Del Cetino Olijfolie<\/strong>\u00a0de contr\u00f4ler l\u2019absence de virus, de vers ou de tout autre \u00e9l\u00e9ment informatique nuisible. Il appartient \u00e0 l\u2019Utilisateur, dans tous les cas, de disposer d\u2019outils ad\u00e9quats pour la d\u00e9tection et la d\u00e9sinfection des programmes informatiques nuisibles, par cons\u00e9quent,\u00a0<strong>Del Cetino Olijfolie<\/strong>\u00a0n\u2019est pas responsable des \u00e9ventuelles erreurs de s\u00e9curit\u00e9 qui pourraient survenir lors de la fourniture du service\u00a0<strong>delcetino.eu<\/strong>, ni des dommages qui pourraient \u00eatre caus\u00e9s au syst\u00e8me informatique de\u00a0<strong>l\u2019Utilisateur<\/strong>.\u00a0ou des tiers (mat\u00e9riels et logiciels), les fichiers ou documents qui y sont stock\u00e9s, en raison de la pr\u00e9sence de virus dans l\u2019ordinateur de l\u2019utilisateur utilis\u00e9 pour se connecter aux services et contenus du Web, d\u2019un dysfonctionnement du navigateur ou de\u00a0<strong>l\u2019utilisation<\/strong>\u00a0de versions non mises \u00e0 jour de celui-ci.<\/p>\n<p>La fourniture du\u00a0<strong>service delcetino.eu<\/strong>\u00a0et des contenus a, en principe, une dur\u00e9e ind\u00e9termin\u00e9e.\u00a0<strong>Del Cetino Olijfolie<\/strong>\u00a0est toutefois autoris\u00e9 \u00e0 mettre fin ou \u00e0 suspendre la fourniture du\u00a0<strong>service delcetino.eu<\/strong>\u00a0et\/ou de l\u2019un des contenus \u00e0 tout moment. Dans la mesure du possible,\u00a0<strong>Del Cetino Olijfolie<\/strong>\u00a0notifiera au pr\u00e9alable la r\u00e9siliation ou la suspension de\u00a0<strong>delcetino.eu<\/strong>.<\/p>\n<h3>QUALIT\u00c9 DE DELCETINO.EU<\/h3>\n<p>Compte tenu de l\u2019environnement dynamique et changeant des informations et des services fournis par\u00a0<strong>delcetino.eu<\/strong>,\u00a0<strong>Del Cetino Olijfolie<\/strong>\u00a0fait de son mieux, mais ne garantit pas la v\u00e9racit\u00e9, l\u2019exactitude, la fiabilit\u00e9, l\u2019utilit\u00e9 et \/ ou l\u2019actualit\u00e9 compl\u00e8te des contenus. Les informations contenues dans les pages qui composent ce portail sont uniquement informatives, consultatives, informatives et publicitaires. En aucun cas, ils n\u2019offrent ou n\u2019ont le caract\u00e8re d\u2019un engagement contraignant ou contractuel.<\/p>\n<h3>LIMITATION DE RESPONSABILIT\u00c9<\/h3>\n<p><strong>Del Cetino Olijfolie<\/strong>\u00a0exclut toute responsabilit\u00e9 pour les d\u00e9cisions que\u00a0<strong>l\u2019utilisateur<\/strong>\u00a0pourrait prendre sur la base de ces informations, ainsi que pour les \u00e9ventuelles erreurs typographiques qui pourraient \u00eatre contenues dans les documents et graphiques\u00a0<strong>de delcetino.eu.<\/strong>\u00a0Les informations sont sujettes \u00e0 d\u2019\u00e9ventuelles modifications p\u00e9riodiques sans pr\u00e9avis de leur contenu par extension, am\u00e9lioration, correction ou mise \u00e0 jour du contenu.<\/p>\n<h3>NOTIFICATIONS<\/h3>\n<p>Toutes les notifications et communications de\u00a0<strong>Del Cetino Olijfolie \u00e0 l\u2019utilisateur<\/strong>\u00a0effectu\u00e9es par quelque moyen que ce soit seront consid\u00e9r\u00e9es comme effectives \u00e0 toutes fins.<\/p>\n<h3>JURIDICTION<\/h3>\n<p>Pour toute question relative \u00e0 l\u2019interpr\u00e9tation, \u00e0 l\u2019application et au respect du pr\u00e9sent avis juridique, ainsi que pour toute r\u00e9clamation pouvant d\u00e9couler de son utilisation, toutes les parties concern\u00e9es se soumettent aux juges et aux tribunaux de la province de Huelva, renon\u00e7ant express\u00e9ment \u00e0 toute autre juridiction qui pourrait leur correspondre.<\/p>\n<h3>LOI APPLICABLE<\/h3>\n<p>Les pr\u00e9sentes mentions l\u00e9gales sont r\u00e9gies par la r\u00e9glementation espagnole en vigueur.<\/p>\n","protected":false},"excerpt":{"rendered":"<p>DONN\u00c9ES D\u2019IDENTIFICATION DU PROPRI\u00c9TAIRE DU SITE WEB Conform\u00e9ment au devoir d\u2019information stipul\u00e9 \u00e0 l\u2019article 10 de la loi 34\/2002 du 11 juillet, Services de la soci\u00e9t\u00e9 de l\u2019information et du commerce \u00e9lectronique,\u00a0EDDY PLASQUY,\u00a0avec NIE X00000000T, ci-apr\u00e8s\u00a0Del Cetino Olijfolie, en tant que propri\u00e9taire du\u00a0site Web delcetino.eu, domicili\u00e9 Plaza 8 de Marzo, p.2 B, code postal 21710 [&hellip;]<\/p>\n","protected":false},"author":4,"featured_media":0,"parent":0,"menu_order":0,"comment_status":"closed","ping_status":"closed","template":"","meta":{"footnotes":""},"class_list":["post-4115","page","type-page","status-publish"],"yoast_head":"<!-- This site is optimized with the Yoast SEO plugin v21.7 - https:\/\/yoast.com\/wordpress\/plugins\/seo\/ -->\n<title>Mentions L\u00e9gales - Del Cetino Olijfolie<\/title>\n<meta name=\"robots\" content=\"index, follow, max-snippet:-1, max-image-preview:large, max-video-preview:-1\" \/>\n<link rel=\"canonical\" href=\"https:\/\/delcetino.eu\/fr\/mentions-legales\/\" \/>\n<meta property=\"og:locale\" content=\"fr_FR\" \/>\n<meta property=\"og:type\" content=\"article\" \/>\n<meta property=\"og:title\" content=\"Mentions L\u00e9gales - Del Cetino Olijfolie\" \/>\n<meta property=\"og:description\" content=\"DONN\u00c9ES D\u2019IDENTIFICATION DU PROPRI\u00c9TAIRE DU SITE WEB Conform\u00e9ment au devoir d\u2019information stipul\u00e9 \u00e0 l\u2019article 10 de la loi 34\/2002 du 11 juillet, Services de la soci\u00e9t\u00e9 de l\u2019information et du commerce \u00e9lectronique,\u00a0EDDY PLASQUY,\u00a0avec NIE X00000000T, ci-apr\u00e8s\u00a0Del Cetino Olijfolie, en tant que propri\u00e9taire du\u00a0site Web delcetino.eu, domicili\u00e9 Plaza 8 de Marzo, p.2 B, code postal 21710 [&hellip;]\" \/>\n<meta property=\"og:url\" content=\"https:\/\/delcetino.eu\/fr\/mentions-legales\/\" \/>\n<meta property=\"og:site_name\" content=\"Del Cetino Olijfolie\" \/>\n<meta property=\"article:modified_time\" content=\"2023-10-09T12:05:52+00:00\" \/>\n<script type=\"application\/ld+json\" class=\"yoast-schema-graph\">{\"@context\":\"https:\/\/schema.org\",\"@graph\":[{\"@type\":\"WebPage\",\"@id\":\"https:\/\/delcetino.eu\/fr\/mentions-legales\/\",\"url\":\"https:\/\/delcetino.eu\/fr\/mentions-legales\/\",\"name\":\"Mentions L\u00e9gales - Del Cetino Olijfolie\",\"isPartOf\":{\"@id\":\"https:\/\/delcetino.eu\/en\/#website\"},\"datePublished\":\"2023-10-09T11:55:24+00:00\",\"dateModified\":\"2023-10-09T12:05:52+00:00\",\"breadcrumb\":{\"@id\":\"https:\/\/delcetino.eu\/fr\/mentions-legales\/#breadcrumb\"},\"inLanguage\":\"fr-FR\",\"potentialAction\":[{\"@type\":\"ReadAction\",\"target\":[\"https:\/\/delcetino.eu\/fr\/mentions-legales\/\"]}]},{\"@type\":\"BreadcrumbList\",\"@id\":\"https:\/\/delcetino.eu\/fr\/mentions-legales\/#breadcrumb\",\"itemListElement\":[{\"@type\":\"ListItem\",\"position\":1,\"name\":\"Del Cetino\",\"item\":\"https:\/\/delcetino.eu\/fr\/\"},{\"@type\":\"ListItem\",\"position\":2,\"name\":\"Mentions L\u00e9gales\"}]},{\"@type\":\"WebSite\",\"@id\":\"https:\/\/delcetino.eu\/en\/#website\",\"url\":\"https:\/\/delcetino.eu\/en\/\",\"name\":\"Del Cetino Olijfolie\",\"description\":\"Authentieke Olijfolie uit Spanje\",\"potentialAction\":[{\"@type\":\"SearchAction\",\"target\":{\"@type\":\"EntryPoint\",\"urlTemplate\":\"https:\/\/delcetino.eu\/en\/?s={search_term_string}\"},\"query-input\":\"required name=search_term_string\"}],\"inLanguage\":\"fr-FR\"}]}<\/script>\n<!-- \/ Yoast SEO plugin. -->","yoast_head_json":{"title":"Mentions L\u00e9gales - Del Cetino Olijfolie","robots":{"index":"index","follow":"follow","max-snippet":"max-snippet:-1","max-image-preview":"max-image-preview:large","max-video-preview":"max-video-preview:-1"},"canonical":"https:\/\/delcetino.eu\/fr\/mentions-legales\/","og_locale":"fr_FR","og_type":"article","og_title":"Mentions L\u00e9gales - Del Cetino Olijfolie","og_description":"DONN\u00c9ES D\u2019IDENTIFICATION DU PROPRI\u00c9TAIRE DU SITE WEB Conform\u00e9ment au devoir d\u2019information stipul\u00e9 \u00e0 l\u2019article 10 de la loi 34\/2002 du 11 juillet, Services de la soci\u00e9t\u00e9 de l\u2019information et du commerce \u00e9lectronique,\u00a0EDDY PLASQUY,\u00a0avec NIE X00000000T, ci-apr\u00e8s\u00a0Del Cetino Olijfolie, en tant que propri\u00e9taire du\u00a0site Web delcetino.eu, domicili\u00e9 Plaza 8 de Marzo, p.2 B, code postal 21710 [&hellip;]","og_url":"https:\/\/delcetino.eu\/fr\/mentions-legales\/","og_site_name":"Del Cetino Olijfolie","article_modified_time":"2023-10-09T12:05:52+00:00","schema":{"@context":"https:\/\/schema.org","@graph":[{"@type":"WebPage","@id":"https:\/\/delcetino.eu\/fr\/mentions-legales\/","url":"https:\/\/delcetino.eu\/fr\/mentions-legales\/","name":"Mentions L\u00e9gales - Del Cetino Olijfolie","isPartOf":{"@id":"https:\/\/delcetino.eu\/en\/#website"},"datePublished":"2023-10-09T11:55:24+00:00","dateModified":"2023-10-09T12:05:52+00:00","breadcrumb":{"@id":"https:\/\/delcetino.eu\/fr\/mentions-legales\/#breadcrumb"},"inLanguage":"fr-FR","potentialAction":[{"@type":"ReadAction","target":["https:\/\/delcetino.eu\/fr\/mentions-legales\/"]}]},{"@type":"BreadcrumbList","@id":"https:\/\/delcetino.eu\/fr\/mentions-legales\/#breadcrumb","itemListElement":[{"@type":"ListItem","position":1,"name":"Del Cetino","item":"https:\/\/delcetino.eu\/fr\/"},{"@type":"ListItem","position":2,"name":"Mentions L\u00e9gales"}]},{"@type":"WebSite","@id":"https:\/\/delcetino.eu\/en\/#website","url":"https:\/\/delcetino.eu\/en\/","name":"Del Cetino Olijfolie","description":"Authentieke Olijfolie uit Spanje","potentialAction":[{"@type":"SearchAction","target":{"@type":"EntryPoint","urlTemplate":"https:\/\/delcetino.eu\/en\/?s={search_term_string}"},"query-input":"required name=search_term_string"}],"inLanguage":"fr-FR"}]}},"_links":{"self":[{"href":"https:\/\/delcetino.eu\/fr\/wp-json\/wp\/v2\/pages\/4115","targetHints":{"allow":["GET"]}}],"collection":[{"href":"https:\/\/delcetino.eu\/fr\/wp-json\/wp\/v2\/pages"}],"about":[{"href":"https:\/\/delcetino.eu\/fr\/wp-json\/wp\/v2\/types\/page"}],"author":[{"embeddable":true,"href":"https:\/\/delcetino.eu\/fr\/wp-json\/wp\/v2\/users\/4"}],"replies":[{"embeddable":true,"href":"https:\/\/delcetino.eu\/fr\/wp-json\/wp\/v2\/comments?post=4115"}],"version-history":[{"count":0,"href":"https:\/\/delcetino.eu\/fr\/wp-json\/wp\/v2\/pages\/4115\/revisions"}],"wp:attachment":[{"href":"https:\/\/delcetino.eu\/fr\/wp-json\/wp\/v2\/media?parent=4115"}],"curies":[{"name":"wp","href":"https:\/\/api.w.org\/{rel}","templated":true}]}}