{"id":4118,"date":"2023-10-09T12:00:06","date_gmt":"2023-10-09T12:00:06","guid":{"rendered":"https:\/\/delcetino.eu\/?page_id=4118"},"modified":"2023-10-09T12:00:06","modified_gmt":"2023-10-09T12:00:06","slug":"politique-de-cookies","status":"publish","type":"page","link":"https:\/\/delcetino.eu\/fr\/politique-de-cookies\/","title":{"rendered":"Politique de cookies"},"content":{"rendered":"<h3>Ce site utilise des cookies<\/h3>\n<p>Conform\u00e9ment \u00e0 la loi 34\/2002 du 11 juillet, Services de la soci\u00e9t\u00e9 de l\u2019information et du commerce \u00e9lectronique (LSSICE), nous vous informons que ce site Web\u00a0<strong>de Del Cetino Olijfolie<\/strong>\u00a0utilise des cookies.<\/p>\n<p>La LSSICE s\u2019applique \u00e0 tout type de fichier ou de dispositif t\u00e9l\u00e9charg\u00e9 sur l\u2019\u00e9quipement terminal d\u2019un utilisateur afin de stocker des donn\u00e9es qui peuvent \u00eatre mises \u00e0 jour et r\u00e9cup\u00e9r\u00e9es par l\u2019entit\u00e9 responsable de son installation. Un cookie est l\u2019un de ces fichiers d\u2019utilisation r\u00e9pandue que nous appellerons g\u00e9n\u00e9riquement cookies.<\/p>\n<p>Les cookies sont de petits fichiers texte envoy\u00e9s \u00e0 un navigateur \u00e0 partir d\u2019un serveur Web pour enregistrer l\u2019activit\u00e9 de l\u2019utilisateur sur un site Web afin que ces informations puissent \u00eatre r\u00e9cup\u00e9r\u00e9es ult\u00e9rieurement lors de la navigation sur les diff\u00e9rentes pages connect\u00e9es au serveur qui les a install\u00e9es.<\/p>\n<p><em>Les cookies<\/em>\u00a0stockent g\u00e9n\u00e9ralement des informations techniques, des pr\u00e9f\u00e9rences personnelles, la personnalisation du contenu, des statistiques d\u2019utilisation, des liens vers les r\u00e9seaux sociaux, l\u2019acc\u00e8s aux comptes d\u2019utilisateurs, etc.<\/p>\n<h3>Types de cookies<\/h3>\n<p>Ensuite, une classification des cookies est faite selon une s\u00e9rie de cat\u00e9gories. Cependant, il est n\u00e9cessaire de garder \u00e0 l\u2019esprit que le m\u00eame cookie peut \u00eatre inclus dans plus d\u2019une cat\u00e9gorie.<\/p>\n<h2>Selon l\u2019entit\u00e9 qui les g\u00e8re<\/h2>\n<p>&nbsp;<\/p>\n<ul>\n<li><b>Cookies propres :<\/b>\u00a0Ce sont ceux qui sont envoy\u00e9s \u00e0 l\u2019\u00e9quipement terminal de l\u2019utilisateur \u00e0 partir d\u2019un ordinateur ou d\u2019un domaine g\u00e9r\u00e9 par l\u2019\u00e9diteur lui-m\u00eame et \u00e0 partir duquel le service demand\u00e9 par l\u2019utilisateur est fourni.<\/li>\n<li><b>Cookies tiers :<\/b>\u00a0Ce sont ceux qui sont envoy\u00e9s \u00e0 l\u2019\u00e9quipement terminal de l\u2019utilisateur \u00e0 partir d\u2019un ordinateur ou d\u2019un domaine qui n\u2019est pas g\u00e9r\u00e9 par l\u2019\u00e9diteur, mais par une autre entit\u00e9 qui traite les donn\u00e9es obtenues par le biais de cookies.<\/li>\n<\/ul>\n<p>Dans le cas o\u00f9 les cookies sont install\u00e9s \u00e0 partir d\u2019un ordinateur ou d\u2019un domaine g\u00e9r\u00e9 par l\u2019\u00e9diteur lui-m\u00eame, mais que les informations collect\u00e9es par leur interm\u00e9diaire sont g\u00e9r\u00e9es par un tiers, ils ne sont pas consid\u00e9r\u00e9s comme des cookies propres.<\/p>\n<h2>Selon la p\u00e9riode de temps, ils restent activ\u00e9s<\/h2>\n<p>Selon la p\u00e9riode pendant laquelle ils restent activ\u00e9s dans l\u2019\u00e9quipement terminal, nous pouvons distinguer:<\/p>\n<ul>\n<li><b>Cookies de session :<\/b>\u00a0Il s\u2019agit d\u2019un type de cookies con\u00e7us pour collecter et stocker des donn\u00e9es pendant que l\u2019utilisateur acc\u00e8de \u00e0 une page Web. Ils sont g\u00e9n\u00e9ralement utilis\u00e9s pour stocker des informations qui n\u2019int\u00e9ressent que la fourniture du service demand\u00e9 par l\u2019utilisateur \u00e0 une seule occasion (par exemple, une liste de produits achet\u00e9s).<\/li>\n<li><b>Cookies persistants :<\/b>\u00a0Il s\u2019agit d\u2019un type de cookies dans lequel les donn\u00e9es sont toujours stock\u00e9es dans le terminal et peuvent \u00eatre consult\u00e9es et trait\u00e9es pendant une p\u00e9riode d\u00e9finie par le responsable du cookie, qui peut aller de quelques minutes \u00e0 plusieurs ann\u00e9es.<\/li>\n<\/ul>\n<h2>Selon son objectif<\/h2>\n<p>En fonction de la finalit\u00e9 pour laquelle les donn\u00e9es obtenues par le biais des cookies sont trait\u00e9es, nous pouvons distinguer entre:<\/p>\n<ul>\n<li><b>Cookies techniques :<\/b>\u00a0Ce sont ceux qui permettent \u00e0 l\u2019utilisateur de naviguer sur une page Web, une plate-forme ou une application et l\u2019utilisation des diff\u00e9rentes options ou services qui y existent, tels que, par exemple, le contr\u00f4le du trafic et de la communication de donn\u00e9es, l\u2019identification de la session, l\u2019acc\u00e8s aux parties \u00e0 acc\u00e8s restreint, la m\u00e9morisation des \u00e9l\u00e9ments qui composent une commande, Effectuer le processus d\u2019achat d\u2019une commande, faire la demande d\u2019inscription ou de participation \u00e0 un \u00e9v\u00e9nement, utiliser des \u00e9l\u00e9ments de s\u00e9curit\u00e9 pendant la navigation, stocker du contenu pour la diffusion de vid\u00e9os ou de sons ou partager du contenu via les r\u00e9seaux sociaux.<\/li>\n<li><b>Cookies de personnalisation :<\/b>\u00a0Ce sont ceux qui permettent \u00e0 l\u2019utilisateur d\u2019acc\u00e9der au service avec certaines caract\u00e9ristiques g\u00e9n\u00e9rales pr\u00e9d\u00e9finies bas\u00e9es sur une s\u00e9rie de crit\u00e8res dans le terminal de l\u2019utilisateur tels que la langue, le type de navigateur par lequel vous acc\u00e9dez au service, la configuration r\u00e9gionale \u00e0 partir de laquelle vous acc\u00e9dez au service, etc.<\/li>\n<li><b>Cookies d\u2019analyse :<\/b>\u00a0Ce sont ceux qui permettent \u00e0 la personne qui en est responsable, le suivi et l\u2019analyse du comportement des utilisateurs des sites Web auxquels ils sont li\u00e9s. Les informations collect\u00e9es par ce type de cookies sont utilis\u00e9es dans la mesure de l\u2019activit\u00e9 des sites Web, applications ou plates-formes et pour l\u2019\u00e9laboration des profils de navigation des utilisateurs desdits sites, applications et plates-formes, afin d\u2019introduire des am\u00e9liorations bas\u00e9es sur l\u2019analyse des donn\u00e9es d\u2019utilisation effectu\u00e9es par les utilisateurs du service.<\/li>\n<li><b>Cookies publicitaires :<\/b>\u00a0Ce sont ceux qui permettent la gestion, de la mani\u00e8re la plus efficace possible, des espaces publicitaires que, le cas \u00e9ch\u00e9ant, l\u2019\u00e9diteur a inclus dans une page Web, une application ou une plate-forme \u00e0 partir de laquelle il fournit le service demand\u00e9 en fonction de crit\u00e8res tels que le contenu \u00e9dit\u00e9 ou la fr\u00e9quence \u00e0 laquelle les annonces sont affich\u00e9es.<\/li>\n<li><b>Cookies de publicit\u00e9 comportementale :<\/b>\u00a0Ce sont ceux qui permettent la gestion, de la mani\u00e8re la plus efficace possible, des espaces publicitaires que, le cas \u00e9ch\u00e9ant, l\u2019\u00e9diteur a inclus dans une page Web, une application ou une plate-forme \u00e0 partir de laquelle il fournit le service demand\u00e9. Ces cookies stockent des informations sur le comportement des utilisateurs obtenues gr\u00e2ce \u00e0 l\u2019observation continue de leurs habitudes de navigation, ce qui permet de d\u00e9velopper un profil sp\u00e9cifique pour afficher de la publicit\u00e9 bas\u00e9e sur celui-ci.<\/li>\n<\/ul>\n<h3>Comment d\u00e9sactiver les cookies dans les principaux navigateurs Web<\/h3>\n<p>Pour configurer l\u2019utilisation des cookies, suivez les instructions de votre navigateur ou consultez son aide :<\/p>\n<ul>\n<li><a href=\"https:\/\/support.apple.com\/es-es\/HT201265\">Safari<\/a><\/li>\n<li><a href=\"https:\/\/support.mozilla.org\/es\/kb\/habilitar-y-deshabilitar-cookies-sitios-web-rastrear-preferencias?redirectlocale=es&amp;redirectslug=habilitar-y-deshabilitar-cookies-que-los-sitios-we\">Firefox<\/a><\/li>\n<li><a href=\"https:\/\/support.google.com\/chrome\/answer\/95647?hl=es-es\">Chrome<\/a><\/li>\n<li><a href=\"https:\/\/www.opera.com\/help\/tutorials\/security\/privacy\/\">Op\u00e9ra<\/a><\/li>\n<li><a href=\"https:\/\/support.microsoft.com\/es-es\/help\/17442\/windows-internet-explorer-delete-manage-cookies\">Internet Explorer<\/a><\/li>\n<li><a href=\"https:\/\/privacy.microsoft.com\/es-es\/windows-10-microsoft-edge-and-privacy\">Bord<\/a><\/li>\n<\/ul>\n<h3>Que se passe-t-il si les cookies ne sont pas accept\u00e9s ?<\/h3>\n<p>Le refus des cookies peut emp\u00eacher l\u2019acc\u00e8s \u00e0 des contenus et services personnalis\u00e9s.<\/p>\n<h3>Mises \u00e0 jour et modifications de la politique en mati\u00e8re de cookies<\/h3>\n<p>Del Cetino Olijfolie peut modifier cette politique de cookies en fonction des exigences l\u00e9gislatives ou r\u00e9glementaires, afin d\u2019adapter cette politique aux instructions \u00e9mises par l\u2019Agence espagnole de protection des donn\u00e9es, pour des raisons techniques ou de r\u00e9organisation du site Web; Par cons\u00e9quent, nous vous conseillons de le visiter p\u00e9riodiquement.<\/p>\n<h3>Contact<\/h3>\n<p>Pour r\u00e9pondre \u00e0 toute question sur la fa\u00e7on dont nous utilisons les cookies, veuillez nous \u00e9crire \u00e0 l\u2019adresse e-mail:\u00a0<a href=\"mailto:%73%61%6ce%73@d%65lce%74i%6eo%2ee%75\">sales@delcetino.eu<\/a>.<\/p>\n","protected":false},"excerpt":{"rendered":"<p>Ce site utilise des cookies Conform\u00e9ment \u00e0 la loi 34\/2002 du 11 juillet, Services de la soci\u00e9t\u00e9 de l\u2019information et du commerce \u00e9lectronique (LSSICE), nous vous informons que ce site Web\u00a0de Del Cetino Olijfolie\u00a0utilise des cookies. La LSSICE s\u2019applique \u00e0 tout type de fichier ou de dispositif t\u00e9l\u00e9charg\u00e9 sur l\u2019\u00e9quipement terminal d\u2019un utilisateur afin de [&hellip;]<\/p>\n","protected":false},"author":4,"featured_media":0,"parent":0,"menu_order":0,"comment_status":"closed","ping_status":"closed","template":"","meta":{"footnotes":""},"class_list":["post-4118","page","type-page","status-publish"],"yoast_head":"<!-- This site is optimized with the Yoast SEO plugin v21.7 - https:\/\/yoast.com\/wordpress\/plugins\/seo\/ -->\n<title>Politique de cookies - Del Cetino Olijfolie<\/title>\n<meta name=\"robots\" content=\"index, follow, max-snippet:-1, max-image-preview:large, max-video-preview:-1\" \/>\n<link rel=\"canonical\" href=\"https:\/\/delcetino.eu\/fr\/politique-de-cookies\/\" \/>\n<meta property=\"og:locale\" content=\"fr_FR\" \/>\n<meta property=\"og:type\" content=\"article\" \/>\n<meta property=\"og:title\" content=\"Politique de cookies - Del Cetino Olijfolie\" \/>\n<meta property=\"og:description\" content=\"Ce site utilise des cookies Conform\u00e9ment \u00e0 la loi 34\/2002 du 11 juillet, Services de la soci\u00e9t\u00e9 de l\u2019information et du commerce \u00e9lectronique (LSSICE), nous vous informons que ce site Web\u00a0de Del Cetino Olijfolie\u00a0utilise des cookies. La LSSICE s\u2019applique \u00e0 tout type de fichier ou de dispositif t\u00e9l\u00e9charg\u00e9 sur l\u2019\u00e9quipement terminal d\u2019un utilisateur afin de [&hellip;]\" \/>\n<meta property=\"og:url\" content=\"https:\/\/delcetino.eu\/fr\/politique-de-cookies\/\" \/>\n<meta property=\"og:site_name\" content=\"Del Cetino Olijfolie\" \/>\n<meta name=\"twitter:label1\" content=\"Dur\u00e9e de lecture estim\u00e9e\" \/>\n\t<meta name=\"twitter:data1\" content=\"6 minutes\" \/>\n<script type=\"application\/ld+json\" class=\"yoast-schema-graph\">{\"@context\":\"https:\/\/schema.org\",\"@graph\":[{\"@type\":\"WebPage\",\"@id\":\"https:\/\/delcetino.eu\/fr\/politique-de-cookies\/\",\"url\":\"https:\/\/delcetino.eu\/fr\/politique-de-cookies\/\",\"name\":\"Politique de cookies - Del Cetino Olijfolie\",\"isPartOf\":{\"@id\":\"https:\/\/delcetino.eu\/en\/#website\"},\"datePublished\":\"2023-10-09T12:00:06+00:00\",\"dateModified\":\"2023-10-09T12:00:06+00:00\",\"breadcrumb\":{\"@id\":\"https:\/\/delcetino.eu\/fr\/politique-de-cookies\/#breadcrumb\"},\"inLanguage\":\"fr-FR\",\"potentialAction\":[{\"@type\":\"ReadAction\",\"target\":[\"https:\/\/delcetino.eu\/fr\/politique-de-cookies\/\"]}]},{\"@type\":\"BreadcrumbList\",\"@id\":\"https:\/\/delcetino.eu\/fr\/politique-de-cookies\/#breadcrumb\",\"itemListElement\":[{\"@type\":\"ListItem\",\"position\":1,\"name\":\"Del Cetino\",\"item\":\"https:\/\/delcetino.eu\/fr\/\"},{\"@type\":\"ListItem\",\"position\":2,\"name\":\"Politique de cookies\"}]},{\"@type\":\"WebSite\",\"@id\":\"https:\/\/delcetino.eu\/en\/#website\",\"url\":\"https:\/\/delcetino.eu\/en\/\",\"name\":\"Del Cetino Olijfolie\",\"description\":\"Authentieke Olijfolie uit Spanje\",\"potentialAction\":[{\"@type\":\"SearchAction\",\"target\":{\"@type\":\"EntryPoint\",\"urlTemplate\":\"https:\/\/delcetino.eu\/en\/?s={search_term_string}\"},\"query-input\":\"required name=search_term_string\"}],\"inLanguage\":\"fr-FR\"}]}<\/script>\n<!-- \/ Yoast SEO plugin. -->","yoast_head_json":{"title":"Politique de cookies - Del Cetino Olijfolie","robots":{"index":"index","follow":"follow","max-snippet":"max-snippet:-1","max-image-preview":"max-image-preview:large","max-video-preview":"max-video-preview:-1"},"canonical":"https:\/\/delcetino.eu\/fr\/politique-de-cookies\/","og_locale":"fr_FR","og_type":"article","og_title":"Politique de cookies - Del Cetino Olijfolie","og_description":"Ce site utilise des cookies Conform\u00e9ment \u00e0 la loi 34\/2002 du 11 juillet, Services de la soci\u00e9t\u00e9 de l\u2019information et du commerce \u00e9lectronique (LSSICE), nous vous informons que ce site Web\u00a0de Del Cetino Olijfolie\u00a0utilise des cookies. La LSSICE s\u2019applique \u00e0 tout type de fichier ou de dispositif t\u00e9l\u00e9charg\u00e9 sur l\u2019\u00e9quipement terminal d\u2019un utilisateur afin de [&hellip;]","og_url":"https:\/\/delcetino.eu\/fr\/politique-de-cookies\/","og_site_name":"Del Cetino Olijfolie","twitter_misc":{"Dur\u00e9e de lecture estim\u00e9e":"6 minutes"},"schema":{"@context":"https:\/\/schema.org","@graph":[{"@type":"WebPage","@id":"https:\/\/delcetino.eu\/fr\/politique-de-cookies\/","url":"https:\/\/delcetino.eu\/fr\/politique-de-cookies\/","name":"Politique de cookies - Del Cetino Olijfolie","isPartOf":{"@id":"https:\/\/delcetino.eu\/en\/#website"},"datePublished":"2023-10-09T12:00:06+00:00","dateModified":"2023-10-09T12:00:06+00:00","breadcrumb":{"@id":"https:\/\/delcetino.eu\/fr\/politique-de-cookies\/#breadcrumb"},"inLanguage":"fr-FR","potentialAction":[{"@type":"ReadAction","target":["https:\/\/delcetino.eu\/fr\/politique-de-cookies\/"]}]},{"@type":"BreadcrumbList","@id":"https:\/\/delcetino.eu\/fr\/politique-de-cookies\/#breadcrumb","itemListElement":[{"@type":"ListItem","position":1,"name":"Del Cetino","item":"https:\/\/delcetino.eu\/fr\/"},{"@type":"ListItem","position":2,"name":"Politique de cookies"}]},{"@type":"WebSite","@id":"https:\/\/delcetino.eu\/en\/#website","url":"https:\/\/delcetino.eu\/en\/","name":"Del Cetino Olijfolie","description":"Authentieke Olijfolie uit Spanje","potentialAction":[{"@type":"SearchAction","target":{"@type":"EntryPoint","urlTemplate":"https:\/\/delcetino.eu\/en\/?s={search_term_string}"},"query-input":"required name=search_term_string"}],"inLanguage":"fr-FR"}]}},"_links":{"self":[{"href":"https:\/\/delcetino.eu\/fr\/wp-json\/wp\/v2\/pages\/4118","targetHints":{"allow":["GET"]}}],"collection":[{"href":"https:\/\/delcetino.eu\/fr\/wp-json\/wp\/v2\/pages"}],"about":[{"href":"https:\/\/delcetino.eu\/fr\/wp-json\/wp\/v2\/types\/page"}],"author":[{"embeddable":true,"href":"https:\/\/delcetino.eu\/fr\/wp-json\/wp\/v2\/users\/4"}],"replies":[{"embeddable":true,"href":"https:\/\/delcetino.eu\/fr\/wp-json\/wp\/v2\/comments?post=4118"}],"version-history":[{"count":0,"href":"https:\/\/delcetino.eu\/fr\/wp-json\/wp\/v2\/pages\/4118\/revisions"}],"wp:attachment":[{"href":"https:\/\/delcetino.eu\/fr\/wp-json\/wp\/v2\/media?parent=4118"}],"curies":[{"name":"wp","href":"https:\/\/api.w.org\/{rel}","templated":true}]}}