{"id":4119,"date":"2023-10-09T12:01:07","date_gmt":"2023-10-09T12:01:07","guid":{"rendered":"https:\/\/delcetino.eu\/?page_id=4119"},"modified":"2023-10-09T12:01:07","modified_gmt":"2023-10-09T12:01:07","slug":"politique-de-confidentialite","status":"publish","type":"page","link":"https:\/\/delcetino.eu\/fr\/politique-de-confidentialite\/","title":{"rendered":"Politique de confidentialit\u00e9"},"content":{"rendered":"<h3>INTRODUCTION<\/h3>\n<p>Chez Del Cetino Olijfolie, conscient des besoins des internautes et conscient de l\u2019importance de la confidentialit\u00e9 rigoureuse des informations personnelles qu\u2019ils nous confient, nous incluons cette d\u00e9claration de confidentialit\u00e9 afin de vous informer de la politique dans le traitement des donn\u00e9es personnelles obtenues de ses visiteurs et utilisateurs.<\/p>\n<p>En tant qu\u2019utilisateur, vous acceptez ces conditions par le simple fait de lire, de visualiser ou de naviguer sur le site. Si vous ne les acceptez pas, vous devez quitter le site, sans en faire usage ni utiliser son contenu, et sans acc\u00e9der aux pages li\u00e9es.<\/p>\n<h3 id=\"responsable\">RESPONSABLE DU TRAITEMENT DES DONN\u00c9ES<\/h3>\n<p>Le propri\u00e9taire du site et responsable du traitement des donn\u00e9es est EDDY PLASQUY, avec NIE X6197178N, pour vous contacter, vous pouvez utiliser l\u2019adresse e-mail\u00a0<a href=\"mailto:sales%40d%65%6cc%65tino.%65u\">sales@delcetino.eu<\/a>\u00a0ou courrier postal \u00e0 Plaza 8 de Marzo, p.2 B, code postal 21710 de Bollullos par del Condado, Huelva.<\/p>\n<h3 id=\"finalidad\">FINALIT\u00c9 DU TRAITEMENT DES DONN\u00c9ES<\/h3>\n<p>Sur nos sites Web, il existe des sections sp\u00e9cifiques o\u00f9 vous pouvez \u00e9crire vos donn\u00e9es pour recevoir des informations sur les mises \u00e0 jour de notre site Web et certains des programmes qui sont distribu\u00e9s. Nous vous assurons que les informations que vous fournissez seront g\u00e9r\u00e9es de mani\u00e8re totalement confidentielle.<\/p>\n<p>Les donn\u00e9es seront stock\u00e9es tant qu\u2019il existe une pr\u00e9vision de leur utilisation aux fins pour lesquelles elles ont \u00e9t\u00e9 collect\u00e9es.<\/p>\n<p>Aucune prise de d\u00e9cision automatis\u00e9e n\u2019est prise avec vos donn\u00e9es.<\/p>\n<p>Le site Web peut utiliser des cookies, voir notre\u00a0<a href=\"https:\/\/delcetino.eu\/cookies\/\">politique de cookies<\/a>.<\/p>\n<h3 id=\"legitimacion\">L\u00c9GITIMATION DU TRAITEMENT DES DONN\u00c9ES<\/h3>\n<p>L\u2019utilisation de vos donn\u00e9es est faite parce que vous nous donnez votre consentement pour utiliser les formulaires que vous nous fournissez dans les formulaires pour un usage sp\u00e9cifique indiqu\u00e9 dans chacun d\u2019eux. Vos donn\u00e9es ne sont n\u00e9cessaires que pour les utilisations sp\u00e9cifiques pour lesquelles elles sont demand\u00e9es, si vous ne les fournissez pas, ces services ne sont pas possibles.<\/p>\n<h3 id=\"transferencia\">TRANSFERTS ET AFFECTATIONS DE DONN\u00c9ES<\/h3>\n<p>Nous nous engageons fermement \u00e0 ce que les donn\u00e9es que vous fournissez \u00e0 Del Cetino Olijfolie ne soient pas vendues ou transf\u00e9r\u00e9es \u00e0 des tiers sans le consentement pr\u00e9alable de l\u2019int\u00e9ress\u00e9, quel que soit le concept ou les circonstances, sauf consentement expr\u00e8s ou obligation l\u00e9gale.<\/p>\n<p>Notre site Web contient des liens vers des sites Web de tiers. Del Cetino Olijfolie n\u2019est pas responsable des politiques et pratiques de confidentialit\u00e9 de ces autres sites.<\/p>\n<h3 id=\"derechos\">DROITS DES PARTIES INT\u00c9RESS\u00c9ES<\/h3>\n<p>Vous avez le droit d\u2019acc\u00e9der aux informations vous concernant stock\u00e9es dans nos bases de donn\u00e9es, de les rectifier en cas de faute de frappe, de les supprimer, de les limiter, de vous opposer \u00e0 leur traitement et de retirer votre consentement si tel est votre souhait. Pour ce faire, il vous suffit d\u2019\u00e9crire un e-mail \u00e0 l\u2019adresse e-mail\u00a0<a href=\"mailto:sales@d%65%6ccetino.eu\">sales@delcetino.eu<\/a>\u00a0laquelle nous serons heureux de r\u00e9pondre \u00e0 toute question, commentaire ou clarification n\u00e9cessaire \u00e0 cet \u00e9gard.<\/p>\n<p>Pour plus d\u2019informations sur des sujets connexes, le site de r\u00e9f\u00e9rence sur le Web espagnol est\u00a0<a href=\"https:\/\/www.agpd.es\/\">l\u2019Agence de protection des donn\u00e9es<\/a>, o\u00f9 vous avez le droit de vous plaindre.<\/p>\n","protected":false},"excerpt":{"rendered":"<p>INTRODUCTION Chez Del Cetino Olijfolie, conscient des besoins des internautes et conscient de l\u2019importance de la confidentialit\u00e9 rigoureuse des informations personnelles qu\u2019ils nous confient, nous incluons cette d\u00e9claration de confidentialit\u00e9 afin de vous informer de la politique dans le traitement des donn\u00e9es personnelles obtenues de ses visiteurs et utilisateurs. En tant qu\u2019utilisateur, vous acceptez ces [&hellip;]<\/p>\n","protected":false},"author":4,"featured_media":0,"parent":0,"menu_order":0,"comment_status":"closed","ping_status":"closed","template":"","meta":{"footnotes":""},"class_list":["post-4119","page","type-page","status-publish"],"yoast_head":"<!-- This site is optimized with the Yoast SEO plugin v21.7 - https:\/\/yoast.com\/wordpress\/plugins\/seo\/ -->\n<title>Politique de confidentialit\u00e9 - Del Cetino Olijfolie<\/title>\n<meta name=\"robots\" content=\"index, follow, max-snippet:-1, max-image-preview:large, max-video-preview:-1\" \/>\n<link rel=\"canonical\" href=\"https:\/\/delcetino.eu\/fr\/politique-de-confidentialite\/\" \/>\n<meta property=\"og:locale\" content=\"fr_FR\" \/>\n<meta property=\"og:type\" content=\"article\" \/>\n<meta property=\"og:title\" content=\"Politique de confidentialit\u00e9 - Del Cetino Olijfolie\" \/>\n<meta property=\"og:description\" content=\"INTRODUCTION Chez Del Cetino Olijfolie, conscient des besoins des internautes et conscient de l\u2019importance de la confidentialit\u00e9 rigoureuse des informations personnelles qu\u2019ils nous confient, nous incluons cette d\u00e9claration de confidentialit\u00e9 afin de vous informer de la politique dans le traitement des donn\u00e9es personnelles obtenues de ses visiteurs et utilisateurs. En tant qu\u2019utilisateur, vous acceptez ces [&hellip;]\" \/>\n<meta property=\"og:url\" content=\"https:\/\/delcetino.eu\/fr\/politique-de-confidentialite\/\" \/>\n<meta property=\"og:site_name\" content=\"Del Cetino Olijfolie\" \/>\n<meta name=\"twitter:label1\" content=\"Dur\u00e9e de lecture estim\u00e9e\" \/>\n\t<meta name=\"twitter:data1\" content=\"3 minutes\" \/>\n<script type=\"application\/ld+json\" class=\"yoast-schema-graph\">{\"@context\":\"https:\/\/schema.org\",\"@graph\":[{\"@type\":\"WebPage\",\"@id\":\"https:\/\/delcetino.eu\/fr\/politique-de-confidentialite\/\",\"url\":\"https:\/\/delcetino.eu\/fr\/politique-de-confidentialite\/\",\"name\":\"Politique de confidentialit\u00e9 - Del Cetino Olijfolie\",\"isPartOf\":{\"@id\":\"https:\/\/delcetino.eu\/en\/#website\"},\"datePublished\":\"2023-10-09T12:01:07+00:00\",\"dateModified\":\"2023-10-09T12:01:07+00:00\",\"breadcrumb\":{\"@id\":\"https:\/\/delcetino.eu\/fr\/politique-de-confidentialite\/#breadcrumb\"},\"inLanguage\":\"fr-FR\",\"potentialAction\":[{\"@type\":\"ReadAction\",\"target\":[\"https:\/\/delcetino.eu\/fr\/politique-de-confidentialite\/\"]}]},{\"@type\":\"BreadcrumbList\",\"@id\":\"https:\/\/delcetino.eu\/fr\/politique-de-confidentialite\/#breadcrumb\",\"itemListElement\":[{\"@type\":\"ListItem\",\"position\":1,\"name\":\"Del Cetino\",\"item\":\"https:\/\/delcetino.eu\/fr\/\"},{\"@type\":\"ListItem\",\"position\":2,\"name\":\"Politique de confidentialit\u00e9\"}]},{\"@type\":\"WebSite\",\"@id\":\"https:\/\/delcetino.eu\/en\/#website\",\"url\":\"https:\/\/delcetino.eu\/en\/\",\"name\":\"Del Cetino Olijfolie\",\"description\":\"Authentieke Olijfolie uit Spanje\",\"potentialAction\":[{\"@type\":\"SearchAction\",\"target\":{\"@type\":\"EntryPoint\",\"urlTemplate\":\"https:\/\/delcetino.eu\/en\/?s={search_term_string}\"},\"query-input\":\"required name=search_term_string\"}],\"inLanguage\":\"fr-FR\"}]}<\/script>\n<!-- \/ Yoast SEO plugin. -->","yoast_head_json":{"title":"Politique de confidentialit\u00e9 - Del Cetino Olijfolie","robots":{"index":"index","follow":"follow","max-snippet":"max-snippet:-1","max-image-preview":"max-image-preview:large","max-video-preview":"max-video-preview:-1"},"canonical":"https:\/\/delcetino.eu\/fr\/politique-de-confidentialite\/","og_locale":"fr_FR","og_type":"article","og_title":"Politique de confidentialit\u00e9 - Del Cetino Olijfolie","og_description":"INTRODUCTION Chez Del Cetino Olijfolie, conscient des besoins des internautes et conscient de l\u2019importance de la confidentialit\u00e9 rigoureuse des informations personnelles qu\u2019ils nous confient, nous incluons cette d\u00e9claration de confidentialit\u00e9 afin de vous informer de la politique dans le traitement des donn\u00e9es personnelles obtenues de ses visiteurs et utilisateurs. En tant qu\u2019utilisateur, vous acceptez ces [&hellip;]","og_url":"https:\/\/delcetino.eu\/fr\/politique-de-confidentialite\/","og_site_name":"Del Cetino Olijfolie","twitter_misc":{"Dur\u00e9e de lecture estim\u00e9e":"3 minutes"},"schema":{"@context":"https:\/\/schema.org","@graph":[{"@type":"WebPage","@id":"https:\/\/delcetino.eu\/fr\/politique-de-confidentialite\/","url":"https:\/\/delcetino.eu\/fr\/politique-de-confidentialite\/","name":"Politique de confidentialit\u00e9 - Del Cetino Olijfolie","isPartOf":{"@id":"https:\/\/delcetino.eu\/en\/#website"},"datePublished":"2023-10-09T12:01:07+00:00","dateModified":"2023-10-09T12:01:07+00:00","breadcrumb":{"@id":"https:\/\/delcetino.eu\/fr\/politique-de-confidentialite\/#breadcrumb"},"inLanguage":"fr-FR","potentialAction":[{"@type":"ReadAction","target":["https:\/\/delcetino.eu\/fr\/politique-de-confidentialite\/"]}]},{"@type":"BreadcrumbList","@id":"https:\/\/delcetino.eu\/fr\/politique-de-confidentialite\/#breadcrumb","itemListElement":[{"@type":"ListItem","position":1,"name":"Del Cetino","item":"https:\/\/delcetino.eu\/fr\/"},{"@type":"ListItem","position":2,"name":"Politique de confidentialit\u00e9"}]},{"@type":"WebSite","@id":"https:\/\/delcetino.eu\/en\/#website","url":"https:\/\/delcetino.eu\/en\/","name":"Del Cetino Olijfolie","description":"Authentieke Olijfolie uit Spanje","potentialAction":[{"@type":"SearchAction","target":{"@type":"EntryPoint","urlTemplate":"https:\/\/delcetino.eu\/en\/?s={search_term_string}"},"query-input":"required name=search_term_string"}],"inLanguage":"fr-FR"}]}},"_links":{"self":[{"href":"https:\/\/delcetino.eu\/fr\/wp-json\/wp\/v2\/pages\/4119","targetHints":{"allow":["GET"]}}],"collection":[{"href":"https:\/\/delcetino.eu\/fr\/wp-json\/wp\/v2\/pages"}],"about":[{"href":"https:\/\/delcetino.eu\/fr\/wp-json\/wp\/v2\/types\/page"}],"author":[{"embeddable":true,"href":"https:\/\/delcetino.eu\/fr\/wp-json\/wp\/v2\/users\/4"}],"replies":[{"embeddable":true,"href":"https:\/\/delcetino.eu\/fr\/wp-json\/wp\/v2\/comments?post=4119"}],"version-history":[{"count":0,"href":"https:\/\/delcetino.eu\/fr\/wp-json\/wp\/v2\/pages\/4119\/revisions"}],"wp:attachment":[{"href":"https:\/\/delcetino.eu\/fr\/wp-json\/wp\/v2\/media?parent=4119"}],"curies":[{"name":"wp","href":"https:\/\/api.w.org\/{rel}","templated":true}]}}