{"id":4255,"date":"2023-09-29T10:18:06","date_gmt":"2023-09-29T10:18:06","guid":{"rendered":"https:\/\/delcetino.eu\/product\/extra-vierge-olijfolie-arbequina-varieteit\/"},"modified":"2023-11-09T11:08:35","modified_gmt":"2023-11-09T11:08:35","slug":"huile-dolive-extra-vierge-variete-arbequina","status":"publish","type":"product","link":"https:\/\/delcetino.eu\/fr\/produit\/huile-dolive-extra-vierge-variete-arbequina\/","title":{"rendered":"Huile d&#8217;Olive Extra Vierge Vari\u00e9t\u00e9 Arbequina"},"content":{"rendered":"<h2>Huile d&#8217;Olive Extra Vierge Vari\u00e9t\u00e9 Arbequina<\/h2>\n<p>L&#8217;huile des chefs \u00e9toil\u00e9s, avec une saveur douce avec un ar\u00f4me clair.<\/p>\n<p>Parfait pour poisson sur le gril, sur laitue fra\u00eeche ou dans une pur\u00e9e savoureuse en place de beurre.<\/p>\n<p>&nbsp;<\/p>\n<p><strong>Caract\u00e9ristiques<\/strong><\/p>\n<p>Le fruit de la vari\u00e9t\u00e9 \u00a0\u2018Arbequina\u2019 est petit et ovale. La p\u00e9riode de r\u00e9colte commence dans notre r\u00e9gion depuis la fin de septembre. Caract\u00e9ristique est le niveau \u00e9lev\u00e9 d\u2019acide linol\u00e9ique. C\u2019est ce qui explique la densit\u00e9 typique et fruit\u00e9 de l\u2019huile. En outre, il vous donne son caract\u00e8re typique \u00ab\u00a0beurr\u00e9\u00a0\u00bb.<\/p>\n<p>Dans le m\u00eame temps, c\u2019est l\u2019huile plus sensible \u00e0 l\u2019oxydation, ce qui signifie que sa dur\u00e9e de vie est moins qu\u2019avec d\u2019autres vari\u00e9t\u00e9s. Donc certainement ne pas ranger mais profiter\u00a0!<\/p>\n<p>L\u2019huile est pr\u00e9f\u00e9rable d\u2019utiliser le froid en raison des substances aromatiques qui sont tr\u00e8s volatils.<\/p>\n<p>&nbsp;<\/p>\n<p><strong>Emballage <\/strong><\/p>\n<p>25 cl Verre sombre<\/p>\n<p>50 cl Verre sombre<\/p>\n<p>3L Baginbox<\/p>\n<p>Bo\u00eete de luxe (3x25cl o 1x50cl)<\/p>\n","protected":false},"excerpt":{"rendered":"<p>L&#8217;huile des chefs \u00e9toil\u00e9s, avec une saveur douce avec un ar\u00f4me clair.<\/p>\n<p>Parfait pour poisson sur le gril, sur laitue fra\u00eeche ou dans une pur\u00e9e savoureuse en place de beurre.<\/p>\n<p>&nbsp;<\/p>\n<p><strong>Caract\u00e9ristiques<\/strong><\/p>\n<p>Le fruit de la vari\u00e9t\u00e9 \u00a0\u2018Arbequina\u2019 est petit et ovale. La p\u00e9riode de r\u00e9colte commence dans notre r\u00e9gion depuis la fin de septembre. Caract\u00e9ristique est le niveau \u00e9lev\u00e9 d\u2019acide linol\u00e9ique. C\u2019est ce qui explique la densit\u00e9 typique et fruit\u00e9 de l\u2019huile. En outre, il vous donne son caract\u00e8re typique \u00ab\u00a0beurr\u00e9\u00a0\u00bb.<\/p>\n<p>Dans le m\u00eame temps, c\u2019est l\u2019huile plus sensible \u00e0 l\u2019oxydation, ce qui signifie que sa dur\u00e9e de vie est moins qu\u2019avec d\u2019autres vari\u00e9t\u00e9s. Donc certainement ne pas ranger mais profiter\u00a0!<\/p>\n<p>L\u2019huile est pr\u00e9f\u00e9rable d\u2019utiliser le froid en raison des substances aromatiques qui sont tr\u00e8s volatils.<\/p>\n","protected":false},"featured_media":4009,"comment_status":"closed","ping_status":"closed","template":"","meta":[],"product_cat":[120,104],"product_tag":[],"class_list":{"0":"post-4255","1":"product","2":"type-product","3":"status-publish","4":"has-post-thumbnail","6":"product_cat-arbequina-fr","7":"product_cat-huile-d-olive-vierge-extra"},"yoast_head":"<!-- This site is optimized with the Yoast SEO plugin v21.7 - https:\/\/yoast.com\/wordpress\/plugins\/seo\/ -->\n<title>Huile d&#039;Olive Extra Vierge Vari\u00e9t\u00e9 Arbequina - Del Cetino Olijfolie<\/title>\n<meta name=\"robots\" content=\"index, follow, max-snippet:-1, max-image-preview:large, max-video-preview:-1\" \/>\n<link rel=\"canonical\" href=\"https:\/\/delcetino.eu\/fr\/produit\/huile-dolive-extra-vierge-variete-arbequina\/\" \/>\n<meta property=\"og:locale\" content=\"fr_FR\" \/>\n<meta property=\"og:type\" content=\"article\" \/>\n<meta property=\"og:title\" content=\"Huile d&#039;Olive Extra Vierge Vari\u00e9t\u00e9 Arbequina - Del Cetino Olijfolie\" \/>\n<meta property=\"og:description\" content=\"L&#039;huile des chefs \u00e9toil\u00e9s, avec une saveur douce avec un ar\u00f4me clair.  Parfait pour poisson sur le gril, sur laitue fra\u00eeche ou dans une pur\u00e9e savoureuse en place de beurre.  &nbsp;  Caract\u00e9ristiques  Le fruit de la vari\u00e9t\u00e9 \u00a0\u2018Arbequina\u2019 est petit et ovale. La p\u00e9riode de r\u00e9colte commence dans notre r\u00e9gion depuis la fin de septembre. Caract\u00e9ristique est le niveau \u00e9lev\u00e9 d\u2019acide linol\u00e9ique. C\u2019est ce qui explique la densit\u00e9 typique et fruit\u00e9 de l\u2019huile. En outre, il vous donne son caract\u00e8re typique \u00ab\u00a0beurr\u00e9\u00a0\u00bb.  Dans le m\u00eame temps, c\u2019est l\u2019huile plus sensible \u00e0 l\u2019oxydation, ce qui signifie que sa dur\u00e9e de vie est moins qu\u2019avec d\u2019autres vari\u00e9t\u00e9s. Donc certainement ne pas ranger mais profiter\u00a0!  L\u2019huile est pr\u00e9f\u00e9rable d\u2019utiliser le froid en raison des substances aromatiques qui sont tr\u00e8s volatils.\" \/>\n<meta property=\"og:url\" content=\"https:\/\/delcetino.eu\/fr\/produit\/huile-dolive-extra-vierge-variete-arbequina\/\" \/>\n<meta property=\"og:site_name\" content=\"Del Cetino Olijfolie\" \/>\n<meta property=\"article:modified_time\" content=\"2023-11-09T11:08:35+00:00\" \/>\n<meta property=\"og:image\" content=\"https:\/\/delcetino.eu\/wp-content\/uploads\/2023\/09\/aceite-oliva-virgen-extra-arbequina-50cl.jpg\" \/>\n\t<meta property=\"og:image:width\" content=\"1000\" \/>\n\t<meta property=\"og:image:height\" content=\"973\" \/>\n\t<meta property=\"og:image:type\" content=\"image\/jpeg\" \/>\n<meta name=\"twitter:label1\" content=\"Dur\u00e9e de lecture estim\u00e9e\" \/>\n\t<meta name=\"twitter:data1\" content=\"1 minute\" \/>\n<script type=\"application\/ld+json\" class=\"yoast-schema-graph\">{\"@context\":\"https:\/\/schema.org\",\"@graph\":[{\"@type\":\"WebPage\",\"@id\":\"https:\/\/delcetino.eu\/fr\/produit\/huile-dolive-extra-vierge-variete-arbequina\/\",\"url\":\"https:\/\/delcetino.eu\/fr\/produit\/huile-dolive-extra-vierge-variete-arbequina\/\",\"name\":\"Huile d'Olive Extra Vierge Vari\u00e9t\u00e9 Arbequina - Del Cetino Olijfolie\",\"isPartOf\":{\"@id\":\"https:\/\/delcetino.eu\/en\/#website\"},\"datePublished\":\"2023-09-29T10:18:06+00:00\",\"dateModified\":\"2023-11-09T11:08:35+00:00\",\"breadcrumb\":{\"@id\":\"https:\/\/delcetino.eu\/fr\/produit\/huile-dolive-extra-vierge-variete-arbequina\/#breadcrumb\"},\"inLanguage\":\"fr-FR\",\"potentialAction\":[{\"@type\":\"ReadAction\",\"target\":[\"https:\/\/delcetino.eu\/fr\/produit\/huile-dolive-extra-vierge-variete-arbequina\/\"]}]},{\"@type\":\"BreadcrumbList\",\"@id\":\"https:\/\/delcetino.eu\/fr\/produit\/huile-dolive-extra-vierge-variete-arbequina\/#breadcrumb\",\"itemListElement\":[{\"@type\":\"ListItem\",\"position\":1,\"name\":\"Del Cetino\",\"item\":\"https:\/\/delcetino.eu\/fr\/\"},{\"@type\":\"ListItem\",\"position\":2,\"name\":\"Boutique\",\"item\":\"https:\/\/delcetino.eu\/fr\/boutique\/\"},{\"@type\":\"ListItem\",\"position\":3,\"name\":\"Huile d&#8217;Olive Extra Vierge Vari\u00e9t\u00e9 Arbequina\"}]},{\"@type\":\"WebSite\",\"@id\":\"https:\/\/delcetino.eu\/en\/#website\",\"url\":\"https:\/\/delcetino.eu\/en\/\",\"name\":\"Del Cetino Olijfolie\",\"description\":\"Authentieke Olijfolie uit Spanje\",\"potentialAction\":[{\"@type\":\"SearchAction\",\"target\":{\"@type\":\"EntryPoint\",\"urlTemplate\":\"https:\/\/delcetino.eu\/en\/?s={search_term_string}\"},\"query-input\":\"required name=search_term_string\"}],\"inLanguage\":\"fr-FR\"}]}<\/script>\n<!-- \/ Yoast SEO plugin. -->","yoast_head_json":{"title":"Huile d'Olive Extra Vierge Vari\u00e9t\u00e9 Arbequina - Del Cetino Olijfolie","robots":{"index":"index","follow":"follow","max-snippet":"max-snippet:-1","max-image-preview":"max-image-preview:large","max-video-preview":"max-video-preview:-1"},"canonical":"https:\/\/delcetino.eu\/fr\/produit\/huile-dolive-extra-vierge-variete-arbequina\/","og_locale":"fr_FR","og_type":"article","og_title":"Huile d'Olive Extra Vierge Vari\u00e9t\u00e9 Arbequina - Del Cetino Olijfolie","og_description":"L'huile des chefs \u00e9toil\u00e9s, avec une saveur douce avec un ar\u00f4me clair.  Parfait pour poisson sur le gril, sur laitue fra\u00eeche ou dans une pur\u00e9e savoureuse en place de beurre.  &nbsp;  Caract\u00e9ristiques  Le fruit de la vari\u00e9t\u00e9 \u00a0\u2018Arbequina\u2019 est petit et ovale. La p\u00e9riode de r\u00e9colte commence dans notre r\u00e9gion depuis la fin de septembre. Caract\u00e9ristique est le niveau \u00e9lev\u00e9 d\u2019acide linol\u00e9ique. C\u2019est ce qui explique la densit\u00e9 typique et fruit\u00e9 de l\u2019huile. En outre, il vous donne son caract\u00e8re typique \u00ab\u00a0beurr\u00e9\u00a0\u00bb.  Dans le m\u00eame temps, c\u2019est l\u2019huile plus sensible \u00e0 l\u2019oxydation, ce qui signifie que sa dur\u00e9e de vie est moins qu\u2019avec d\u2019autres vari\u00e9t\u00e9s. Donc certainement ne pas ranger mais profiter\u00a0!  L\u2019huile est pr\u00e9f\u00e9rable d\u2019utiliser le froid en raison des substances aromatiques qui sont tr\u00e8s volatils.","og_url":"https:\/\/delcetino.eu\/fr\/produit\/huile-dolive-extra-vierge-variete-arbequina\/","og_site_name":"Del Cetino Olijfolie","article_modified_time":"2023-11-09T11:08:35+00:00","og_image":[{"width":1000,"height":973,"url":"https:\/\/delcetino.eu\/wp-content\/uploads\/2023\/09\/aceite-oliva-virgen-extra-arbequina-50cl.jpg","type":"image\/jpeg"}],"twitter_misc":{"Dur\u00e9e de lecture estim\u00e9e":"1 minute"},"schema":{"@context":"https:\/\/schema.org","@graph":[{"@type":"WebPage","@id":"https:\/\/delcetino.eu\/fr\/produit\/huile-dolive-extra-vierge-variete-arbequina\/","url":"https:\/\/delcetino.eu\/fr\/produit\/huile-dolive-extra-vierge-variete-arbequina\/","name":"Huile d'Olive Extra Vierge Vari\u00e9t\u00e9 Arbequina - Del Cetino Olijfolie","isPartOf":{"@id":"https:\/\/delcetino.eu\/en\/#website"},"datePublished":"2023-09-29T10:18:06+00:00","dateModified":"2023-11-09T11:08:35+00:00","breadcrumb":{"@id":"https:\/\/delcetino.eu\/fr\/produit\/huile-dolive-extra-vierge-variete-arbequina\/#breadcrumb"},"inLanguage":"fr-FR","potentialAction":[{"@type":"ReadAction","target":["https:\/\/delcetino.eu\/fr\/produit\/huile-dolive-extra-vierge-variete-arbequina\/"]}]},{"@type":"BreadcrumbList","@id":"https:\/\/delcetino.eu\/fr\/produit\/huile-dolive-extra-vierge-variete-arbequina\/#breadcrumb","itemListElement":[{"@type":"ListItem","position":1,"name":"Del Cetino","item":"https:\/\/delcetino.eu\/fr\/"},{"@type":"ListItem","position":2,"name":"Boutique","item":"https:\/\/delcetino.eu\/fr\/boutique\/"},{"@type":"ListItem","position":3,"name":"Huile d&#8217;Olive Extra Vierge Vari\u00e9t\u00e9 Arbequina"}]},{"@type":"WebSite","@id":"https:\/\/delcetino.eu\/en\/#website","url":"https:\/\/delcetino.eu\/en\/","name":"Del Cetino Olijfolie","description":"Authentieke Olijfolie uit Spanje","potentialAction":[{"@type":"SearchAction","target":{"@type":"EntryPoint","urlTemplate":"https:\/\/delcetino.eu\/en\/?s={search_term_string}"},"query-input":"required name=search_term_string"}],"inLanguage":"fr-FR"}]}},"_links":{"self":[{"href":"https:\/\/delcetino.eu\/fr\/wp-json\/wp\/v2\/product\/4255","targetHints":{"allow":["GET"]}}],"collection":[{"href":"https:\/\/delcetino.eu\/fr\/wp-json\/wp\/v2\/product"}],"about":[{"href":"https:\/\/delcetino.eu\/fr\/wp-json\/wp\/v2\/types\/product"}],"replies":[{"embeddable":true,"href":"https:\/\/delcetino.eu\/fr\/wp-json\/wp\/v2\/comments?post=4255"}],"wp:featuredmedia":[{"embeddable":true,"href":"https:\/\/delcetino.eu\/fr\/wp-json\/wp\/v2\/media\/4009"}],"wp:attachment":[{"href":"https:\/\/delcetino.eu\/fr\/wp-json\/wp\/v2\/media?parent=4255"}],"wp:term":[{"taxonomy":"product_cat","embeddable":true,"href":"https:\/\/delcetino.eu\/fr\/wp-json\/wp\/v2\/product_cat?post=4255"},{"taxonomy":"product_tag","embeddable":true,"href":"https:\/\/delcetino.eu\/fr\/wp-json\/wp\/v2\/product_tag?post=4255"}],"curies":[{"name":"wp","href":"https:\/\/api.w.org\/{rel}","templated":true}]}}