{"id":4264,"date":"2023-09-28T09:58:29","date_gmt":"2023-09-28T09:58:29","guid":{"rendered":"https:\/\/delcetino.eu\/product\/extra-vergine-olijfolie-verdial-varieteit\/"},"modified":"2023-11-09T11:13:19","modified_gmt":"2023-11-09T11:13:19","slug":"huile-dolive-extra-vierge-variete-verdial","status":"publish","type":"product","link":"https:\/\/delcetino.eu\/fr\/produit\/huile-dolive-extra-vierge-variete-verdial\/","title":{"rendered":"Huile d&#8217;Olive Extra Vierge Vari\u00e9t\u00e9 Verdial"},"content":{"rendered":"<h2><strong>Huile d&#8217;Olive Extra Vierge Vari\u00e9t\u00e9 Verdial<\/strong><\/h2>\n<p>Cette huile \u00e9pic\u00e9e de ces olives vertes, \u2018verde\u2019, a un go\u00fbt l\u00e9g\u00e8rement amer et fait chaque salade une f\u00eate m\u00e9diterran\u00e9enne.<\/p>\n<p>&nbsp;<\/p>\n<p><strong>Caract\u00e9ristiques<\/strong><\/p>\n<p>L&#8217;olive Verdial est de forme ronde et p\u00e8se environ 5,7 grammes. Il est une vari\u00e9t\u00e9 locale de la province de Huelva (\u00e0 l&#8217;extr\u00eame ouest de l&#8217;Andalousie). La p\u00e9riode de r\u00e9colte id\u00e9ale commence \u00e0 partir de la fin de Novembre.<\/p>\n<p>Une des caract\u00e9ristiques du fruit est la coque dure et une contenu de acide linol\u00e9ique plus \u00e9lev\u00e9e dans l&#8217;huile \u00e0 la suite.<\/p>\n<p>Ils sont g\u00e9n\u00e9ralement trait\u00e9s comme des olives de table. Nous produisons une huile surprenants que laisses les connaisseurs espagnols et chefs sans voix: doux, tr\u00e8s fruit\u00e9 avec une l\u00e9g\u00e8re pointe d&#8217;amertume. Parfait pour les plats chauds et froids<\/p>\n<p>&nbsp;<\/p>\n<p><strong>Emballage <\/strong><\/p>\n<p>25 cl Verre sombre<\/p>\n<p>50 cl Verre sombre<\/p>\n<p>3L Baginbox<\/p>\n<p>Bo\u00eete de luxe (3x25cl o 1x50cl)<\/p>\n<p>&nbsp;<\/p>\n<p>&nbsp;<\/p>\n<h2><strong>\u00a0<\/strong><\/h2>\n","protected":false},"excerpt":{"rendered":"<p>Cette huile \u00e9pic\u00e9e de ces olives vertes, \u2018verde\u2019, a un go\u00fbt l\u00e9g\u00e8rement amer et fait chaque salade une f\u00eate m\u00e9diterran\u00e9enne.<\/p>\n<p>&nbsp;<\/p>\n<p><strong>Caract\u00e9ristiques<\/strong><\/p>\n<p>L&#8217;olive Verdial est de forme ronde et p\u00e8se environ 5,7 grammes. Il est une vari\u00e9t\u00e9 locale de la province de Huelva (\u00e0 l&#8217;extr\u00eame ouest de l&#8217;Andalousie). La p\u00e9riode de r\u00e9colte id\u00e9ale commence \u00e0 partir de la fin de Novembre.<\/p>\n<p>Une des caract\u00e9ristiques du fruit est la coque dure et une contenu de acide linol\u00e9ique plus \u00e9lev\u00e9e dans l&#8217;huile \u00e0 la suite.<\/p>\n<p>Ils sont g\u00e9n\u00e9ralement trait\u00e9s comme des olives de table. Nous produisons une huile surprenants que laisses les connaisseurs espagnols et chefs sans voix: doux, tr\u00e8s fruit\u00e9 avec une l\u00e9g\u00e8re pointe d&#8217;amertume. Parfait pour les plats chauds et froids<\/p>\n","protected":false},"featured_media":4021,"comment_status":"closed","ping_status":"closed","template":"","meta":[],"product_cat":[104,105],"product_tag":[],"class_list":{"0":"post-4264","1":"product","2":"type-product","3":"status-publish","4":"has-post-thumbnail","6":"product_cat-huile-d-olive-vierge-extra","7":"product_cat-verdial-fr"},"yoast_head":"<!-- This site is optimized with the Yoast SEO plugin v21.7 - https:\/\/yoast.com\/wordpress\/plugins\/seo\/ -->\n<title>Huile d&#039;Olive Extra Vierge Vari\u00e9t\u00e9 Verdial - Del Cetino Olijfolie<\/title>\n<meta name=\"robots\" content=\"noindex, follow\" \/>\n<meta property=\"og:locale\" content=\"fr_FR\" \/>\n<meta property=\"og:type\" content=\"article\" \/>\n<meta property=\"og:title\" content=\"Huile d&#039;Olive Extra Vierge Vari\u00e9t\u00e9 Verdial - Del Cetino Olijfolie\" \/>\n<meta property=\"og:description\" content=\"Cette huile \u00e9pic\u00e9e de ces olives vertes, \u2018verde\u2019, a un go\u00fbt l\u00e9g\u00e8rement amer et fait chaque salade une f\u00eate m\u00e9diterran\u00e9enne.  &nbsp;  Caract\u00e9ristiques  L&#039;olive Verdial est de forme ronde et p\u00e8se environ 5,7 grammes. Il est une vari\u00e9t\u00e9 locale de la province de Huelva (\u00e0 l&#039;extr\u00eame ouest de l&#039;Andalousie). La p\u00e9riode de r\u00e9colte id\u00e9ale commence \u00e0 partir de la fin de Novembre.  Une des caract\u00e9ristiques du fruit est la coque dure et une contenu de acide linol\u00e9ique plus \u00e9lev\u00e9e dans l&#039;huile \u00e0 la suite.  Ils sont g\u00e9n\u00e9ralement trait\u00e9s comme des olives de table. Nous produisons une huile surprenants que laisses les connaisseurs espagnols et chefs sans voix: doux, tr\u00e8s fruit\u00e9 avec une l\u00e9g\u00e8re pointe d&#039;amertume. Parfait pour les plats chauds et froids\" \/>\n<meta property=\"og:url\" content=\"https:\/\/delcetino.eu\/fr\/produit\/huile-dolive-extra-vierge-variete-verdial\/\" \/>\n<meta property=\"og:site_name\" content=\"Del Cetino Olijfolie\" \/>\n<meta property=\"article:modified_time\" content=\"2023-11-09T11:13:19+00:00\" \/>\n<meta property=\"og:image\" content=\"https:\/\/delcetino.eu\/wp-content\/uploads\/2023\/09\/aceite-oliva-virgen-extra-verdial-50cl.jpg\" \/>\n\t<meta property=\"og:image:width\" content=\"1000\" \/>\n\t<meta property=\"og:image:height\" content=\"973\" \/>\n\t<meta property=\"og:image:type\" content=\"image\/jpeg\" \/>\n<meta name=\"twitter:label1\" content=\"Dur\u00e9e de lecture estim\u00e9e\" \/>\n\t<meta name=\"twitter:data1\" content=\"1 minute\" \/>\n<script type=\"application\/ld+json\" class=\"yoast-schema-graph\">{\"@context\":\"https:\/\/schema.org\",\"@graph\":[{\"@type\":\"WebPage\",\"@id\":\"https:\/\/delcetino.eu\/fr\/produit\/huile-dolive-extra-vierge-variete-verdial\/\",\"url\":\"https:\/\/delcetino.eu\/fr\/produit\/huile-dolive-extra-vierge-variete-verdial\/\",\"name\":\"Huile d'Olive Extra Vierge Vari\u00e9t\u00e9 Verdial - Del Cetino Olijfolie\",\"isPartOf\":{\"@id\":\"https:\/\/delcetino.eu\/en\/#website\"},\"datePublished\":\"2023-09-28T09:58:29+00:00\",\"dateModified\":\"2023-11-09T11:13:19+00:00\",\"breadcrumb\":{\"@id\":\"https:\/\/delcetino.eu\/fr\/produit\/huile-dolive-extra-vierge-variete-verdial\/#breadcrumb\"},\"inLanguage\":\"fr-FR\",\"potentialAction\":[{\"@type\":\"ReadAction\",\"target\":[\"https:\/\/delcetino.eu\/fr\/produit\/huile-dolive-extra-vierge-variete-verdial\/\"]}]},{\"@type\":\"BreadcrumbList\",\"@id\":\"https:\/\/delcetino.eu\/fr\/produit\/huile-dolive-extra-vierge-variete-verdial\/#breadcrumb\",\"itemListElement\":[{\"@type\":\"ListItem\",\"position\":1,\"name\":\"Del Cetino\",\"item\":\"https:\/\/delcetino.eu\/fr\/\"},{\"@type\":\"ListItem\",\"position\":2,\"name\":\"Boutique\",\"item\":\"https:\/\/delcetino.eu\/fr\/boutique\/\"},{\"@type\":\"ListItem\",\"position\":3,\"name\":\"Huile d&#8217;Olive Extra Vierge Vari\u00e9t\u00e9 Verdial\"}]},{\"@type\":\"WebSite\",\"@id\":\"https:\/\/delcetino.eu\/en\/#website\",\"url\":\"https:\/\/delcetino.eu\/en\/\",\"name\":\"Del Cetino Olijfolie\",\"description\":\"Authentieke Olijfolie uit Spanje\",\"potentialAction\":[{\"@type\":\"SearchAction\",\"target\":{\"@type\":\"EntryPoint\",\"urlTemplate\":\"https:\/\/delcetino.eu\/en\/?s={search_term_string}\"},\"query-input\":\"required name=search_term_string\"}],\"inLanguage\":\"fr-FR\"}]}<\/script>\n<!-- \/ Yoast SEO plugin. -->","yoast_head_json":{"title":"Huile d'Olive Extra Vierge Vari\u00e9t\u00e9 Verdial - Del Cetino Olijfolie","robots":{"index":"noindex","follow":"follow"},"og_locale":"fr_FR","og_type":"article","og_title":"Huile d'Olive Extra Vierge Vari\u00e9t\u00e9 Verdial - Del Cetino Olijfolie","og_description":"Cette huile \u00e9pic\u00e9e de ces olives vertes, \u2018verde\u2019, a un go\u00fbt l\u00e9g\u00e8rement amer et fait chaque salade une f\u00eate m\u00e9diterran\u00e9enne.  &nbsp;  Caract\u00e9ristiques  L'olive Verdial est de forme ronde et p\u00e8se environ 5,7 grammes. Il est une vari\u00e9t\u00e9 locale de la province de Huelva (\u00e0 l'extr\u00eame ouest de l'Andalousie). La p\u00e9riode de r\u00e9colte id\u00e9ale commence \u00e0 partir de la fin de Novembre.  Une des caract\u00e9ristiques du fruit est la coque dure et une contenu de acide linol\u00e9ique plus \u00e9lev\u00e9e dans l'huile \u00e0 la suite.  Ils sont g\u00e9n\u00e9ralement trait\u00e9s comme des olives de table. Nous produisons une huile surprenants que laisses les connaisseurs espagnols et chefs sans voix: doux, tr\u00e8s fruit\u00e9 avec une l\u00e9g\u00e8re pointe d'amertume. Parfait pour les plats chauds et froids","og_url":"https:\/\/delcetino.eu\/fr\/produit\/huile-dolive-extra-vierge-variete-verdial\/","og_site_name":"Del Cetino Olijfolie","article_modified_time":"2023-11-09T11:13:19+00:00","og_image":[{"width":1000,"height":973,"url":"https:\/\/delcetino.eu\/wp-content\/uploads\/2023\/09\/aceite-oliva-virgen-extra-verdial-50cl.jpg","type":"image\/jpeg"}],"twitter_misc":{"Dur\u00e9e de lecture estim\u00e9e":"1 minute"},"schema":{"@context":"https:\/\/schema.org","@graph":[{"@type":"WebPage","@id":"https:\/\/delcetino.eu\/fr\/produit\/huile-dolive-extra-vierge-variete-verdial\/","url":"https:\/\/delcetino.eu\/fr\/produit\/huile-dolive-extra-vierge-variete-verdial\/","name":"Huile d'Olive Extra Vierge Vari\u00e9t\u00e9 Verdial - Del Cetino Olijfolie","isPartOf":{"@id":"https:\/\/delcetino.eu\/en\/#website"},"datePublished":"2023-09-28T09:58:29+00:00","dateModified":"2023-11-09T11:13:19+00:00","breadcrumb":{"@id":"https:\/\/delcetino.eu\/fr\/produit\/huile-dolive-extra-vierge-variete-verdial\/#breadcrumb"},"inLanguage":"fr-FR","potentialAction":[{"@type":"ReadAction","target":["https:\/\/delcetino.eu\/fr\/produit\/huile-dolive-extra-vierge-variete-verdial\/"]}]},{"@type":"BreadcrumbList","@id":"https:\/\/delcetino.eu\/fr\/produit\/huile-dolive-extra-vierge-variete-verdial\/#breadcrumb","itemListElement":[{"@type":"ListItem","position":1,"name":"Del Cetino","item":"https:\/\/delcetino.eu\/fr\/"},{"@type":"ListItem","position":2,"name":"Boutique","item":"https:\/\/delcetino.eu\/fr\/boutique\/"},{"@type":"ListItem","position":3,"name":"Huile d&#8217;Olive Extra Vierge Vari\u00e9t\u00e9 Verdial"}]},{"@type":"WebSite","@id":"https:\/\/delcetino.eu\/en\/#website","url":"https:\/\/delcetino.eu\/en\/","name":"Del Cetino Olijfolie","description":"Authentieke Olijfolie uit Spanje","potentialAction":[{"@type":"SearchAction","target":{"@type":"EntryPoint","urlTemplate":"https:\/\/delcetino.eu\/en\/?s={search_term_string}"},"query-input":"required name=search_term_string"}],"inLanguage":"fr-FR"}]}},"_links":{"self":[{"href":"https:\/\/delcetino.eu\/fr\/wp-json\/wp\/v2\/product\/4264","targetHints":{"allow":["GET"]}}],"collection":[{"href":"https:\/\/delcetino.eu\/fr\/wp-json\/wp\/v2\/product"}],"about":[{"href":"https:\/\/delcetino.eu\/fr\/wp-json\/wp\/v2\/types\/product"}],"replies":[{"embeddable":true,"href":"https:\/\/delcetino.eu\/fr\/wp-json\/wp\/v2\/comments?post=4264"}],"wp:featuredmedia":[{"embeddable":true,"href":"https:\/\/delcetino.eu\/fr\/wp-json\/wp\/v2\/media\/4021"}],"wp:attachment":[{"href":"https:\/\/delcetino.eu\/fr\/wp-json\/wp\/v2\/media?parent=4264"}],"wp:term":[{"taxonomy":"product_cat","embeddable":true,"href":"https:\/\/delcetino.eu\/fr\/wp-json\/wp\/v2\/product_cat?post=4264"},{"taxonomy":"product_tag","embeddable":true,"href":"https:\/\/delcetino.eu\/fr\/wp-json\/wp\/v2\/product_tag?post=4264"}],"curies":[{"name":"wp","href":"https:\/\/api.w.org\/{rel}","templated":true}]}}