{"id":4271,"date":"2023-09-28T09:55:13","date_gmt":"2023-09-28T09:55:13","guid":{"rendered":"https:\/\/delcetino.eu\/product\/extra-vierge-olijfolie-picual-varieteit\/"},"modified":"2023-11-09T11:15:04","modified_gmt":"2023-11-09T11:15:04","slug":"huile-dolive-extra-vierge-variete-picual","status":"publish","type":"product","link":"https:\/\/delcetino.eu\/fr\/produit\/huile-dolive-extra-vierge-variete-picual\/","title":{"rendered":"Huile d&#8217;Olive Extra Vierge Vari\u00e9t\u00e9 Picual"},"content":{"rendered":"<h2><strong>Huile d&#8217;Olive Extra Vierge Vari\u00e9t\u00e9 Picual<\/strong><\/h2>\n<p>Une huile tr\u00e8s accessible avec un saveur fruit\u00e9e et une intense parfum de l\u2019herbe fra\u00eechement coup\u00e9e. Parfaitement, utile pour les pr\u00e9parations froides et chaudes\u00a0!<\/p>\n<p>&nbsp;<\/p>\n<p><strong>Caract\u00e9ristiques<\/strong><\/p>\n<p>L\u2019olive Picual a une taille moyenne et p\u00e8se environ 3,2 gr. Tr\u00e8s typique es sa petite pointe dans la partie inf\u00e9rieure de l\u2019olive, \u2018el pico\u2019.\u00a0 La r\u00e9colte commence \u00e0 la mi-octobre.<\/p>\n<p>L\u2019huile contient une teneur \u00e9lev\u00e9e en acides gras insatur\u00e9s et seulement un tr\u00e8s limit\u00e9e du pourcentage d\u2019acide linol\u00e9ique. L&#8217;huile a un grand corps, le go\u00fbt tr\u00e8s fruit\u00e9 et doux. Ils conviennent pour la friture et pour les salades et le gazpacho.<\/p>\n<p>&nbsp;<\/p>\n<p><strong>Emballage <\/strong><\/p>\n<p>25 cl Verre sombre<\/p>\n<p>50 cl Verre sombre<\/p>\n<p>3L Baginbox<\/p>\n<p>Bo\u00eete de luxe (3x25cl o 1x50cl)<\/p>\n<p>&nbsp;<\/p>\n","protected":false},"excerpt":{"rendered":"<p>Une huile tr\u00e8s accessible avec un saveur fruit\u00e9e et une intense parfum de l\u2019herbe fra\u00eechement coup\u00e9e. Parfaitement, utile pour les pr\u00e9parations froides et chaudes\u00a0!<\/p>\n<p>&nbsp;<\/p>\n<p><strong>Caract\u00e9ristiques<\/strong><\/p>\n<p>L\u2019olive Picual a une taille moyenne et p\u00e8se environ 3,2 gr. Tr\u00e8s typique es sa petite pointe dans la partie inf\u00e9rieure de l\u2019olive, \u2018el pico\u2019.\u00a0 La r\u00e9colte commence \u00e0 la mi-octobre.<\/p>\n<p>L\u2019huile contient une teneur \u00e9lev\u00e9e en acides gras insatur\u00e9s et seulement un tr\u00e8s limit\u00e9e du pourcentage d\u2019acide linol\u00e9ique. L&#8217;huile a un grand corps, le go\u00fbt tr\u00e8s fruit\u00e9 et doux. Ils conviennent pour la friture et pour les salades et le gazpacho.<\/p>\n","protected":false},"featured_media":4015,"comment_status":"closed","ping_status":"closed","template":"","meta":[],"product_cat":[104,117],"product_tag":[],"class_list":{"0":"post-4271","1":"product","2":"type-product","3":"status-publish","4":"has-post-thumbnail","6":"product_cat-huile-d-olive-vierge-extra","7":"product_cat-picual-fr"},"yoast_head":"<!-- This site is optimized with the Yoast SEO plugin v21.7 - https:\/\/yoast.com\/wordpress\/plugins\/seo\/ -->\n<title>Huile d&#039;Olive Extra Vierge Vari\u00e9t\u00e9 Picual - Del Cetino Olijfolie<\/title>\n<meta name=\"robots\" content=\"index, follow, max-snippet:-1, max-image-preview:large, max-video-preview:-1\" \/>\n<link rel=\"canonical\" href=\"https:\/\/delcetino.eu\/fr\/produit\/huile-dolive-extra-vierge-variete-picual\/\" \/>\n<meta property=\"og:locale\" content=\"fr_FR\" \/>\n<meta property=\"og:type\" content=\"article\" \/>\n<meta property=\"og:title\" content=\"Huile d&#039;Olive Extra Vierge Vari\u00e9t\u00e9 Picual - Del Cetino Olijfolie\" \/>\n<meta property=\"og:description\" content=\"Une huile tr\u00e8s accessible avec un saveur fruit\u00e9e et une intense parfum de l\u2019herbe fra\u00eechement coup\u00e9e. Parfaitement, utile pour les pr\u00e9parations froides et chaudes\u00a0!  &nbsp;  Caract\u00e9ristiques  L\u2019olive Picual a une taille moyenne et p\u00e8se environ 3,2 gr. Tr\u00e8s typique es sa petite pointe dans la partie inf\u00e9rieure de l\u2019olive, \u2018el pico\u2019.\u00a0 La r\u00e9colte commence \u00e0 la mi-octobre.  L\u2019huile contient une teneur \u00e9lev\u00e9e en acides gras insatur\u00e9s et seulement un tr\u00e8s limit\u00e9e du pourcentage d\u2019acide linol\u00e9ique. L&#039;huile a un grand corps, le go\u00fbt tr\u00e8s fruit\u00e9 et doux. Ils conviennent pour la friture et pour les salades et le gazpacho.\" \/>\n<meta property=\"og:url\" content=\"https:\/\/delcetino.eu\/fr\/produit\/huile-dolive-extra-vierge-variete-picual\/\" \/>\n<meta property=\"og:site_name\" content=\"Del Cetino Olijfolie\" \/>\n<meta property=\"article:modified_time\" content=\"2023-11-09T11:15:04+00:00\" \/>\n<meta property=\"og:image\" content=\"https:\/\/delcetino.eu\/wp-content\/uploads\/2023\/09\/aceite-oliva-virgen-extra-picual-50cl.jpg\" \/>\n\t<meta property=\"og:image:width\" content=\"1000\" \/>\n\t<meta property=\"og:image:height\" content=\"973\" \/>\n\t<meta property=\"og:image:type\" content=\"image\/jpeg\" \/>\n<meta name=\"twitter:label1\" content=\"Dur\u00e9e de lecture estim\u00e9e\" \/>\n\t<meta name=\"twitter:data1\" content=\"1 minute\" \/>\n<script type=\"application\/ld+json\" class=\"yoast-schema-graph\">{\"@context\":\"https:\/\/schema.org\",\"@graph\":[{\"@type\":\"WebPage\",\"@id\":\"https:\/\/delcetino.eu\/fr\/produit\/huile-dolive-extra-vierge-variete-picual\/\",\"url\":\"https:\/\/delcetino.eu\/fr\/produit\/huile-dolive-extra-vierge-variete-picual\/\",\"name\":\"Huile d'Olive Extra Vierge Vari\u00e9t\u00e9 Picual - Del Cetino Olijfolie\",\"isPartOf\":{\"@id\":\"https:\/\/delcetino.eu\/en\/#website\"},\"datePublished\":\"2023-09-28T09:55:13+00:00\",\"dateModified\":\"2023-11-09T11:15:04+00:00\",\"breadcrumb\":{\"@id\":\"https:\/\/delcetino.eu\/fr\/produit\/huile-dolive-extra-vierge-variete-picual\/#breadcrumb\"},\"inLanguage\":\"fr-FR\",\"potentialAction\":[{\"@type\":\"ReadAction\",\"target\":[\"https:\/\/delcetino.eu\/fr\/produit\/huile-dolive-extra-vierge-variete-picual\/\"]}]},{\"@type\":\"BreadcrumbList\",\"@id\":\"https:\/\/delcetino.eu\/fr\/produit\/huile-dolive-extra-vierge-variete-picual\/#breadcrumb\",\"itemListElement\":[{\"@type\":\"ListItem\",\"position\":1,\"name\":\"Del Cetino\",\"item\":\"https:\/\/delcetino.eu\/fr\/\"},{\"@type\":\"ListItem\",\"position\":2,\"name\":\"Boutique\",\"item\":\"https:\/\/delcetino.eu\/fr\/boutique\/\"},{\"@type\":\"ListItem\",\"position\":3,\"name\":\"Huile d&#8217;Olive Extra Vierge Vari\u00e9t\u00e9 Picual\"}]},{\"@type\":\"WebSite\",\"@id\":\"https:\/\/delcetino.eu\/en\/#website\",\"url\":\"https:\/\/delcetino.eu\/en\/\",\"name\":\"Del Cetino Olijfolie\",\"description\":\"Authentieke Olijfolie uit Spanje\",\"potentialAction\":[{\"@type\":\"SearchAction\",\"target\":{\"@type\":\"EntryPoint\",\"urlTemplate\":\"https:\/\/delcetino.eu\/en\/?s={search_term_string}\"},\"query-input\":\"required name=search_term_string\"}],\"inLanguage\":\"fr-FR\"}]}<\/script>\n<!-- \/ Yoast SEO plugin. -->","yoast_head_json":{"title":"Huile d'Olive Extra Vierge Vari\u00e9t\u00e9 Picual - Del Cetino Olijfolie","robots":{"index":"index","follow":"follow","max-snippet":"max-snippet:-1","max-image-preview":"max-image-preview:large","max-video-preview":"max-video-preview:-1"},"canonical":"https:\/\/delcetino.eu\/fr\/produit\/huile-dolive-extra-vierge-variete-picual\/","og_locale":"fr_FR","og_type":"article","og_title":"Huile d'Olive Extra Vierge Vari\u00e9t\u00e9 Picual - Del Cetino Olijfolie","og_description":"Une huile tr\u00e8s accessible avec un saveur fruit\u00e9e et une intense parfum de l\u2019herbe fra\u00eechement coup\u00e9e. Parfaitement, utile pour les pr\u00e9parations froides et chaudes\u00a0!  &nbsp;  Caract\u00e9ristiques  L\u2019olive Picual a une taille moyenne et p\u00e8se environ 3,2 gr. Tr\u00e8s typique es sa petite pointe dans la partie inf\u00e9rieure de l\u2019olive, \u2018el pico\u2019.\u00a0 La r\u00e9colte commence \u00e0 la mi-octobre.  L\u2019huile contient une teneur \u00e9lev\u00e9e en acides gras insatur\u00e9s et seulement un tr\u00e8s limit\u00e9e du pourcentage d\u2019acide linol\u00e9ique. L'huile a un grand corps, le go\u00fbt tr\u00e8s fruit\u00e9 et doux. Ils conviennent pour la friture et pour les salades et le gazpacho.","og_url":"https:\/\/delcetino.eu\/fr\/produit\/huile-dolive-extra-vierge-variete-picual\/","og_site_name":"Del Cetino Olijfolie","article_modified_time":"2023-11-09T11:15:04+00:00","og_image":[{"width":1000,"height":973,"url":"https:\/\/delcetino.eu\/wp-content\/uploads\/2023\/09\/aceite-oliva-virgen-extra-picual-50cl.jpg","type":"image\/jpeg"}],"twitter_misc":{"Dur\u00e9e de lecture estim\u00e9e":"1 minute"},"schema":{"@context":"https:\/\/schema.org","@graph":[{"@type":"WebPage","@id":"https:\/\/delcetino.eu\/fr\/produit\/huile-dolive-extra-vierge-variete-picual\/","url":"https:\/\/delcetino.eu\/fr\/produit\/huile-dolive-extra-vierge-variete-picual\/","name":"Huile d'Olive Extra Vierge Vari\u00e9t\u00e9 Picual - Del Cetino Olijfolie","isPartOf":{"@id":"https:\/\/delcetino.eu\/en\/#website"},"datePublished":"2023-09-28T09:55:13+00:00","dateModified":"2023-11-09T11:15:04+00:00","breadcrumb":{"@id":"https:\/\/delcetino.eu\/fr\/produit\/huile-dolive-extra-vierge-variete-picual\/#breadcrumb"},"inLanguage":"fr-FR","potentialAction":[{"@type":"ReadAction","target":["https:\/\/delcetino.eu\/fr\/produit\/huile-dolive-extra-vierge-variete-picual\/"]}]},{"@type":"BreadcrumbList","@id":"https:\/\/delcetino.eu\/fr\/produit\/huile-dolive-extra-vierge-variete-picual\/#breadcrumb","itemListElement":[{"@type":"ListItem","position":1,"name":"Del Cetino","item":"https:\/\/delcetino.eu\/fr\/"},{"@type":"ListItem","position":2,"name":"Boutique","item":"https:\/\/delcetino.eu\/fr\/boutique\/"},{"@type":"ListItem","position":3,"name":"Huile d&#8217;Olive Extra Vierge Vari\u00e9t\u00e9 Picual"}]},{"@type":"WebSite","@id":"https:\/\/delcetino.eu\/en\/#website","url":"https:\/\/delcetino.eu\/en\/","name":"Del Cetino Olijfolie","description":"Authentieke Olijfolie uit Spanje","potentialAction":[{"@type":"SearchAction","target":{"@type":"EntryPoint","urlTemplate":"https:\/\/delcetino.eu\/en\/?s={search_term_string}"},"query-input":"required name=search_term_string"}],"inLanguage":"fr-FR"}]}},"_links":{"self":[{"href":"https:\/\/delcetino.eu\/fr\/wp-json\/wp\/v2\/product\/4271","targetHints":{"allow":["GET"]}}],"collection":[{"href":"https:\/\/delcetino.eu\/fr\/wp-json\/wp\/v2\/product"}],"about":[{"href":"https:\/\/delcetino.eu\/fr\/wp-json\/wp\/v2\/types\/product"}],"replies":[{"embeddable":true,"href":"https:\/\/delcetino.eu\/fr\/wp-json\/wp\/v2\/comments?post=4271"}],"wp:featuredmedia":[{"embeddable":true,"href":"https:\/\/delcetino.eu\/fr\/wp-json\/wp\/v2\/media\/4015"}],"wp:attachment":[{"href":"https:\/\/delcetino.eu\/fr\/wp-json\/wp\/v2\/media?parent=4271"}],"wp:term":[{"taxonomy":"product_cat","embeddable":true,"href":"https:\/\/delcetino.eu\/fr\/wp-json\/wp\/v2\/product_cat?post=4271"},{"taxonomy":"product_tag","embeddable":true,"href":"https:\/\/delcetino.eu\/fr\/wp-json\/wp\/v2\/product_tag?post=4271"}],"curies":[{"name":"wp","href":"https:\/\/api.w.org\/{rel}","templated":true}]}}